{"id":269,"date":"2025-07-08T21:32:48","date_gmt":"2025-07-08T21:32:48","guid":{"rendered":"https:\/\/aua-edu.com\/?page_id=269"},"modified":"2025-09-07T08:43:02","modified_gmt":"2025-09-07T08:43:02","slug":"college-of-engineering","status":"publish","type":"page","link":"https:\/\/aua-edu.com\/fr\/facalties\/college-of-engineering\/","title":{"rendered":"Coll\u00e8ge d&#039;ing\u00e9nierie"},"content":{"rendered":"<p><img fetchpriority=\"high\" decoding=\"async\" class=\"wp-image-786 aligncenter\" src=\"https:\/\/aua-edu.com\/wp-content\/uploads\/2025\/07\/43333333-300x167.jpg\" alt=\"\" width=\"356\" height=\"198\" srcset=\"https:\/\/aua-edu.com\/wp-content\/uploads\/2025\/07\/43333333-300x167.jpg 300w, https:\/\/aua-edu.com\/wp-content\/uploads\/2025\/07\/43333333-768x428.jpg 768w, https:\/\/aua-edu.com\/wp-content\/uploads\/2025\/07\/43333333-18x10.jpg 18w, https:\/\/aua-edu.com\/wp-content\/uploads\/2025\/07\/43333333.jpg 940w\" sizes=\"(max-width: 356px) 100vw, 356px\" \/><\/p>\n<div class=\"WaaZC\">\n<div class=\"RJPOee EIJn2\">\n<div class=\"rPeykc\" data-hveid=\"CAMQAQ\" data-ved=\"2ahUKEwjb-NDZrtmOAxXaVfEDHdchL6gQo_EKegQIAxAB\">\n<p><span style=\"font-family: arial, helvetica, sans-serif; color: #000000; font-size: 14pt;\"><strong>Le Coll\u00e8ge d\u2019Ing\u00e9nierie contribue au d\u00e9veloppement communautaire en formant des ing\u00e9nieurs capables de relever des d\u00e9fis techniques et sociaux et d\u2019apporter des solutions innovantes \u00e0 divers probl\u00e8mes.<\/strong><\/span><\/p>\n<\/div>\n<\/div>\n<\/div>\n<div class=\"WaaZC\">\n<div class=\"RJPOee EIJn2\">\n<div class=\"rPeykc pyPiTc\" data-hveid=\"CAgQAQ\" data-ved=\"2ahUKEwjb-NDZrtmOAxXaVfEDHdchL6gQo_EKegQICBAB\"><span style=\"font-family: arial, helvetica, sans-serif; color: #000000; font-size: 14pt;\"><strong><span style=\"color: #ff0000;\">Objectifs du Coll\u00e8ge :<\/span> <\/strong><\/span><\/div>\n<\/div>\n<\/div>\n<div class=\"WaaZC\">\n<div class=\"RJPOee EIJn2\">\n<div class=\"zMgcWd dSKvsb\" data-il=\"\">\n<div data-crb-p=\"\">\n<div class=\"xFTqob\">\n<div class=\"Gur8Ad\"><span style=\"font-family: arial, helvetica, sans-serif; color: #000000; font-size: 14pt;\"><strong><span style=\"color: #0000ff;\">Qualification d&#039;ing\u00e9nieurs distingu\u00e9s :<\/span> <\/strong><\/span><\/div>\n<div class=\"vM0jzc\"><span style=\"font-family: arial, helvetica, sans-serif; color: #000000; font-size: 14pt;\"><strong>Le coll\u00e8ge vise \u00e0 pr\u00e9parer des dipl\u00f4m\u00e9s hautement qualifi\u00e9s dans divers domaines d&#039;ing\u00e9nierie, capables de rivaliser sur le march\u00e9 du travail local, r\u00e9gional et international.<\/strong><\/span><\/div>\n<\/div>\n<\/div>\n<\/div>\n<div class=\"zMgcWd dSKvsb\" data-il=\"\">\n<div data-crb-p=\"\">\n<div class=\"xFTqob\">\n<div class=\"Gur8Ad\"><span style=\"font-family: arial, helvetica, sans-serif; color: #000000; font-size: 14pt;\"><strong><span style=\"color: #0000ff;\">D\u00e9veloppement de la recherche scientifique :<\/span> <\/strong><\/span><\/div>\n<div class=\"vM0jzc\"><span style=\"font-family: arial, helvetica, sans-serif; color: #000000; font-size: 14pt;\"><strong>Le coll\u00e8ge cherche \u00e0 encourager la recherche scientifique et le d\u00e9veloppement technique en offrant un environnement appropri\u00e9 aux \u00e9tudiants et aux professeurs pour mener des recherches et des \u00e9tudes.<\/strong><\/span><\/div>\n<\/div>\n<\/div>\n<\/div>\n<div class=\"zMgcWd dSKvsb\" data-il=\"\">\n<div data-crb-p=\"\">\n<div class=\"xFTqob\">\n<div class=\"Gur8Ad\"><span style=\"font-family: arial, helvetica, sans-serif; color: #000000; font-size: 14pt;\"><strong><span style=\"color: #0000ff;\">Service communautaire :<\/span> <\/strong><\/span><\/div>\n<div class=\"vM0jzc\"><span style=\"font-family: arial, helvetica, sans-serif; color: #000000; font-size: 14pt;\"><strong>Le coll\u00e8ge contribue \u00e0 servir la communaut\u00e9 en fournissant des consultations en ing\u00e9nierie, en participant \u00e0 des projets de d\u00e9veloppement et en proposant des solutions aux probl\u00e8mes de la communaut\u00e9.<\/strong><\/span><\/div>\n<\/div>\n<\/div>\n<\/div>\n<div class=\"zMgcWd dSKvsb\" data-il=\"\">\n<div data-crb-p=\"\">\n<div class=\"xFTqob\">\n<div class=\"Gur8Ad\"><span style=\"font-family: arial, helvetica, sans-serif; color: #0000ff; font-size: 14pt;\"><strong>D\u00e9veloppement des comp\u00e9tences :<\/strong><\/span><\/div>\n<div class=\"Gur8Ad\"><span style=\"font-family: arial, helvetica, sans-serif; color: #000000; font-size: 14pt;\"><strong>Le coll\u00e8ge vise \u00e0 d\u00e9velopper les comp\u00e9tences techniques, cr\u00e9atives et d&#039;ing\u00e9nierie des \u00e9tudiants, en plus des comp\u00e9tences personnelles et de leadership.\u00a0<\/strong><\/span><\/div>\n<\/div>\n<\/div>\n<\/div>\n<\/div>\n<\/div>\n<div class=\"WaaZC\">\n<div class=\"RJPOee EIJn2\">\n<div class=\"rPeykc pyPiTc\" data-hveid=\"CBwQAQ\" data-ved=\"2ahUKEwjb-NDZrtmOAxXaVfEDHdchL6gQo_EKegQIHBAB\"><span style=\"font-family: arial, helvetica, sans-serif; color: #ff0000; font-size: 14pt;\"><strong>L&#039;importance de la Facult\u00e9 d&#039;ing\u00e9nierie : <\/strong><\/span><\/div>\n<\/div>\n<\/div>\n<div class=\"WaaZC\">\n<div class=\"RJPOee EIJn2\">\n<div class=\"zMgcWd dSKvsb\" data-il=\"\">\n<div data-crb-p=\"\">\n<div class=\"xFTqob\">\n<div class=\"Gur8Ad\"><span style=\"font-family: arial, helvetica, sans-serif; color: #0000ff; font-size: 14pt;\"><strong>R\u00e9pondre aux besoins du march\u00e9 du travail : <\/strong><\/span><\/div>\n<div class=\"vM0jzc\"><span style=\"font-family: arial, helvetica, sans-serif; color: #000000; font-size: 14pt;\"><strong>Les \u00e9coles d\u2019ing\u00e9nieurs jouent un r\u00f4le essentiel pour r\u00e9pondre aux besoins du march\u00e9 du travail en ing\u00e9nieurs dans diverses disciplines.<span class=\"pjBG2e\" data-cid=\"17d7dce9-5506-4a05-8077-96ac0f63cd3a\"><span class=\"UV3uM\">\u00a0<\/span><\/span><\/strong><\/span><\/div>\n<\/div>\n<\/div>\n<\/div>\n<\/div>\n<\/div>\n<div class=\"zMgcWd dSKvsb\" data-il=\"\">\n<div data-crb-p=\"\">\n<div class=\"xFTqob\">\n<div class=\"Gur8Ad\"><span style=\"font-family: arial, helvetica, sans-serif; color: #000000; font-size: 14pt;\"><strong><span style=\"color: #0000ff;\">Piloter le d\u00e9veloppement :<\/span> <\/strong><\/span><\/div>\n<div class=\"vM0jzc\"><span style=\"font-family: arial, helvetica, sans-serif; color: #000000; font-size: 14pt;\"><strong>Les ing\u00e9nieurs contribuent au d\u00e9veloppement durable en concevant, en construisant et en exploitant divers projets d\u2019ing\u00e9nierie.<span class=\"pjBG2e\" data-cid=\"cb34864a-2242-429e-8c25-54de4ba47bb2\"><span class=\"UV3uM\">\u00a0<\/span><\/span><\/strong><\/span><\/div>\n<\/div>\n<\/div>\n<\/div>\n<div class=\"zMgcWd dSKvsb\" data-il=\"\">\n<div data-crb-p=\"\">\n<div class=\"xFTqob\">\n<div class=\"Gur8Ad\"><span style=\"font-family: arial, helvetica, sans-serif; color: #0000ff; font-size: 14pt;\"><strong>Am\u00e9liorer la qualit\u00e9 de vie :<\/strong><\/span><\/div>\n<div class=\"Gur8Ad\"><span style=\"font-family: arial, helvetica, sans-serif; color: #000000; font-size: 14pt;\"><strong>Les ing\u00e9nieurs contribuent \u00e0 am\u00e9liorer la qualit\u00e9 de vie en d\u00e9veloppant des technologies et des solutions qui r\u00e9pondent aux besoins de la soci\u00e9t\u00e9 avec une expertise exceptionnelle.<\/strong><\/span><\/div>\n<div class=\"vM0jzc\">\n<div class=\"BMebGe btku5b fCrZyc LwdV0e FR7ZSc qVhvac OJeuxf\" tabindex=\"0\" role=\"button\" aria-label=\"Afficher les liens associ\u00e9s\" data-hveid=\"CCUQAQ\" data-ved=\"2ahUKEwjb-NDZrtmOAxXaVfEDHdchL6gQ3fYKegQIJRAB\">\n<div class=\"niO4u\">\n<div class=\"kHtcsd\"><span style=\"font-family: arial, helvetica, sans-serif; color: #0000ff; font-size: 14pt;\"><strong>Innovation et cr\u00e9ativit\u00e9 :<\/strong><\/span><\/div>\n<div class=\"kHtcsd\"><span style=\"font-family: arial, helvetica, sans-serif; color: #000000; font-size: 14pt;\"><strong>Les \u00e9coles d\u2019ing\u00e9nieurs contribuent \u00e0 promouvoir l\u2019innovation et la cr\u00e9ativit\u00e9 en encourageant les \u00e9tudiants \u00e0 d\u00e9velopper des solutions nouvelles et innovantes.<span class=\"pjBG2e\" data-cid=\"3ffc3898-10f4-407c-908c-a2da28908785\"><span class=\"UV3uM\">\u00a0<\/span><\/span><\/strong><\/span><\/div>\n<\/div>\n<\/div>\n<\/div>\n<\/div>\n<\/div>\n<\/div>\n<div class=\"WaaZC\">\n<div class=\"RJPOee EIJn2\">\n<div class=\"rPeykc pyPiTc\" data-hveid=\"CDQQAQ\" data-ved=\"2ahUKEwjb-NDZrtmOAxXaVfEDHdchL6gQo_EKegQINBAB\"><span style=\"font-family: arial, helvetica, sans-serif; color: #ff0000; font-size: 14pt;\"><strong>Sp\u00e9cialisations en ing\u00e9nierie :<\/strong><\/span><\/div>\n<div class=\"rPeykc pyPiTc\" data-hveid=\"CDQQAQ\" data-ved=\"2ahUKEwjb-NDZrtmOAxXaVfEDHdchL6gQo_EKegQINBAB\"><span style=\"font-family: arial, helvetica, sans-serif; color: #0000ff; font-size: 14pt;\"><strong><span role=\"heading\" aria-level=\"2\">Les sp\u00e9cialisations en ing\u00e9nierie comprennent de nombreuses branches, notamment :<\/span><span class=\"pjBG2e\" data-cid=\"432975ce-5090-426b-b486-168b7dd91f2a\"><span class=\"UV3uM\">\u00a0<\/span><\/span><\/strong><\/span><\/div>\n<\/div>\n<\/div>\n<div class=\"WaaZC\">\n<div class=\"RJPOee EIJn2\">\n<p><span style=\"font-family: arial, helvetica, sans-serif; color: #000000; font-size: 14pt;\"><strong><span style=\"color: #0000ff;\">G\u00e9nie civil:<\/span><\/strong><\/span><\/p>\n<p><span style=\"font-family: arial, helvetica, sans-serif; color: #000000; font-size: 14pt;\"><strong><span style=\"color: #000000;\">Il s\u2019occupe de la conception, de la construction et de l\u2019exploitation des structures civiles telles que les routes, les ponts et les b\u00e2timents.<\/span> <\/strong><\/span><\/p>\n<p><span style=\"font-family: arial, helvetica, sans-serif; color: #000000; font-size: 14pt;\"><strong><span style=\"color: #0000ff;\">g\u00e9nie m\u00e9canique :<\/span> <\/strong><\/span><\/p>\n<p><span style=\"font-family: arial, helvetica, sans-serif; color: #000000; font-size: 14pt;\"><strong><span style=\"color: #000000;\">Il s&#039;occupe de la conception, de la fabrication et de l&#039;exploitation des machines et des \u00e9quipements.<\/span> <\/strong><\/span><\/p>\n<p><span style=\"font-family: arial, helvetica, sans-serif; color: #000000; font-size: 14pt;\"><strong><span style=\"color: #0000ff;\">G\u00e9nie \u00e9lectrique :<\/span> <\/strong><\/span><\/p>\n<p><span style=\"font-family: arial, helvetica, sans-serif; color: #000000; font-size: 14pt;\"><strong>Il s&#039;int\u00e9resse \u00e0 la conception et au fonctionnement des syst\u00e8mes et dispositifs \u00e9lectriques et \u00e9lectroniques. <\/strong><\/span><\/p>\n<p><span style=\"font-family: arial, helvetica, sans-serif; color: #000000; font-size: 14pt;\"><strong><span style=\"color: #0000ff;\">Ing\u00e9nierie informatique :<\/span> <\/strong><\/span><\/p>\n<p><span style=\"font-family: arial, helvetica, sans-serif; color: #000000; font-size: 14pt;\"><strong>Int\u00e9ress\u00e9 par la conception et le d\u00e9veloppement de mat\u00e9riel et de logiciels informatiques. <\/strong><\/span><\/p>\n<p><span style=\"font-family: arial, helvetica, sans-serif; color: #000000; font-size: 14pt;\"><strong><span style=\"color: #0000ff;\">G\u00e9nie chimique :<\/span> <\/strong><\/span><\/p>\n<p><span style=\"font-family: arial, helvetica, sans-serif; color: #000000; font-size: 14pt;\"><strong><span style=\"color: #000000;\">Il s\u2019int\u00e9resse \u00e0 la conception et au fonctionnement des proc\u00e9d\u00e9s chimiques.<\/span> <\/strong><\/span><\/p>\n<p><span style=\"font-family: arial, helvetica, sans-serif; color: #000000; font-size: 14pt;\"><strong><span style=\"color: #0000ff;\">Architecture:<\/span> <\/strong><\/span><\/p>\n<p><span style=\"font-family: arial, helvetica, sans-serif; color: #000000; font-size: 14pt;\"><strong><span style=\"color: #000000;\">Il s\u2019occupe de la conception et de la coordination des b\u00e2timents et des installations.<\/span> <\/strong><\/span><\/p>\n<p><span style=\"font-family: arial, helvetica, sans-serif; color: #000000; font-size: 14pt;\"><strong><span style=\"color: #0000ff;\">Ing\u00e9nierie biom\u00e9dicale :<\/span> <\/strong><\/span><\/p>\n<p><span style=\"font-family: arial, helvetica, sans-serif; color: #000000; font-size: 14pt;\"><strong>Int\u00e9ress\u00e9 par la conception et le d\u00e9veloppement de dispositifs et d&#039;\u00e9quipements m\u00e9dicaux.<\/strong><\/span><\/p>\n<\/div>\n<\/div>","protected":false},"excerpt":{"rendered":"<p>\u062a\u0633\u0627\u0647\u0645 \u0643\u0644\u064a\u0629 \u0627\u0644\u0647\u0646\u062f\u0633\u0629 \u0641\u0649 \u062a\u0637\u0648\u064a\u0631 \u0627\u0644\u0645\u062c\u062a\u0645\u0639 \u0645\u0646 \u062e\u0644\u0627\u0644 \u062a\u062e\u0631\u064a\u062c \u0645\u0647\u0646\u062f\u0633\u064a\u0646 \u0642\u0627\u062f\u0631\u064a\u0646 \u0639\u0644\u0649 \u0645\u0648\u0627\u062c\u0647\u0629 \u0627\u0644\u062a\u062d\u062f\u064a\u0627\u062a \u0627\u0644\u062a\u0642\u0646\u064a\u0629 \u0648\u0627\u0644\u0627\u062c\u062a\u0645\u0627\u0639\u064a\u0629\u060c \u0648\u062a\u0642\u062f\u064a\u0645 \u062d\u0644\u0648\u0644 \u0645\u0628\u062a\u0643\u0631\u0629 \u0644\u0645\u062e\u062a\u0644\u0641 \u0627\u0644\u0645\u0634\u0627\u0643\u0644 . \u0623\u0647\u062f\u0627\u0641 \u0627\u0644\u0643\u0644\u064a\u0629 : \u062a\u0623\u0647\u064a\u0644 \u0645\u0647\u0646\u062f\u0633\u064a\u0646 \u0645\u062a\u0645\u064a\u0632\u064a\u0646 : \u062a\u0647\u062f\u0641 \u0627\u0644\u0643\u0644\u064a\u0629 \u0625\u0644\u0649 \u0625\u0639\u062f\u0627\u062f \u062e\u0631\u064a\u062c\u064a\u0646 \u0630\u0648\u064a \u0643\u0641\u0627\u0621\u0629 \u0639\u0627\u0644\u064a\u0629 \u0641\u064a \u0645\u062c\u0627\u0644\u0627\u062a \u0627\u0644\u0647\u0646\u062f\u0633\u0629 \u0627\u0644\u0645\u062e\u062a\u0644\u0641\u0629\u060c \u0642\u0627\u062f\u0631\u064a\u0646 \u0639\u0644\u0649 \u0627\u0644\u0645\u0646\u0627\u0641\u0633\u0629 \u0641\u064a \u0633\u0648\u0642 \u0627\u0644\u0639\u0645\u0644 \u0627\u0644\u0645\u062d\u0644\u064a \u0648\u0627\u0644\u0625\u0642\u0644\u064a\u0645\u064a \u0648\u0627\u0644\u062f\u0648\u0644\u064a . \u062a\u0646\u0645\u064a\u0629 \u0627\u0644\u0628\u062d\u062b \u0627\u0644\u0639\u0644\u0645\u0649 : [&hellip;]<\/p>","protected":false},"author":1,"featured_media":0,"parent":70,"menu_order":0,"comment_status":"closed","ping_status":"closed","template":"","meta":{"_acf_changed":false,"footnotes":""},"class_list":["post-269","page","type-page","status-publish","hentry"],"acf":[],"_links":{"self":[{"href":"https:\/\/aua-edu.com\/fr\/wp-json\/wp\/v2\/pages\/269","targetHints":{"allow":["GET"]}}],"collection":[{"href":"https:\/\/aua-edu.com\/fr\/wp-json\/wp\/v2\/pages"}],"about":[{"href":"https:\/\/aua-edu.com\/fr\/wp-json\/wp\/v2\/types\/page"}],"author":[{"embeddable":true,"href":"https:\/\/aua-edu.com\/fr\/wp-json\/wp\/v2\/users\/1"}],"replies":[{"embeddable":true,"href":"https:\/\/aua-edu.com\/fr\/wp-json\/wp\/v2\/comments?post=269"}],"version-history":[{"count":9,"href":"https:\/\/aua-edu.com\/fr\/wp-json\/wp\/v2\/pages\/269\/revisions"}],"predecessor-version":[{"id":1947,"href":"https:\/\/aua-edu.com\/fr\/wp-json\/wp\/v2\/pages\/269\/revisions\/1947"}],"up":[{"embeddable":true,"href":"https:\/\/aua-edu.com\/fr\/wp-json\/wp\/v2\/pages\/70"}],"wp:attachment":[{"href":"https:\/\/aua-edu.com\/fr\/wp-json\/wp\/v2\/media?parent=269"}],"curies":[{"name":"wp","href":"https:\/\/api.w.org\/{rel}","templated":true}]}}