{"id":562,"date":"2025-07-15T14:47:42","date_gmt":"2025-07-15T14:47:42","guid":{"rendered":"https:\/\/aua-edu.com\/?page_id=562"},"modified":"2025-09-07T08:45:09","modified_gmt":"2025-09-07T08:45:09","slug":"%d9%83%d9%84%d9%8a%d8%a9-%d8%a7%d9%84%d9%84%d8%ba%d8%a7%d8%aa-%d9%88%d8%a7%d9%84%d8%aa%d8%b1%d8%ac%d9%85%d8%a9","status":"publish","type":"page","link":"https:\/\/aua-edu.com\/fr\/facalties\/%d9%83%d9%84%d9%8a%d8%a9-%d8%a7%d9%84%d9%84%d8%ba%d8%a7%d8%aa-%d9%88%d8%a7%d9%84%d8%aa%d8%b1%d8%ac%d9%85%d8%a9\/","title":{"rendered":"Facult\u00e9 des langues et de traduction"},"content":{"rendered":"<h3><span style=\"font-family: arial black, sans-serif;\"><strong><img decoding=\"async\" class=\"wp-image-799 aligncenter\" src=\"https:\/\/aua-edu.com\/wp-content\/uploads\/2025\/07\/images.jpg\" alt=\"\" width=\"253\" height=\"156\" srcset=\"https:\/\/aua-edu.com\/wp-content\/uploads\/2025\/07\/images.jpg 228w, https:\/\/aua-edu.com\/wp-content\/uploads\/2025\/07\/images-18x12.jpg 18w\" sizes=\"(max-width: 253px) 100vw, 253px\" \/><\/strong><\/span><\/h3>\n<h3><span style=\"font-size: 14pt;\"><span style=\"font-family: arial, helvetica, sans-serif; color: #ff0000;\"><strong><span style=\"color: #000000;\">La Facult\u00e9 des Langues et de Traduction est une facult\u00e9 sp\u00e9cialis\u00e9e dans l&#039;\u00e9tude des langues et litt\u00e9ratures \u00e9trang\u00e8res.<\/span> <\/strong><\/span><span style=\"font-family: arial, helvetica, sans-serif; color: #000000;\"><strong>Et la traduction entre ces langues et d&#039;autres langues<\/strong><\/span><\/span><\/h3>\n<h3><span style=\"font-family: arial, helvetica, sans-serif; font-size: 14pt; color: #000000;\"><strong>Le coll\u00e8ge a pour objectif de former les \u00e9tudiants \u00e0 devenir des traducteurs professionnels dans divers domaines, en plus de les pr\u00e9parer \u00e0 travailler dans d&#039;autres domaines qui n\u00e9cessitent la ma\u00eetrise de langues \u00e9trang\u00e8res.<\/strong><\/span><\/h3>\n<div class=\"RJPOee EIJn2\">\n<div class=\"rPeykc pyPiTc\" data-hveid=\"CAkQAQ\" data-ved=\"2ahUKEwjK_obe0eCOAxVOgf0HHfetI8kQo_EKegQICRAB\"><span style=\"font-family: arial, helvetica, sans-serif; font-size: 14pt;\"><strong><span style=\"color: #0000ff;\">D\u00e9partements de la Facult\u00e9 des Langues et de Traduction :<\/span> <\/strong><\/span><\/div>\n<\/div>\n<div class=\"RJPOee EIJn2\">\n<div class=\"rPeykc uP58nb\" data-hveid=\"CA0QAQ\" data-ved=\"2ahUKEwjK_obe0eCOAxVOgf0HHfetI8kQo_EKegQIDRAB\">\n<p><span style=\"font-family: arial, helvetica, sans-serif; font-size: 14pt; color: #000000;\"><strong><span role=\"heading\" aria-level=\"2\">Les \u00e9coles sup\u00e9rieures de langues et de traduction comprennent g\u00e9n\u00e9ralement des d\u00e9partements sp\u00e9cialis\u00e9s dans diverses langues, tels que :<\/span><span class=\"pjBG2e\" data-cid=\"b970988d-27be-4a1f-b49f-7f851bb96858\"><span class=\"UV3uM\">\u00a0<\/span><\/span><\/strong><\/span><\/p>\n<\/div>\n<\/div>\n<div class=\"RJPOee EIJn2\">\n<p><span style=\"font-family: arial, helvetica, sans-serif; font-size: 14pt; color: #000000;\"><strong>langue et litt\u00e9rature anglaises <\/strong><\/span><\/p>\n<p><span style=\"font-family: arial, helvetica, sans-serif; font-size: 14pt; color: #000000;\"><strong>Langue et litt\u00e9rature fran\u00e7aises. <\/strong><\/span><\/p>\n<p><span style=\"font-family: arial, helvetica, sans-serif; font-size: 14pt; color: #000000;\"><strong>Langue et litt\u00e9rature allemandes. <\/strong><\/span><\/p>\n<p><span style=\"font-family: arial, helvetica, sans-serif; font-size: 14pt; color: #000000;\"><strong>Langue et litt\u00e9rature espagnoles. <\/strong><\/span><\/p>\n<p><span style=\"font-family: arial, helvetica, sans-serif; font-size: 14pt; color: #000000;\"><strong>Langue et litt\u00e9rature h\u00e9bra\u00efques. <\/strong><\/span><\/p>\n<p><span style=\"font-family: arial, helvetica, sans-serif; font-size: 14pt; color: #000000;\"><strong>Langue et litt\u00e9rature persanes. <\/strong><\/span><\/p>\n<p><span style=\"font-family: arial, helvetica, sans-serif; font-size: 14pt; color: #000000;\"><strong>Langue et litt\u00e9rature turques. <\/strong><\/span><\/p>\n<p><span style=\"font-family: arial, helvetica, sans-serif; font-size: 14pt;\"><strong><span style=\"color: #000000;\">Langues et litt\u00e9ratures africaines.<\/span> <\/strong><\/span><\/p>\n<\/div>\n<div class=\"RJPOee EIJn2\">\n<div class=\"rPeykc pyPiTc\" data-hveid=\"CC4QAQ\" data-ved=\"2ahUKEwjK_obe0eCOAxVOgf0HHfetI8kQo_EKegQILhAB\"><span style=\"font-family: arial, helvetica, sans-serif; font-size: 14pt;\"><strong><span style=\"color: #0000ff;\">Domaines de travail des dipl\u00f4m\u00e9s de la Facult\u00e9 de Langues et de Traduction :<\/span> <\/strong><\/span><\/div>\n<\/div>\n<div class=\"RJPOee EIJn2\">\n<div class=\"rPeykc uP58nb\" data-hveid=\"CDIQAQ\" data-ved=\"2ahUKEwjK_obe0eCOAxVOgf0HHfetI8kQo_EKegQIMhAB\"><span style=\"font-family: arial, helvetica, sans-serif; font-size: 14pt; color: #000000;\"><strong><span role=\"heading\" aria-level=\"2\">Les dipl\u00f4m\u00e9s des facult\u00e9s de langues et de traduction peuvent travailler dans divers domaines, notamment :<\/span><span class=\"pjBG2e\" data-cid=\"362cd76e-c330-45d1-9f7d-b3512a6f055c\"><span class=\"UV3uM\">\u00a0<\/span><\/span><\/strong><\/span><\/div>\n<\/div>\n<div class=\"RJPOee EIJn2\">\n<div class=\"zMgcWd dSKvsb\" data-il=\"\">\n<div data-crb-p=\"\">\n<div class=\"xFTqob\">\n<div class=\"Gur8Ad\"><span style=\"font-family: arial, helvetica, sans-serif; font-size: 14pt; color: #000000;\"><strong>Traduction \u00e9crite et simultan\u00e9e : <\/strong><\/span><\/div>\n<div class=\"vM0jzc\"><span style=\"font-family: arial, helvetica, sans-serif; font-size: 14pt;\"><strong><span style=\"color: #000000;\">Dans divers domaines, tels que la diplomatie, les m\u00e9dias, le droit, le commerce, le tourisme, etc.<\/span> <\/strong><\/span><\/div>\n<\/div>\n<\/div>\n<\/div>\n<div class=\"zMgcWd dSKvsb\" data-il=\"\">\n<div data-crb-p=\"\">\n<div class=\"xFTqob\">\n<div class=\"Gur8Ad\"><span style=\"font-family: arial, helvetica, sans-serif; font-size: 14pt;\"><strong><span style=\"color: #0000ff;\">\u00e9ducation :<\/span> <\/strong><\/span><\/div>\n<div class=\"vM0jzc\"><span style=\"font-family: arial, helvetica, sans-serif; font-size: 14pt; color: #000000;\"><strong>Enseignement des langues \u00e9trang\u00e8res dans les \u00e9coles et les universit\u00e9s. <\/strong><\/span><\/div>\n<\/div>\n<\/div>\n<\/div>\n<div class=\"zMgcWd dSKvsb\" data-il=\"\">\n<div data-crb-p=\"\">\n<div class=\"xFTqob\">\n<div class=\"Gur8Ad\"><span style=\"font-family: arial, helvetica, sans-serif; font-size: 14pt; color: #000000;\"><strong>Travailler dans des organismes et organisations internationaux : <\/strong><\/span><\/div>\n<div class=\"vM0jzc\"><span style=\"font-family: arial, helvetica, sans-serif; font-size: 14pt; color: #000000;\"><strong>Bon nombre de ces agences ont besoin d\u2019employ\u00e9s ma\u00eetrisant plusieurs langues \u00e9trang\u00e8res. <\/strong><\/span><\/div>\n<\/div>\n<\/div>\n<\/div>\n<div class=\"zMgcWd dSKvsb\" data-il=\"\">\n<div data-crb-p=\"\">\n<div class=\"xFTqob\">\n<div class=\"Gur8Ad\"><span style=\"font-family: arial, helvetica, sans-serif; font-size: 14pt; color: #000000;\"><strong>Travailler dans le domaine des m\u00e9dias : <\/strong><\/span><\/div>\n<div class=\"vM0jzc\"><span style=\"font-family: arial, helvetica, sans-serif; font-size: 14pt; color: #000000;\"><strong>En tant que journalistes, diffuseurs et r\u00e9dacteurs dans divers m\u00e9dias. <\/strong><\/span><\/div>\n<\/div>\n<\/div>\n<\/div>\n<div class=\"zMgcWd dSKvsb\" data-il=\"\">\n<div data-crb-p=\"\">\n<div class=\"xFTqob\">\n<div class=\"Gur8Ad\"><span style=\"font-family: arial, helvetica, sans-serif; font-size: 14pt; color: #000000;\"><strong>Travailler dans le domaine du tourisme : <\/strong><\/span><\/div>\n<div class=\"vM0jzc\"><span style=\"font-family: arial, helvetica, sans-serif; font-size: 14pt; color: #000000;\"><strong>En tant que guides touristiques, personnel des relations publiques dans les h\u00f4tels et les entreprises touristiques. <\/strong><\/span><\/div>\n<\/div>\n<\/div>\n<\/div>\n<div class=\"zMgcWd dSKvsb\" data-il=\"\">\n<div data-crb-p=\"\">\n<div class=\"xFTqob\">\n<div class=\"Gur8Ad\"><span style=\"font-family: arial, helvetica, sans-serif; font-size: 14pt; color: #000000;\"><strong>Travailler dans le domaine du commerce : <\/strong><\/span><\/div>\n<div class=\"vM0jzc\"><span style=\"font-family: arial, helvetica, sans-serif; font-size: 14pt;\"><strong><span style=\"color: #000000;\">En tant que fonctionnaires responsables des relations commerciales avec les entreprises \u00e9trang\u00e8res.<\/span> <\/strong><\/span><\/div>\n<\/div>\n<\/div>\n<\/div>\n<\/div>\n<div class=\"RJPOee EIJn2\"><\/div>\n<div class=\"RJPOee EIJn2\"><\/div>\n<div class=\"WaaZC\"><\/div>","protected":false},"excerpt":{"rendered":"<p>La Facult\u00e9 des langues et de la traduction est une facult\u00e9 sp\u00e9cialis\u00e9e dans l&#039;\u00e9tude des langues \u00e9trang\u00e8res et de leurs litt\u00e9ratures, ainsi que dans la traduction entre ces langues et d&#039;autres. Elle vise \u00e0 former des traducteurs professionnels dans divers domaines et \u00e0 les pr\u00e9parer \u00e0 des emplois dans d&#039;autres secteurs exigeant la ma\u00eetrise des langues \u00e9trang\u00e8res. Les d\u00e9partements de la Facult\u00e9 des langues et de la traduction comprennent g\u00e9n\u00e9ralement des d\u00e9partements sp\u00e9cialis\u00e9s dans diff\u00e9rentes langues, [\u2026]<\/p>","protected":false},"author":1,"featured_media":0,"parent":70,"menu_order":0,"comment_status":"closed","ping_status":"closed","template":"","meta":{"_acf_changed":false,"footnotes":""},"class_list":["post-562","page","type-page","status-publish","hentry"],"acf":[],"_links":{"self":[{"href":"https:\/\/aua-edu.com\/fr\/wp-json\/wp\/v2\/pages\/562","targetHints":{"allow":["GET"]}}],"collection":[{"href":"https:\/\/aua-edu.com\/fr\/wp-json\/wp\/v2\/pages"}],"about":[{"href":"https:\/\/aua-edu.com\/fr\/wp-json\/wp\/v2\/types\/page"}],"author":[{"embeddable":true,"href":"https:\/\/aua-edu.com\/fr\/wp-json\/wp\/v2\/users\/1"}],"replies":[{"embeddable":true,"href":"https:\/\/aua-edu.com\/fr\/wp-json\/wp\/v2\/comments?post=562"}],"version-history":[{"count":6,"href":"https:\/\/aua-edu.com\/fr\/wp-json\/wp\/v2\/pages\/562\/revisions"}],"predecessor-version":[{"id":1952,"href":"https:\/\/aua-edu.com\/fr\/wp-json\/wp\/v2\/pages\/562\/revisions\/1952"}],"up":[{"embeddable":true,"href":"https:\/\/aua-edu.com\/fr\/wp-json\/wp\/v2\/pages\/70"}],"wp:attachment":[{"href":"https:\/\/aua-edu.com\/fr\/wp-json\/wp\/v2\/media?parent=562"}],"curies":[{"name":"wp","href":"https:\/\/api.w.org\/{rel}","templated":true}]}}