{"id":72,"date":"2025-06-29T16:52:18","date_gmt":"2025-06-29T16:52:18","guid":{"rendered":"https:\/\/aua-edu.testawy.com\/?page_id=72"},"modified":"2025-09-05T23:28:40","modified_gmt":"2025-09-05T23:28:40","slug":"aboutus","status":"publish","type":"page","link":"https:\/\/aua-edu.com\/fr\/aboutus\/","title":{"rendered":"\u00c0 propos de l&#039;Universit\u00e9"},"content":{"rendered":"<h4><img fetchpriority=\"high\" decoding=\"async\" class=\"wp-image-83 aligncenter\" src=\"https:\/\/aua-edu.com\/wp-content\/uploads\/2025\/06\/cropped-AUA-300x300.png\" alt=\"\" width=\"234\" height=\"234\" srcset=\"https:\/\/aua-edu.com\/wp-content\/uploads\/2025\/06\/cropped-AUA-300x300.png 300w, https:\/\/aua-edu.com\/wp-content\/uploads\/2025\/06\/cropped-AUA-150x150.png 150w, https:\/\/aua-edu.com\/wp-content\/uploads\/2025\/06\/cropped-AUA-12x12.png 12w, https:\/\/aua-edu.com\/wp-content\/uploads\/2025\/06\/cropped-AUA-270x270.png 270w, https:\/\/aua-edu.com\/wp-content\/uploads\/2025\/06\/cropped-AUA-192x192.png 192w, https:\/\/aua-edu.com\/wp-content\/uploads\/2025\/06\/cropped-AUA-180x180.png 180w, https:\/\/aua-edu.com\/wp-content\/uploads\/2025\/06\/cropped-AUA-32x32.png 32w, https:\/\/aua-edu.com\/wp-content\/uploads\/2025\/06\/cropped-AUA.png 512w\" sizes=\"(max-width: 234px) 100vw, 234px\" \/><span style=\"font-family: tahoma, arial, helvetica, sans-serif; color: #ff0000; font-size: 12pt;\"><strong>\u00c0 propos de l\u2019Universit\u00e9 africaine pour la science et la recherche scientifique :<\/strong><\/span><\/h4>\n<h4 style=\"text-align: right;\"><span style=\"font-family: tahoma, arial, helvetica, sans-serif; color: #000000; font-size: 10pt;\"><strong>Un \u00e9tablissement d&#039;enseignement prestigieux qui comprend un groupe d&#039;\u00e9lite de professeurs d&#039;universit\u00e9 hautement qualifi\u00e9s, \u00e0 temps plein et \u00e0 distance, et est reconnu internationalement, avec tous les certificats de fin d&#039;\u00e9tudes certifi\u00e9s par le minist\u00e8re de l&#039;Enseignement sup\u00e9rieur, le minist\u00e8re des Affaires \u00e9trang\u00e8res et l&#039;ambassade de l&#039;\u00e9tudiant.<\/strong><\/span><\/h4>\n<h4 style=\"text-align: right;\"><span style=\"font-family: tahoma, arial, helvetica, sans-serif; color: #000000; font-size: 10pt;\"><strong>L&#039;universit\u00e9, avec tous ses organes, s&#039;efforce de fournir un enseignement sup\u00e9rieur distingu\u00e9 dans diverses disciplines, de former des cadres capables d&#039;assumer des responsabilit\u00e9s et de d\u00e9velopper leurs soci\u00e9t\u00e9s au niveau international, et de pr\u00e9parer des g\u00e9n\u00e9rations de dirigeants et d&#039;universitaires capables de contribuer au d\u00e9veloppement global de tous les pays.<\/strong><\/span><\/h4>\n<h4 style=\"text-align: right;\"><span style=\"font-family: tahoma, arial, helvetica, sans-serif; color: #000000; font-size: 10pt;\"><strong>Mettre l\u2019accent sur la recherche scientifique et le service communautaire dans le cadre des valeurs humaines.<\/strong><\/span><\/h4>\n<h3 class=\"rPeykc pyPiTc\" data-hveid=\"CAsQAQ\" data-ved=\"2ahUKEwjdieiomtmOAxV9VfEDHQOTNoUQo_EKegQICxAB\"><span style=\"font-family: tahoma, arial, helvetica, sans-serif; color: #ff0000; font-size: 12pt;\"><strong>- La vision et les caract\u00e9ristiques de notre estim\u00e9e universit\u00e9 :<\/strong><\/span><\/h3>\n<div class=\"zMgcWd dSKvsb\" data-il=\"\">\n<div data-crb-p=\"\">\n<div class=\"xFTqob\">\n<div class=\"Gur8Ad\"><span style=\"font-family: tahoma, arial, helvetica, sans-serif; color: #000000; font-size: 10pt;\"><strong><span style=\"color: #0000ff;\">Ind\u00e9pendance et fiabilit\u00e9 :<\/span> <\/strong><\/span><\/div>\n<div class=\"vM0jzc\">\n<p><span style=\"font-family: tahoma, arial, helvetica, sans-serif; color: #000000; font-size: 10pt;\"><strong>L&#039;Universit\u00e9 Africaine est une institution acad\u00e9mique ind\u00e9pendante op\u00e9rant sous la tutelle du Minist\u00e8re de l&#039;Enseignement Sup\u00e9rieur, et est membre de plusieurs f\u00e9d\u00e9rations et associations acad\u00e9miques.<span class=\"pjBG2e\" data-cid=\"0d06e287-bff6-400d-963e-74f7c20fcb5b\"><span class=\"UV3uM\">\u00a0<\/span><\/span><\/strong><\/span><\/p>\n<\/div>\n<\/div>\n<\/div>\n<\/div>\n<div class=\"xFTqob\">\n<div class=\"Gur8Ad\"><span style=\"font-family: tahoma, arial, helvetica, sans-serif; color: #000000; font-size: 12pt;\"><strong><span style=\"color: #0000ff;\">Vision et mission :<\/span> <\/strong><\/span><\/div>\n<div class=\"vM0jzc\">\n<p><span style=\"font-family: tahoma, arial, helvetica, sans-serif; color: #000000; font-size: 10pt;\"><strong>L&#039;universit\u00e9 vise \u00e0 \u00eatre un phare de connaissances, de culture et de service \u00e0 l&#039;humanit\u00e9, en mettant l&#039;accent sur le suivi des d\u00e9veloppements modernes dans l&#039;enseignement sup\u00e9rieur et la technologie.<span class=\"pjBG2e\" data-cid=\"43320364-8320-4b6d-b2d0-95b00c001ec0\"><span class=\"UV3uM\">\u00a0<\/span><\/span><\/strong><\/span><\/p>\n<\/div>\n<\/div>\n<div class=\"zMgcWd dSKvsb\" data-il=\"\">\n<div class=\"Gur8Ad\"><span style=\"font-family: tahoma, arial, helvetica, sans-serif; color: #000000; font-size: 12pt;\"><strong><span style=\"color: #0000ff;\">Sp\u00e9cialisations:<\/span><\/strong><\/span><\/div>\n<div class=\"vM0jzc\">\n<p><span style=\"font-family: tahoma, arial, helvetica, sans-serif; color: #000000; font-size: 10pt;\"><strong>L&#039;universit\u00e9 propose une large gamme de programmes acad\u00e9miques dans divers domaines, notamment l&#039;\u00e9ducation, la th\u00e9ologie, les \u00e9tudes sup\u00e9rieures et les sciences administratives, en plus des programmes d&#039;ing\u00e9nierie, de m\u00e9decine et de sciences.<\/strong><\/span><\/p>\n<\/div>\n<div data-crb-p=\"\">\n<div>\n<div class=\"zMgcWd dSKvsb\" data-il=\"\">\n<div data-crb-p=\"\">\n<div class=\"xFTqob\">\n<div class=\"Gur8Ad\"><span style=\"font-family: tahoma, arial, helvetica, sans-serif; color: #000000; font-size: 12pt;\"><strong><span style=\"color: #0000ff;\">\u00c9tablissement:<\/span><\/strong><\/span><\/div>\n<div class=\"vM0jzc\">\n<p><span style=\"font-family: tahoma, arial, helvetica, sans-serif; color: #000000; font-size: 10pt;\"><strong>La R\u00e9publique du Niger a connu un d\u00e9veloppement remarquable dans l\u2019enseignement sup\u00e9rieur, avec la cr\u00e9ation de l\u2019Universit\u00e9 Africaine des Sciences et de la Recherche Scientifique en 1997 et d\u2019autres universit\u00e9s prestigieuses.<\/strong><\/span><\/p>\n<\/div>\n<div>\n<div class=\"xFTqob\">\n<div class=\"vM0jzc\"><span style=\"font-family: tahoma, arial, helvetica, sans-serif; color: #000000; font-size: 10pt;\"><strong>Notre universit\u00e9 contribue positivement et efficacement au d\u00e9veloppement de la communaut\u00e9 internationale \u00e0 travers des \u00e9tudes acad\u00e9miques dans toutes les disciplines ainsi que par la recherche scientifique.<\/strong><\/span><\/div>\n<div><\/div>\n<\/div>\n<\/div>\n<\/div>\n<\/div>\n<\/div>\n<div class=\"zMgcWd dSKvsb\" data-il=\"\">\n<div class=\"Gur8Ad\"><span style=\"font-family: tahoma, arial, helvetica, sans-serif; color: #ff0000; font-size: 12pt;\"><strong>Coll\u00e8ges :<\/strong><\/span><\/div>\n<div>\n<div class=\"Gur8Ad\"><span style=\"font-family: tahoma, arial, helvetica, sans-serif; color: #000000; font-size: 10pt;\"><strong>L&#039;Universit\u00e9 africaine pour les sciences et la recherche scientifique regroupe plusieurs facult\u00e9s proposant des programmes d&#039;enseignement diversifi\u00e9s dans diverses sp\u00e9cialisations. Depuis sa cr\u00e9ation, l&#039;universit\u00e9 a connu un d\u00e9veloppement significatif et remarquable \u00e0 l&#039;\u00e9chelle internationale, avec la cr\u00e9ation de nombreuses facult\u00e9s. <\/strong><\/span><\/div>\n<div class=\"Gur8Ad\"><span style=\"font-family: tahoma, arial, helvetica, sans-serif; color: #000000; font-size: 10pt;\"><strong>comme :<\/strong><\/span><\/div>\n<div><\/div>\n<ul id=\"wpforms-419-field_11\" class=\"wpforms-field-required\">\n<li class=\"choice-59 depth-1\"><span style=\"font-size: 10pt; font-family: tahoma, arial, helvetica, sans-serif; color: #000000;\"><strong><label class=\"wpforms-field-label-inline\" for=\"wpforms-419-field_11_59\">M\u00e9dias<\/label><\/strong><\/span><\/li>\n<li class=\"choice-57 depth-1\"><span style=\"font-size: 10pt; font-family: tahoma, arial, helvetica, sans-serif; color: #000000;\"><strong><label class=\"wpforms-field-label-inline\" for=\"wpforms-419-field_11_57\">M\u00e9decine<\/label><\/strong><\/span><\/li>\n<li class=\"choice-51 depth-1\"><span style=\"font-size: 10pt; font-family: tahoma, arial, helvetica, sans-serif; color: #000000;\"><strong><label class=\"wpforms-field-label-inline\" for=\"wpforms-419-field_11_51\">dentisterie<\/label><\/strong><\/span><\/li>\n<li class=\"choice-52 depth-1\"><span style=\"font-size: 10pt; font-family: tahoma, arial, helvetica, sans-serif; color: #000000;\"><strong><label class=\"wpforms-field-label-inline\" for=\"wpforms-419-field_11_52\">Physioth\u00e9rapie<\/label><\/strong><\/span><\/li>\n<li class=\"choice-48 depth-1\"><span style=\"font-size: 10pt; font-family: tahoma, arial, helvetica, sans-serif; color: #000000;\"><strong><label class=\"wpforms-field-label-inline\" for=\"wpforms-419-field_11_48\">Pharmacie<\/label><\/strong><\/span><\/li>\n<li class=\"choice-49 depth-1\"><span style=\"font-size: 10pt; font-family: tahoma, arial, helvetica, sans-serif; color: #000000;\"><strong><label class=\"wpforms-field-label-inline\" for=\"wpforms-419-field_11_49\">Allaitement<\/label><\/strong><\/span><\/li>\n<li class=\"choice-39 depth-1\"><span style=\"font-size: 10pt; font-family: tahoma, arial, helvetica, sans-serif; color: #000000;\"><strong><label class=\"wpforms-field-label-inline\" for=\"wpforms-419-field_11_39\">Ing\u00e9nierie<\/label><\/strong><\/span><\/li>\n<li class=\"choice-41 depth-1\"><span style=\"font-size: 10pt; font-family: tahoma, arial, helvetica, sans-serif; color: #000000;\"><strong><label class=\"wpforms-field-label-inline\" for=\"wpforms-419-field_11_41\">les sciences<\/label><\/strong><\/span><\/li>\n<li class=\"choice-42 depth-1\"><span style=\"font-size: 10pt; font-family: tahoma, arial, helvetica, sans-serif; color: #000000;\"><strong><label class=\"wpforms-field-label-inline\" for=\"wpforms-419-field_11_42\">\u00c9ducation<\/label><\/strong><\/span><\/li>\n<li class=\"choice-50 depth-1\"><span style=\"font-size: 10pt; font-family: tahoma, arial, helvetica, sans-serif; color: #000000;\"><strong><label class=\"wpforms-field-label-inline\" for=\"wpforms-419-field_11_50\">Agriculture<\/label><\/strong><\/span><\/li>\n<li class=\"choice-53 depth-1\"><span style=\"font-size: 10pt; font-family: tahoma, arial, helvetica, sans-serif; color: #000000;\"><strong><label class=\"wpforms-field-label-inline\" for=\"wpforms-419-field_11_53\">Antiquit\u00e9s<\/label><\/strong><\/span><\/li>\n<li class=\"choice-43 depth-1\"><span style=\"font-size: 10pt; font-family: tahoma, arial, helvetica, sans-serif; color: #000000;\"><strong><label class=\"wpforms-field-label-inline\" for=\"wpforms-419-field_11_43\">Langues et traduction<\/label><\/strong><\/span><\/li>\n<li class=\"choice-22 depth-1\"><span style=\"font-size: 10pt; font-family: tahoma, arial, helvetica, sans-serif; color: #000000;\"><strong><label class=\"wpforms-field-label-inline\" for=\"wpforms-419-field_11_22\">psychologie<\/label><\/strong><\/span><\/li>\n<li class=\"choice-25 depth-1\"><span style=\"font-size: 10pt; font-family: tahoma, arial, helvetica, sans-serif; color: #000000;\"><strong><label class=\"wpforms-field-label-inline\" for=\"wpforms-419-field_11_25\">droits<\/label><\/strong><\/span><\/li>\n<li class=\"choice-44 depth-1\"><span style=\"font-size: 10pt; font-family: tahoma, arial, helvetica, sans-serif; color: #000000;\"><strong><label class=\"wpforms-field-label-inline\" for=\"wpforms-419-field_11_44\">Litt\u00e9rature<\/label><\/strong><\/span><\/li>\n<li class=\"choice-45 depth-1\"><span style=\"font-size: 10pt; font-family: tahoma, arial, helvetica, sans-serif; color: #000000;\"><strong><label class=\"wpforms-field-label-inline\" for=\"wpforms-419-field_11_45\">commerce<\/label><\/strong><\/span><\/li>\n<li class=\"choice-45 depth-1\"><span style=\"color: #000000; font-size: 10pt; font-family: tahoma, arial, helvetica, sans-serif;\"><strong>Acad\u00e9mie navale<\/strong><\/span><\/li>\n<li class=\"choice-45 depth-1\"><span style=\"color: #000000; font-size: 10pt; font-family: tahoma, arial, helvetica, sans-serif;\"><strong>Acad\u00e9mie des sciences de l&#039;aviation<\/strong><\/span><\/li>\n<li class=\"choice-45 depth-1\"><span style=\"font-size: 10pt; font-family: tahoma, arial, helvetica, sans-serif; color: #000000;\"><strong><label class=\"wpforms-field-label-inline\" for=\"wpforms-419-field_11_46\">\u00c9conomie et sciences politiques<\/label><\/strong><\/span><\/li>\n<li><span style=\"font-size: 10pt; font-family: tahoma, arial, helvetica, sans-serif; color: #000000;\"><strong><label class=\"wpforms-field-label-inline\" for=\"wpforms-419-field_11_47\">Ordinateurs et intelligence artificielle<\/label><\/strong><\/span><\/li>\n<li><span style=\"font-size: 10pt; font-family: tahoma, arial, helvetica, sans-serif; color: #000000;\"><strong><label class=\"wpforms-field-label-inline\" for=\"wpforms-419-field_11_58\">informatique<\/label><\/strong><\/span><\/li>\n<li class=\"choice-55 depth-1\"><span style=\"font-size: 10pt; font-family: tahoma, arial, helvetica, sans-serif; color: #000000;\"><strong><label class=\"wpforms-field-label-inline\" for=\"wpforms-419-field_11_55\">Arts appliqu\u00e9s<\/label><\/strong><\/span><\/li>\n<li class=\"choice-56 depth-1\"><span style=\"font-size: 10pt; font-family: tahoma, arial, helvetica, sans-serif; color: #000000;\"><strong><label class=\"wpforms-field-label-inline\" for=\"wpforms-419-field_11_56\">beaux arts<\/label><\/strong><\/span><\/li>\n<li><span style=\"font-family: tahoma, arial, helvetica, sans-serif;\"><strong><span style=\"font-size: 10pt; color: #ff0000;\"><label class=\"wpforms-field-label-inline\" for=\"wpforms-419-field_11_61\"><span style=\"color: #000000;\">Acad\u00e9mie maritime - Sp\u00e9cialisation (Technologie de la navigation maritime et transport maritime)<\/span><\/label><\/span><\/strong><\/span><\/li>\n<li><span style=\"font-size: 10pt; font-family: arial black, sans-serif; color: #ff0000;\"><strong><label class=\"wpforms-field-label-inline\" for=\"wpforms-419-field_11_61\">(Position dans le certificat de fin d&#039;\u00e9tudes et le certificat de cours de qualification - Second Officier de Marine)<\/label><\/strong><\/span><\/li>\n<li><span style=\"font-size: 10pt; font-family: arial black, sans-serif; color: #ff0000;\"><strong>Avec un relev\u00e9 de notes et une traduction, tous sont approuv\u00e9s par :<\/strong><\/span><\/li>\n<li><span style=\"font-size: 10pt; font-family: arial black, sans-serif; color: #ff0000;\"><strong>(Universit\u00e9 - Enseignement sup\u00e9rieur - Ambassade - Affaires \u00e9trang\u00e8res)<\/strong><\/span><\/li>\n<li><span style=\"color: #ff0000;\">Obtenir un certificat pour les cours avanc\u00e9s requis<\/span><\/li>\n<li><span style=\"color: #ff0000;\">Obtient son adh\u00e9sion au Syndicat g\u00e9n\u00e9ral des officiers de navigation maritime<\/span><\/li>\n<li><span style=\"font-size: 10pt; font-family: arial black, sans-serif; color: #ff0000;\"><strong>Le titulaire du certificat a le droit de modifier officiellement le statut dans le passeport et la carte d\u2019identit\u00e9 nationale de son pays.<\/strong><\/span><\/li>\n<li><span style=\"font-size: 10pt; font-family: arial black, sans-serif; color: #ff0000;\"><strong>Le titulaire de ce certificat, ainsi que du certificat de cours professionnel de second officier de marine, a droit \u00e0 l&#039;obtention d&#039;un passeport naval (selon les tarifs fix\u00e9s pour chaque pays).<\/strong><\/span><\/li>\n<li><span style=\"font-size: 10pt; font-family: arial black, sans-serif; color: #000000;\"><strong>Acad\u00e9mie des sciences de l&#039;aviation (nouvelle acad\u00e9mie)<\/strong><\/span><\/li>\n<li><span style=\"font-size: 10pt; font-family: arial black, sans-serif; color: #ff0000;\"><strong>Les dipl\u00f4m\u00e9s de cette acad\u00e9mie re\u00e7oivent un certificat de fin d&#039;\u00e9tudes accompagn\u00e9 d&#039;un relev\u00e9 de notes et d&#039;une traduction, tous accr\u00e9dit\u00e9s par :<\/strong><\/span><\/li>\n<li><span style=\"font-size: 10pt; font-family: arial black, sans-serif; color: #ff0000;\"><strong>(Universit\u00e9 - Enseignement sup\u00e9rieur - Ambassade - Affaires \u00e9trang\u00e8res)<\/strong><\/span><\/li>\n<li><span style=\"font-size: 10pt; font-family: arial black, sans-serif; color: #ff0000;\"><strong>Il obtient \u00e9galement un certificat de cours de qualification accr\u00e9dit\u00e9 par toutes les autorit\u00e9s pour le poste de (pilote priv\u00e9 - pilote commercial - officier de navigation a\u00e9rienne).<\/strong><\/span><\/li>\n<\/ul>\n<\/div>\n<\/div>\n<\/div>\n<\/div>\n<\/div>\n<div class=\"zMgcWd dSKvsb\" data-il=\"\">\n<div data-crb-p=\"\">\n<div>\n<div class=\"zMgcWd dSKvsb\" data-il=\"\">\n<div class=\"Gur8Ad\" style=\"text-align: right;\"><span style=\"font-family: tahoma, arial, helvetica, sans-serif; color: #000000; font-size: 10pt;\"><strong><span style=\"color: #0000ff;\">Coop\u00e9ration internationale :<\/span><\/strong><\/span><\/div>\n<div class=\"vM0jzc\" style=\"text-align: right;\">\n<p><span style=\"font-family: tahoma, arial, helvetica, sans-serif; color: #000000; font-size: 10pt;\"><strong>L&#039;Universit\u00e9 Africaine pour la Science et la Recherche Scientifique (AUSSR) entretient d&#039;importantes collaborations avec des institutions internationales d&#039;enseignement et de recherche, renfor\u00e7ant ainsi sa r\u00e9putation aux niveaux national et international.<\/strong><\/span><\/p>\n<\/div>\n<\/div>\n<\/div>\n<\/div>\n<\/div>","protected":false},"excerpt":{"rendered":"<p>\u0646\u0628\u0630\u0629 \u0639\u0646 \u0627\u0644\u062c\u0627\u0645\u0639\u0629 \u0627\u0644\u0623\u0641\u0631\u064a\u0642\u064a\u0629 \u0644\u0644\u0639\u0644\u0648\u0645 \u0648\u0627\u0644\u0628\u062d\u062b \u0627\u0644\u0639\u0644\u0645\u0649 : \u0645\u0624\u0633\u0633\u0629 \u062a\u0639\u0644\u064a\u0645\u064a\u0629 \u0645\u0631\u0645\u0648\u0642\u0629 \u062a\u0636\u0645 \u0646\u062e\u0628\u0647 \u0641\u0648\u0642 \u0627\u0644\u0645\u0645\u062a\u0627\u0632\u0647 \u0645\u0646 \u0623\u0633\u0627\u062a\u0630\u0629 \u0627\u0644\u062c\u0627\u0645\u0639\u0627\u062a \u0633\u0648\u0627\u0621 \u0628\u0627\u0644\u062d\u0636\u0648\u0631 \u0627\u0644\u0625\u0646\u062a\u0638\u0627\u0645\u0649 \u0623\u0648 \u0627\u0644\u062f\u0631\u0627\u0633\u0629 \u0639\u0646 \u0628\u0639\u062f \u0648\u0627\u0644\u0645\u0639\u062a\u0631\u0641 \u0628\u0647\u0627 \u062f\u0648\u0644\u064a\u0627\u064b \u062d\u064a\u062b\u064f \u062c\u0645\u064a\u0639 \u0634\u0647\u0627\u062f\u0627\u062a \u0627\u0644\u062a\u062e\u0631\u062c \u0645\u0648\u062b\u0642\u0629 \u0645\u0646 \u0648\u0632\u0627\u0631\u0629 \u0627\u0644\u062a\u0639\u0644\u064a\u0645 \u0627\u0644\u0639\u0627\u0644\u0649 \u0648\u0627\u0644\u062e\u0627\u0631\u062c\u064a\u0629 \u0648\u0633\u0641\u0627\u0631\u0629 \u0627\u0644\u0637\u0627\u0644\u0628 . \u0648\u062a\u0633\u0639\u0649 \u0627\u0644\u062c\u0627\u0645\u0639\u0629 \u0628\u0643\u0627\u0645\u0644 \u0647\u064a\u0626\u0627\u062a\u0647\u0627 \u0644\u062a\u0642\u062f\u064a\u0645 \u062a\u0639\u0644\u064a\u0645 \u0639\u0627\u0644\u0649 \u0645\u062a\u0645\u064a\u0632 \u0641\u0649 \u0645\u062e\u062a\u0644\u0641 \u0627\u0644\u062a\u062e\u0635\u0635\u0627\u062a \u0644\u062a\u062e\u0631\u064a\u062c \u0643\u0648\u0627\u062f\u0631 \u0642\u0627\u062f\u0631\u0629 [&hellip;]<\/p>","protected":false},"author":1,"featured_media":0,"parent":0,"menu_order":0,"comment_status":"closed","ping_status":"closed","template":"","meta":{"_acf_changed":false,"footnotes":""},"class_list":["post-72","page","type-page","status-publish","hentry"],"acf":[],"_links":{"self":[{"href":"https:\/\/aua-edu.com\/fr\/wp-json\/wp\/v2\/pages\/72","targetHints":{"allow":["GET"]}}],"collection":[{"href":"https:\/\/aua-edu.com\/fr\/wp-json\/wp\/v2\/pages"}],"about":[{"href":"https:\/\/aua-edu.com\/fr\/wp-json\/wp\/v2\/types\/page"}],"author":[{"embeddable":true,"href":"https:\/\/aua-edu.com\/fr\/wp-json\/wp\/v2\/users\/1"}],"replies":[{"embeddable":true,"href":"https:\/\/aua-edu.com\/fr\/wp-json\/wp\/v2\/comments?post=72"}],"version-history":[{"count":27,"href":"https:\/\/aua-edu.com\/fr\/wp-json\/wp\/v2\/pages\/72\/revisions"}],"predecessor-version":[{"id":1768,"href":"https:\/\/aua-edu.com\/fr\/wp-json\/wp\/v2\/pages\/72\/revisions\/1768"}],"wp:attachment":[{"href":"https:\/\/aua-edu.com\/fr\/wp-json\/wp\/v2\/media?parent=72"}],"curies":[{"name":"wp","href":"https:\/\/api.w.org\/{rel}","templated":true}]}}