{"id":752,"date":"2025-07-19T20:25:03","date_gmt":"2025-07-19T20:25:03","guid":{"rendered":"https:\/\/aua-edu.com\/?page_id=752"},"modified":"2025-09-15T13:27:28","modified_gmt":"2025-09-15T13:27:28","slug":"%d9%83%d9%84%d9%85%d8%a9-%d8%b1%d8%a6%d9%8a%d8%b3-%d8%a7%d9%84%d8%a7%d8%aa%d8%ad%d8%a7%d8%af","status":"publish","type":"page","link":"https:\/\/aua-edu.com\/fr\/%d9%83%d9%84%d9%85%d8%a9-%d8%b1%d8%a6%d9%8a%d8%b3-%d8%a7%d9%84%d8%a7%d8%aa%d8%ad%d8%a7%d8%af\/","title":{"rendered":"Discours du Pr\u00e9sident de l&#039;Union"},"content":{"rendered":"<h1><img fetchpriority=\"high\" decoding=\"async\" class=\"alignnone size-medium wp-image-764 aligncenter\" src=\"https:\/\/aua-edu.com\/wp-content\/uploads\/2025\/07\/2222-253x300.jpg\" alt=\"\" width=\"253\" height=\"300\" srcset=\"https:\/\/aua-edu.com\/wp-content\/uploads\/2025\/07\/2222-253x300.jpg 253w, https:\/\/aua-edu.com\/wp-content\/uploads\/2025\/07\/2222-10x12.jpg 10w, https:\/\/aua-edu.com\/wp-content\/uploads\/2025\/07\/2222.jpg 330w\" sizes=\"(max-width: 253px) 100vw, 253px\" \/><\/h1>\n<h1 style=\"text-align: center;\"><span style=\"color: #ff0000; font-family: times new roman, times, serif; font-size: 18pt;\"><strong>Discours du Pr\u00e9sident de l&#039;Association des Universit\u00e9s Africaines<\/strong><\/span><\/h1>\n<h4 style=\"text-align: right;\"><span style=\"color: #000000; font-size: 12pt;\"><strong><span style=\"font-family: arial black, sans-serif;\">Depuis sa cr\u00e9ation en 1997 et au cours de 28 ann\u00e9es, l&#039;Universit\u00e9 Africaine des Hautes Etudes et de la Recherche Scientifique s&#039;est efforc\u00e9e de devenir l&#039;une des plus grandes universit\u00e9s internationales qui participe activement au d\u00e9veloppement national global dans tous les pays et dans tous les domaines.<\/span><\/strong><\/span><\/h4>\n<h4 style=\"text-align: right;\"><span style=\"color: #000000; font-size: 12pt;\"><strong><span style=\"font-family: arial black, sans-serif;\">Outre sa contribution efficace et positive \u00e0 l\u2019avancement et au d\u00e9veloppement du processus \u00e9ducatif et \u00e0 l\u2019\u00e9tablissement d\u2019un protocole de coop\u00e9ration avec l\u2019Universit\u00e9 internationale du Soudan, que j\u2019ai eu l\u2019honneur de pr\u00e9sider.<\/span><\/strong><\/span><\/h4>\n<h4 style=\"text-align: right;\"><span style=\"color: #000000; font-size: 12pt;\"><strong><span style=\"font-family: arial black, sans-serif;\">Compte tenu de la qualit\u00e9 de l\u2019enseignement \u00e0 distance dispens\u00e9 par l\u2019Universit\u00e9 Africaine des Hautes Etudes et de la Recherche Scientifique, dans un environnement d\u00e9mocratique et non raciste qui favorise la cr\u00e9ativit\u00e9 et offre des opportunit\u00e9s de comp\u00e9tition constructive, l\u2019universit\u00e9 attire des \u00e9tudiants et des chercheurs de divers pays arabes et \u00e9trangers.<\/span><\/strong><\/span><br \/>\n<span style=\"color: #000000; font-size: 12pt;\"><strong><span style=\"font-family: arial black, sans-serif;\">\u00c0 la lumi\u00e8re des changements politiques, \u00e9conomiques et sociaux, ainsi que de la r\u00e9volution technologique auxquels nous assistons actuellement, nous nous dirigeons vers de nouveaux horizons pour l\u2019avenir. <\/span><\/strong><\/span><br \/>\n<span style=\"color: #000000; font-size: 12pt;\"><strong><span style=\"font-family: arial black, sans-serif;\">Les facult\u00e9s de l\u2019universit\u00e9 cherchent \u00e0 tracer la voie \u00e0 suivre pour ses dipl\u00f4m\u00e9s vers un avenir prometteur pour le d\u00e9veloppement des pays et leur avancement vers un monde distingu\u00e9.<\/span><\/strong><\/span><br \/>\n<span style=\"color: #000000; font-size: 12pt;\"><strong><span style=\"font-family: arial black, sans-serif;\">Avec de tels changements, toutes les facult\u00e9s universitaires, ainsi que les titulaires de masters et de doctorats du monde entier, contribuent au d\u00e9veloppement de leurs soci\u00e9t\u00e9s dans tous les domaines de la vie. <\/span><\/strong><\/span><br \/>\n<span style=\"color: #000000; font-size: 12pt;\"><strong><span style=\"font-family: arial black, sans-serif;\">L&#039;Universit\u00e9 africaine et ses repr\u00e9sentants dans tous les pays s&#039;efforcent de suivre cette approche au milieu de cette atmosph\u00e8re concurrentielle mondiale pour cr\u00e9er un environnement fertile et encourageant pour les \u00e9tudiants et les chercheurs afin de former des cadres distingu\u00e9s qui rivalisent avec de nombreux dipl\u00f4m\u00e9s d&#039;autres universit\u00e9s sur le march\u00e9 du travail. <\/span><\/strong><\/span><\/h4>\n<h4 style=\"text-align: right;\"><span style=\"color: #000000; font-size: 12pt;\"><strong><span style=\"font-family: arial black, sans-serif;\">\u00catre des cadres qualifi\u00e9s et comp\u00e9tents qui participent au d\u00e9veloppement de leur pays.<\/span><\/strong><\/span><br \/>\n<span style=\"color: #000000; font-size: 12pt;\"><strong><span style=\"font-family: arial black, sans-serif;\">Pour y parvenir, l\u2019universit\u00e9 progresse actuellement \u00e0 grands pas vers la modernisation et le d\u00e9veloppement de ses infrastructures, de ses programmes acad\u00e9miques et de recherche, ainsi que de ses m\u00e9thodes administratives avanc\u00e9es, afin de faire progresser l\u2019enseignement \u00e0 distance en tant que syst\u00e8me int\u00e9gr\u00e9 comprenant des professeurs hautement qualifi\u00e9s et un excellent appareil administratif, tous d\u00e9termin\u00e9s \u00e0 fa\u00e7onner l\u2019avenir en tant que phare de la connaissance et source de cr\u00e9ativit\u00e9. <\/span><\/strong><\/span><\/h4>\n<h4 style=\"text-align: right;\"><span style=\"color: #000000; font-size: 12pt;\"><strong><span style=\"font-family: arial black, sans-serif;\">Ceci est conforme aux normes internationales en mati\u00e8re de qualit\u00e9 et d\u2019accr\u00e9ditation de l\u2019\u00e9ducation.<\/span><\/strong><\/span><br \/>\n<span style=\"color: #000000; font-size: 12pt;\"><strong><span style=\"font-family: arial black, sans-serif;\">En tant que pr\u00e9sident de l\u2019Association des universit\u00e9s africaines, je suis fier de ce que cette prestigieuse universit\u00e9 a accompli dans les domaines de l\u2019enseignement \u00e0 distance, de la recherche scientifique et de l\u2019administration.<\/span><\/strong><\/span><br \/>\n<span style=\"color: #000000; font-size: 12pt;\"><strong><span style=\"font-family: arial black, sans-serif;\">Je remercie \u00e9galement toutes les ambassades des pays qui authentifient les certificats de fin d&#039;\u00e9tudes, ainsi que les minist\u00e8res des Affaires \u00e9trang\u00e8res des pays qui lui conf\u00e8rent une l\u00e9gitimit\u00e9, r\u00e9pondant aux appels au d\u00e9veloppement de l&#039;enseignement \u00e0 distance pour accomplir sa mission et r\u00e9aliser son objectif en tant qu&#039;universit\u00e9 distingu\u00e9e.<\/span><\/strong><\/span><br \/>\n<span style=\"color: #000000; font-size: 12pt;\"><strong><span style=\"font-family: arial black, sans-serif;\">Je les remercie \u00e9galement d\u2019avoir lanc\u00e9 le plus grand site Web et la plus grande plateforme universitaire mondiale pour promouvoir l\u2019apprentissage \u00e0 distance.<\/span><\/strong><\/span><\/h4>\n<h2 style=\"text-align: center;\"><span style=\"color: #0000ff; font-size: 12pt;\"><strong><span style=\"font-family: arial black, sans-serif;\">Professeur Dr.<\/span><\/strong><\/span><br \/>\n<span style=\"color: #0000ff; font-size: 12pt;\"><strong><span style=\"font-family: arial black, sans-serif;\">Bakri Osman Saeed<\/span><\/strong><\/span><br \/>\n<span style=\"color: #0000ff; font-size: 12pt;\"><strong><span style=\"font-family: arial black, sans-serif;\">Pr\u00e9sident de l&#039;Association des universit\u00e9s africaines<\/span><\/strong><\/span><\/h2>","protected":false},"excerpt":{"rendered":"<p>\u0643\u0644\u0645\u0629 \u0631\u0626\u064a\u0633 \u0625\u062a\u062d\u0627\u062f \u0627\u0644\u062c\u0627\u0645\u0639\u0627\u062a \u0627\u0644\u0623\u0641\u0631\u064a\u0642\u064a\u0629 \u062a\u0633\u0639\u0649 \u0627\u0644\u062c\u0627\u0645\u0639\u0629 \u0627\u0644\u0623\u0641\u0631\u064a\u0642\u064a\u0629 \u0644\u0644\u062f\u0631\u0627\u0633\u0627\u062a \u0627\u0644\u0645\u062a\u0637\u0648\u0631\u0629 \u0648\u0627\u0644\u0628\u062d\u062b \u0627\u0644\u0639\u0644\u0645\u064a \u0645\u0646\u0630 \u062a\u0623\u0633\u064a\u0633\u0647\u0627 \u0639\u0627\u0645 1997\u0648\u0639\u0644\u0649 \u0645\u062f\u0649 28 \u0639\u0627\u0645\u0627 \u0644\u062a\u0635\u0628\u062d \u0648\u0627\u062d\u062f\u0629 \u0645\u0646 \u0623\u0643\u0628\u0631 \u0627\u0644\u062c\u0627\u0645\u0639\u0627\u062a \u0627\u0644\u0639\u0627\u0644\u0645\u064a\u0629 \u0627\u0644\u062a\u0649 \u062a\u0634\u0627\u0631\u0643 \u0628\u0641\u0627\u0639\u0644\u064a\u0629 \u0641\u064a \u0627\u0644\u062a\u0646\u0645\u064a\u0629 \u0627\u0644\u0642\u0648\u0645\u064a\u0629 \u0627\u0644\u0634\u0627\u0645\u0644\u0629 \u0641\u0649 \u062c\u0645\u064a\u0639 \u0627\u0644\u062f\u0648\u0644 \u0648\u0641\u0649 \u0643\u0627\u0641\u0629 \u0627\u0644\u0645\u062c\u0627\u0644\u0627\u062a . \u0625\u0644\u0649 \u062c\u0627\u0646\u0628 \u0625\u0633\u0647\u0627\u0645\u0647\u0627 \u0628\u0634\u0643\u0644 \u0641\u0639\u0627\u0644 \u0648\u0625\u064a\u062c\u0627\u0628\u0649 \u0641\u0649 \u062f\u0641\u0639 \u0648\u062a\u0637\u0648\u064a\u0631 \u0627\u0644\u0639\u0645\u0644\u064a\u0629 \u0627\u0644\u062a\u0639\u0644\u064a\u0645\u064a\u0629 \u0648\u0639\u0645\u0644 \u0628\u0631\u0648\u062a\u0648\u0643\u0648\u0644 \u062a\u0639\u0627\u0648\u0646 \u0645\u0639 \u062c\u0627\u0645\u0639\u0629 [&hellip;]<\/p>","protected":false},"author":2,"featured_media":0,"parent":0,"menu_order":0,"comment_status":"closed","ping_status":"closed","template":"","meta":{"_acf_changed":false,"footnotes":""},"class_list":["post-752","page","type-page","status-publish","hentry"],"acf":[],"_links":{"self":[{"href":"https:\/\/aua-edu.com\/fr\/wp-json\/wp\/v2\/pages\/752","targetHints":{"allow":["GET"]}}],"collection":[{"href":"https:\/\/aua-edu.com\/fr\/wp-json\/wp\/v2\/pages"}],"about":[{"href":"https:\/\/aua-edu.com\/fr\/wp-json\/wp\/v2\/types\/page"}],"author":[{"embeddable":true,"href":"https:\/\/aua-edu.com\/fr\/wp-json\/wp\/v2\/users\/2"}],"replies":[{"embeddable":true,"href":"https:\/\/aua-edu.com\/fr\/wp-json\/wp\/v2\/comments?post=752"}],"version-history":[{"count":9,"href":"https:\/\/aua-edu.com\/fr\/wp-json\/wp\/v2\/pages\/752\/revisions"}],"predecessor-version":[{"id":762,"href":"https:\/\/aua-edu.com\/fr\/wp-json\/wp\/v2\/pages\/752\/revisions\/762"}],"wp:attachment":[{"href":"https:\/\/aua-edu.com\/fr\/wp-json\/wp\/v2\/media?parent=752"}],"curies":[{"name":"wp","href":"https:\/\/api.w.org\/{rel}","templated":true}]}}