{"id":76,"date":"2025-06-29T16:55:38","date_gmt":"2025-06-29T16:55:38","guid":{"rendered":"https:\/\/aua-edu.testawy.com\/?page_id=76"},"modified":"2025-08-18T22:30:55","modified_gmt":"2025-08-18T22:30:55","slug":"terms-of-use","status":"publish","type":"page","link":"https:\/\/aua-edu.com\/fr\/terms-of-use\/","title":{"rendered":"conditions d&#039;utilisation"},"content":{"rendered":"<div data-elementor-type=\"wp-page\" data-elementor-id=\"76\" class=\"elementor elementor-76\" data-elementor-post-type=\"page\">\n\t\t\t\t<div class=\"elementor-element elementor-element-63581cbb e-flex e-con-boxed e-con e-parent\" data-id=\"63581cbb\" data-element_type=\"container\">\n\t\t\t\t\t<div class=\"e-con-inner\">\n\t\t\t\t<div class=\"elementor-element elementor-element-f293dd9 elementor-widget elementor-widget-text-editor\" data-id=\"f293dd9\" data-element_type=\"widget\" data-widget_type=\"text-editor.default\">\n\t\t\t\t<div class=\"elementor-widget-container\">\n\t\t\t\t\t\t\t\t\t<div class=\"WaaZC\"><div class=\"RJPOee EIJn2\"><div data-hveid=\"CAYQAQ\" data-ved=\"2ahUKEwie7Jjlp-eOAxVFhv0HHa1LKr8Qo_EKegQIBhAB\"><img fetchpriority=\"high\" decoding=\"async\" class=\"size-medium wp-image-938 aligncenter\" src=\"https:\/\/aua-edu.com\/wp-content\/uploads\/2025\/07\/5-887tt1716224035-300x300.jpg\" alt=\"\" width=\"300\" height=\"300\" srcset=\"https:\/\/aua-edu.com\/wp-content\/uploads\/2025\/07\/5-887tt1716224035-300x300.jpg 300w, https:\/\/aua-edu.com\/wp-content\/uploads\/2025\/07\/5-887tt1716224035-150x150.jpg 150w, https:\/\/aua-edu.com\/wp-content\/uploads\/2025\/07\/5-887tt1716224035-768x768.jpg 768w, https:\/\/aua-edu.com\/wp-content\/uploads\/2025\/07\/5-887tt1716224035-12x12.jpg 12w, https:\/\/aua-edu.com\/wp-content\/uploads\/2025\/07\/5-887tt1716224035.jpg 800w\" sizes=\"(max-width: 300px) 100vw, 300px\" \/><\/div><div class=\"rPeykc\" style=\"text-align: right;\" data-hveid=\"CAYQAQ\" data-ved=\"2ahUKEwie7Jjlp-eOAxVFhv0HHa1LKr8Qo_EKegQIBhAB\"><span style=\"font-family: arial black, sans-serif; font-size: 14pt;\"><strong><span style=\"color: #000000;\">Les conditions d\u2019utilisation de l\u2019universit\u00e9 comprennent g\u00e9n\u00e9ralement un ensemble de r\u00e8gles et de r\u00e8glements que les \u00e9tudiants, les professeurs et le personnel doivent respecter. <\/span><\/strong><\/span><\/div><div class=\"rPeykc\" style=\"text-align: right;\" data-hveid=\"CAYQAQ\" data-ved=\"2ahUKEwie7Jjlp-eOAxVFhv0HHa1LKr8Qo_EKegQIBhAB\"><span style=\"font-family: arial black, sans-serif; font-size: 14pt;\"><strong><span style=\"color: #000000;\">Ces conditions visent \u00e0 maintenir un environnement d\u2019apprentissage organis\u00e9 et s\u00fbr, garantissant les droits et les responsabilit\u00e9s de chacun. <\/span><\/strong><\/span><\/div><div class=\"rPeykc\" style=\"text-align: right;\" data-hveid=\"CAYQAQ\" data-ved=\"2ahUKEwie7Jjlp-eOAxVFhv0HHa1LKr8Qo_EKegQIBhAB\"><p><span style=\"font-family: arial black, sans-serif; font-size: 14pt;\"><strong><span style=\"color: #000000;\">Les conditions peuvent varier d&#039;une universit\u00e9 \u00e0 l&#039;autre, mais les conditions de notre estim\u00e9e universit\u00e9 comprennent les suivantes :<\/span><\/strong><\/span><\/p><\/div><\/div><\/div><div class=\"WaaZC\" style=\"text-align: right;\"><div class=\"RJPOee EIJn2\"><div class=\"rPeykc pyPiTc\" data-hveid=\"CAcQAQ\" data-ved=\"2ahUKEwie7Jjlp-eOAxVFhv0HHa1LKr8Qo_EKegQIBxAB\"><p><span style=\"font-family: arial black, sans-serif; font-size: 14pt; color: #ff0000;\"><strong>Premi\u00e8rement : Conditions g\u00e9n\u00e9rales :<\/strong><\/span><\/p><\/div><\/div><\/div><div class=\"WaaZC\" style=\"text-align: right;\"><div class=\"RJPOee EIJn2\"><ul data-hveid=\"CBcQAQ\" data-ved=\"2ahUKEwie7Jjlp-eOAxVFhv0HHa1LKr8Qm_YKegQIFxAB\"><li class=\"K3KsMc\"><div class=\"zMgcWd dSKvsb\" data-il=\"\"><div data-crb-p=\"\"><div class=\"xFTqob\"><div class=\"Gur8Ad\"><span style=\"font-family: arial black, sans-serif; font-size: 14pt; color: #008000;\"><strong>Conformit\u00e9 aux lois et r\u00e8glements : <\/strong><\/span><\/div><div class=\"vM0jzc\"><span style=\"font-family: arial black, sans-serif; font-size: 14pt;\"><strong><span style=\"color: #000000;\" data-huuid=\"13745137348447657660\">Tous les membres de la communaut\u00e9 de l&#039;Universit\u00e9 Africaine pour la Science et la Recherche Scientifique (AUSSR) doivent adh\u00e9rer aux lois et r\u00e9glementations locales et nationales, ainsi qu&#039;au r\u00e8glement int\u00e9rieur de l&#039;universit\u00e9. <\/span><\/strong><\/span><\/div><\/div><\/div><\/div><\/li><li class=\"K3KsMc\"><div class=\"zMgcWd dSKvsb\" data-il=\"\"><div data-crb-p=\"\"><div class=\"xFTqob\"><div class=\"Gur8Ad\"><span style=\"font-family: arial black, sans-serif; font-size: 14pt; color: #008000;\"><strong>Comportement appropri\u00e9 : <\/strong><\/span><\/div><div class=\"vM0jzc\"><span style=\"font-family: arial black, sans-serif; font-size: 14pt;\"><strong><span style=\"color: #000000;\" data-huuid=\"13745137348447656161\">On attend de chacun qu\u2019il se comporte de mani\u00e8re respectueuse et courtoise en tout temps, que ce soit sur le campus ou hors campus, ou avec les repr\u00e9sentants de l\u2019universit\u00e9, les anciens \u00e9l\u00e8ves ou les chercheurs de tous les pays. <\/span><\/strong><\/span><\/div><\/div><\/div><\/div><\/li><li class=\"K3KsMc\"><div class=\"zMgcWd dSKvsb\" data-il=\"\"><div data-crb-p=\"\"><div class=\"xFTqob\"><div class=\"Gur8Ad\"><span style=\"font-family: arial black, sans-serif; font-size: 14pt; color: #008000;\"><strong>Respecter les autres : <\/strong><\/span><\/div><div class=\"vM0jzc\"><span style=\"font-family: arial black, sans-serif; font-size: 14pt;\"><strong><span style=\"color: #000000;\" data-huuid=\"13745137348447654662\">Tous les membres de la communaut\u00e9 universitaire, les \u00e9tudiants de tous pays, les dipl\u00f4m\u00e9s et les chercheurs doivent \u00eatre respect\u00e9s ind\u00e9pendamment de leur sexe, de leur race, de leur religion ou de toute autre diff\u00e9rence. <\/span><\/strong><\/span><\/div><\/div><\/div><\/div><\/li><li class=\"K3KsMc\"><div class=\"zMgcWd dSKvsb\" data-il=\"\"><div data-crb-p=\"\"><div class=\"xFTqob\"><div class=\"Gur8Ad\"><span style=\"font-family: arial black, sans-serif; font-size: 14pt; color: #008000;\"><strong>Honn\u00eatet\u00e9 et int\u00e9grit\u00e9 : <\/strong><\/span><\/div><div class=\"vM0jzc\"><span style=\"font-family: arial black, sans-serif; font-size: 14pt;\"><strong><span style=\"color: #000000;\" data-huuid=\"13745137348447657259\">Chacun doit agir avec honn\u00eatet\u00e9 et int\u00e9grit\u00e9 dans toutes ses activit\u00e9s acad\u00e9miques et professionnelles. <\/span><\/strong><\/span><\/div><\/div><\/div><\/div><\/li><li class=\"K3KsMc\"><div class=\"zMgcWd dSKvsb\" data-il=\"\"><div data-crb-p=\"\"><div class=\"xFTqob\"><div class=\"Gur8Ad\"><span style=\"font-family: arial black, sans-serif; font-size: 14pt; color: #008000;\"><strong>Participation active : <\/strong><\/span><\/div><div class=\"vM0jzc\"><p><span style=\"font-family: arial black, sans-serif; font-size: 14pt;\"><strong><span style=\"color: #000000;\" data-huuid=\"13745137348447655760\">Nous encourageons la participation active \u00e0 toutes les diverses activit\u00e9s universitaires, qu\u2019elles soient acad\u00e9miques, culturelles ou sportives.<\/span><\/strong><\/span><\/p><div class=\"NPrrbc\" data-cid=\"6f0f24f9-2203-4de0-a217-7e6c3a10cbc9\" data-uuids=\"13745137348447655429,13745137348447657660,13745137348447653930,13745137348447656161,13745137348447656527,13745137348447654662,13745137348447655028,13745137348447657259,13745137348447657625,13745137348447655760\"><div class=\"BMebGe btku5b fCrZyc LwdV0e FR7ZSc qVhvac OJeuxf\" tabindex=\"0\" role=\"button\" aria-label=\"Afficher les liens associ\u00e9s\" data-hveid=\"CAkQAQ\" data-ved=\"2ahUKEwie7Jjlp-eOAxVFhv0HHa1LKr8Q3fYKegQICRAB\">\u00a0<\/div><\/div><\/div><\/div><\/div><\/div><\/li><\/ul><\/div><\/div><div class=\"WaaZC\" style=\"text-align: right;\"><div class=\"RJPOee EIJn2\"><div class=\"rPeykc pyPiTc\" data-hveid=\"CBwQAQ\" data-ved=\"2ahUKEwie7Jjlp-eOAxVFhv0HHa1LKr8Qo_EKegQIHBAB\"><span style=\"font-family: arial black, sans-serif; font-size: 14pt; color: #ff0000;\"><strong>Deuxi\u00e8mement : Conditions particuli\u00e8res :<\/strong><\/span><\/div><div data-hveid=\"CBwQAQ\" data-ved=\"2ahUKEwie7Jjlp-eOAxVFhv0HHa1LKr8Qo_EKegQIHBAB\">\u00a0<\/div><\/div><\/div><div class=\"WaaZC\" style=\"text-align: right;\"><div class=\"RJPOee EIJn2\"><ul data-hveid=\"CDMQAQ\" data-ved=\"2ahUKEwie7Jjlp-eOAxVFhv0HHa1LKr8Qm_YKegQIMxAB\"><li class=\"K3KsMc\"><div class=\"zMgcWd dSKvsb\" data-il=\"\"><div data-crb-p=\"\"><div class=\"xFTqob\"><div class=\"Gur8Ad\"><span style=\"font-family: arial black, sans-serif; font-size: 14pt; color: #008000;\"><strong>Conditions d&#039;admission : <\/strong><\/span><\/div><div class=\"vM0jzc\"><span style=\"font-family: arial black, sans-serif; font-size: 14pt;\"><strong><span style=\"color: #000000;\" data-huuid=\"7613790171434869501\">Les conditions d&#039;admission varient d&#039;une universit\u00e9 \u00e0 l&#039;autre et peuvent inclure un dipl\u00f4me d&#039;\u00e9tudes secondaires, des r\u00e9sultats \u00e0 des tests standardis\u00e9s, des certificats de comp\u00e9tence linguistique et des lettres de recommandation. Cependant, afin de promouvoir l&#039;\u00e9ducation et le savoir, notre universit\u00e9 a d\u00e9cid\u00e9 d&#039;ouvrir les \u00e9tudes \u00e0 tous ceux qui le souhaitent et a ouvert tous ses \u00e9tablissements \u00e0 l&#039;enseignement universitaire, scientifique et professionnel \u00e0 distance. <\/span><\/strong><\/span><\/div><\/div><\/div><\/div><\/li><li class=\"K3KsMc\"><div class=\"zMgcWd dSKvsb\" data-il=\"\"><div data-crb-p=\"\"><div class=\"xFTqob\"><div class=\"Gur8Ad\"><span style=\"font-family: arial black, sans-serif; font-size: 14pt; color: #008000;\"><strong>Conditions d&#039;inscription : <\/strong><\/span><\/div><div class=\"vM0jzc\"><span style=\"font-family: arial black, sans-serif; font-size: 14pt;\"><strong><span style=\"color: #000000;\" data-huuid=\"7613790171434869478\">Certaines universit\u00e9s peuvent exiger la r\u00e9ussite de tests d&#039;aptitude ou la pr\u00e9sentation de documents suppl\u00e9mentaires tels qu&#039;un passeport ou un acte de naissance. Cependant, notre prestigieuse universit\u00e9 soumet ces documents simplement via WhatsApp ou nos repr\u00e9sentants internationaux, dont les coordonn\u00e9es figurent en haut de son site web. Vous pouvez \u00e9galement cliquer sur ce lien pour vous renseigner aupr\u00e8s des repr\u00e9sentants de l&#039;universit\u00e9.<\/span><\/strong><\/span><\/div><div style=\"text-align: center;\"><a href=\"https:\/\/aua-edu.com\/fr\/faculty-professor\/\"><span style=\"font-size: 14pt; color: #0000ff;\"><strong>https:\/\/aua-edu.com\/faculty-professor\/<\/strong><\/span><\/a><\/div><div>\u00a0<\/div><\/div><\/div><\/div><\/li><li class=\"K3KsMc\"><div class=\"zMgcWd dSKvsb\" data-il=\"\"><div data-crb-p=\"\"><div class=\"xFTqob\"><div class=\"Gur8Ad\"><span style=\"font-family: arial black, sans-serif; font-size: 14pt; color: #008000;\"><strong>Conditions de pr\u00e9sence et d&#039;absence : <\/strong><\/span><\/div><div class=\"vM0jzc\"><span style=\"font-family: arial black, sans-serif; font-size: 14pt;\"><strong><span style=\"color: #000000;\" data-huuid=\"7613790171434869455\">Les universit\u00e9s peuvent \u00e9tablir des r\u00e8gles concernant la pr\u00e9sence et l&#039;absence, et les absences r\u00e9p\u00e9t\u00e9es aux cours peuvent entra\u00eener des cons\u00e9quences acad\u00e9miques. Cependant, notre universit\u00e9 souhaite \u00e9changer avec les \u00e9tudiants via Internet gr\u00e2ce \u00e0 des applications et plateformes d\u00e9di\u00e9es.\u00a0<\/span><\/strong><\/span><\/div><div class=\"vM0jzc\"><span style=\"font-family: arial black, sans-serif; font-size: 14pt;\"><strong><span style=\"color: #000000;\" data-huuid=\"7613790171434869455\"><span data-huuid=\"569369583461439689\">Ces discussions permettent aux participants d&#039;interagir entre eux et d&#039;\u00e9changer des informations visuelles et audio via des ordinateurs, des tablettes ou des smartphones... et via des \u00e9crans \u00e9ducatifs interactifs \u00e0 distance, comme moyen efficace et moderne d&#039;am\u00e9liorer le processus \u00e9ducatif et d&#039;encourager la participation et l&#039;interaction. <em>dans<\/em> Salles de classe... gain de temps et d&#039;efforts.<\/span><\/span><\/strong><\/span><\/div><div>\u00a0<\/div><div>\u00a0<\/div><\/div><\/div><\/div><\/li><\/ul><\/div><\/div><div class=\"WaaZC\" style=\"text-align: right;\"><div class=\"RJPOee EIJn2\">\u00a0<\/div><\/div><div class=\"WaaZC\" style=\"text-align: right;\"><div class=\"RJPOee EIJn2\">\u00a0<\/div><\/div><div class=\"WaaZC\" style=\"text-align: right;\"><div class=\"RJPOee EIJn2\">\u00a0<\/div><\/div><div class=\"WaaZC\">\u00a0<\/div>\t\t\t\t\t\t\t\t<\/div>\n\t\t\t\t<\/div>\n\t\t\t\t\t<\/div>\n\t\t\t\t<\/div>\n\t\t<div class=\"elementor-element elementor-element-2ed358c e-flex e-con-boxed e-con e-parent\" data-id=\"2ed358c\" data-element_type=\"container\">\n\t\t\t\t\t<div class=\"e-con-inner\">\n\t\t\t\t\t<\/div>\n\t\t\t\t<\/div>\n\t\t\t\t<\/div>","protected":false},"excerpt":{"rendered":"<p>\u062a\u062a\u0636\u0645\u0646 \u0634\u0631\u0648\u0637 \u0627\u0644\u0627\u0633\u062a\u062e\u062f\u0627\u0645 \u0641\u0649 \u0627\u0644\u062c\u0627\u0645\u0639\u0627\u062a \u0639\u0627\u062f\u0629\u064b \u0645\u062c\u0645\u0648\u0639\u0629 \u0645\u0646 \u0627\u0644\u0642\u0648\u0627\u0639\u062f \u0648\u0627\u0644\u0644\u0648\u0627\u0626\u062d \u0627\u0644\u062a\u0649 \u064a\u062c\u0628 \u0639\u0644\u0649 \u0627\u0644\u0637\u0644\u0627\u0628 \u0648\u0623\u0639\u0636\u0627\u0621 \u0647\u064a\u0626\u0629 \u0627\u0644\u062a\u062f\u0631\u064a\u0633 \u0648\u0627\u0644\u0645\u0648\u0638\u0641\u064a\u0646 \u0627\u0644\u0625\u0644\u062a\u0632\u0627\u0645 \u0628\u0647\u0627 . \u0647\u0630\u0647 \u0627\u0644\u0634\u0631\u0648\u0637 \u062a\u0647\u062f\u0641 \u0625\u0644\u0649 \u0627\u0644\u062d\u0641\u0627\u0638 \u0639\u0644\u0649 \u0628\u064a\u0626\u0629 \u062a\u0639\u0644\u064a\u0645\u064a\u0629 \u0645\u0646\u0638\u0645\u0629 \u0648\u0622\u0645\u0646\u0629\u060c \u0644\u0636\u0645\u0627\u0646 \u062d\u0642\u0648\u0642 \u0648\u0648\u0627\u062c\u0628\u0627\u062a \u0627\u0644\u062c\u0645\u064a\u0639 . \u0642\u062f \u062a\u062e\u062a\u0644\u0641 \u0627\u0644\u0634\u0631\u0648\u0637 \u0645\u0646 \u062c\u0627\u0645\u0639\u0629 \u0625\u0644\u0649 \u0623\u062e\u0631\u0649\u060c \u0648\u0644\u0643\u0646\u0647\u0627 \u0634\u0631\u0648\u0637 \u062c\u0627\u0645\u0639\u062a\u0646\u0627 \u0627\u0644\u0645\u0648\u0642\u0631\u0629 \u062a\u0634\u0645\u0644 \u0645\u0627 \u064a\u0644\u0649 : \u0623\u0648\u0644\u0627\u064b : \u0634\u0631\u0648\u0637 \u0639\u0627\u0645\u0629 [&hellip;]<\/p>","protected":false},"author":1,"featured_media":0,"parent":0,"menu_order":0,"comment_status":"closed","ping_status":"closed","template":"","meta":{"_acf_changed":false,"footnotes":""},"class_list":["post-76","page","type-page","status-publish","hentry"],"acf":[],"_links":{"self":[{"href":"https:\/\/aua-edu.com\/fr\/wp-json\/wp\/v2\/pages\/76","targetHints":{"allow":["GET"]}}],"collection":[{"href":"https:\/\/aua-edu.com\/fr\/wp-json\/wp\/v2\/pages"}],"about":[{"href":"https:\/\/aua-edu.com\/fr\/wp-json\/wp\/v2\/types\/page"}],"author":[{"embeddable":true,"href":"https:\/\/aua-edu.com\/fr\/wp-json\/wp\/v2\/users\/1"}],"replies":[{"embeddable":true,"href":"https:\/\/aua-edu.com\/fr\/wp-json\/wp\/v2\/comments?post=76"}],"version-history":[{"count":22,"href":"https:\/\/aua-edu.com\/fr\/wp-json\/wp\/v2\/pages\/76\/revisions"}],"predecessor-version":[{"id":1406,"href":"https:\/\/aua-edu.com\/fr\/wp-json\/wp\/v2\/pages\/76\/revisions\/1406"}],"wp:attachment":[{"href":"https:\/\/aua-edu.com\/fr\/wp-json\/wp\/v2\/media?parent=76"}],"curies":[{"name":"wp","href":"https:\/\/api.w.org\/{rel}","templated":true}]}}