{"id":78,"date":"2025-06-29T16:56:46","date_gmt":"2025-06-29T16:56:46","guid":{"rendered":"https:\/\/aua-edu.testawy.com\/?page_id=78"},"modified":"2025-07-31T14:24:21","modified_gmt":"2025-07-31T14:24:21","slug":"privacy-terms","status":"publish","type":"page","link":"https:\/\/aua-edu.com\/fr\/privacy-terms\/","title":{"rendered":"Conditions de confidentialit\u00e9"},"content":{"rendered":"<div data-elementor-type=\"wp-page\" data-elementor-id=\"78\" class=\"elementor elementor-78\" data-elementor-post-type=\"page\">\n\t\t\t\t<div class=\"elementor-element elementor-element-7aee872 e-flex e-con-boxed e-con e-parent\" data-id=\"7aee872\" data-element_type=\"container\">\n\t\t\t\t\t<div class=\"e-con-inner\">\n\t\t\t\t\t<\/div>\n\t\t\t\t<\/div>\n\t\t<div class=\"elementor-element elementor-element-071a48c e-flex e-con-boxed e-con e-parent\" data-id=\"071a48c\" data-element_type=\"container\">\n\t\t\t\t\t<div class=\"e-con-inner\">\n\t\t\t\t<div class=\"elementor-element elementor-element-f066819 elementor-widget elementor-widget-text-editor\" data-id=\"f066819\" data-element_type=\"widget\" data-widget_type=\"text-editor.default\">\n\t\t\t\t<div class=\"elementor-widget-container\">\n\t\t\t\t\t\t\t\t\t<h5><img decoding=\"async\" class=\"wp-image-916 aligncenter\" src=\"https:\/\/aua-edu.com\/wp-content\/uploads\/2025\/07\/40-Recovered-Recovered-16-300x300.jpg\" alt=\"\" width=\"193\" height=\"193\" srcset=\"https:\/\/aua-edu.com\/wp-content\/uploads\/2025\/07\/40-Recovered-Recovered-16-300x300.jpg 300w, https:\/\/aua-edu.com\/wp-content\/uploads\/2025\/07\/40-Recovered-Recovered-16-1024x1024.jpg 1024w, https:\/\/aua-edu.com\/wp-content\/uploads\/2025\/07\/40-Recovered-Recovered-16-150x150.jpg 150w, https:\/\/aua-edu.com\/wp-content\/uploads\/2025\/07\/40-Recovered-Recovered-16-768x768.jpg 768w, https:\/\/aua-edu.com\/wp-content\/uploads\/2025\/07\/40-Recovered-Recovered-16-12x12.jpg 12w, https:\/\/aua-edu.com\/wp-content\/uploads\/2025\/07\/40-Recovered-Recovered-16.jpg 1200w\" sizes=\"(max-width: 193px) 100vw, 193px\" \/><\/h5><h5>\u00a0<\/h5><h5><span style=\"color: #ff0000;\"><strong><span style=\"font-family: impact, sans-serif;\">Protection des donn\u00e9es personnelles :<\/span><\/strong><\/span><\/h5><h5><span style=\"color: #000000;\"><strong><span style=\"font-family: impact, sans-serif;\">Les universit\u00e9s prennent des mesures de s\u00e9curit\u00e9 pour prot\u00e9ger les donn\u00e9es personnelles contre tout acc\u00e8s, modification ou divulgation non autoris\u00e9s.<\/span><\/strong><\/span><\/h5><h5><span style=\"color: #000000;\"><strong><span style=\"font-family: impact, sans-serif;\">Ou d\u00e9truire en utilisant les derni\u00e8res technologies pour les dossiers \u00e9lectroniques des \u00e9tudiants<\/span><\/strong><\/span><\/h5><h5><span style=\"color: #ff0000;\"><strong><span style=\"font-family: impact, sans-serif;\">Droits de l&#039;utilisateur :<\/span><\/strong><\/span><\/h5><h5><span style=\"color: #000000;\"><strong><span style=\"font-family: impact, sans-serif;\">Les utilisateurs, qu\u2019ils soient \u00e9tudiants, dipl\u00f4m\u00e9s ou chercheurs, disposent d\u2019un droit d\u2019acc\u00e8s, de rectification, de suppression et de limitation du traitement de leurs donn\u00e9es personnelles.<\/span><\/strong><\/span><\/h5><h5><span style=\"color: #000000;\"><strong><span style=\"font-family: impact, sans-serif;\">L\u2019Universit\u00e9 respecte ces droits et fournit des m\u00e9canismes permettant aux utilisateurs d\u2019exercer leurs droits.<\/span><\/strong><\/span><\/h5><h5><span style=\"color: #ff0000;\"><strong><span style=\"font-family: impact, sans-serif;\">Modifications de la politique de confidentialit\u00e9 :<\/span><\/strong><\/span><\/h5><h5><span style=\"color: #000000;\"><strong><span style=\"font-family: impact, sans-serif;\">L&#039;Universit\u00e9 peut mettre \u00e0 jour sa politique de confidentialit\u00e9 de temps \u00e0 autre pour refl\u00e9ter les changements dans ses pratiques ou les lois applicables.<\/span><\/strong><\/span><\/h5>\t\t\t\t\t\t\t\t<\/div>\n\t\t\t\t<\/div>\n\t\t\t\t\t<\/div>\n\t\t\t\t<\/div>\n\t\t\t\t<\/div>","protected":false},"excerpt":{"rendered":"<p>\u00a0 \u062d\u0645\u0627\u064a\u0629 \u0627\u0644\u0628\u064a\u0627\u0646\u0627\u062a \u0627\u0644\u0634\u062e\u0635\u064a\u0629 : \u062a\u062a\u062e\u0630 \u0627\u0644\u062c\u0627\u0645\u0639\u0627\u062a \u062a\u062f\u0627\u0628\u064a\u0631 \u0623\u0645\u0646\u064a\u0629 \u0644\u062d\u0645\u0627\u064a\u0629 \u0627\u0644\u0628\u064a\u0627\u0646\u0627\u062a \u0627\u0644\u0634\u062e\u0635\u064a\u0629 \u0645\u0646 \u0627\u0644\u0648\u0635\u0648\u0644 \u063a\u064a\u0631 \u0627\u0644\u0645\u0635\u0631\u062d \u0628\u0647\u060c \u0623\u0648 \u0627\u0644\u062a\u0639\u062f\u064a\u0644\u060c \u0623\u0648 \u0627\u0644\u0625\u0641\u0634\u0627\u0621 \u0623\u0648 \u0627\u0644\u062a\u062f\u0645\u064a\u0631 \u0645\u0633\u062a\u062e\u062f\u0645\u064a\u0646 \u0623\u062d\u062f\u062b \u0627\u0644\u062a\u0642\u0646\u064a\u0627\u062a \u0644\u0645\u0644\u0641\u0627\u062a \u0627\u0644\u0637\u0644\u0628\u0629 \u0627\u0644\u0625\u0644\u0643\u062a\u0631\u0648\u0646\u064a\u0629 \u062d\u0642\u0648\u0642 \u0627\u0644\u0645\u0633\u062a\u062e\u062f\u0645\u064a\u0646 : \u064a\u062d\u0642 \u0644\u0644\u0645\u0633\u062a\u062e\u062f\u0645\u064a\u0646 \u0645\u0646 \u0627\u0644\u0637\u0644\u0628\u0629 \u0648\u0627\u0644\u062e\u0631\u064a\u062c\u064a\u0646 \u0648\u0627\u0644\u0628\u0627\u062d\u062b\u064a\u0646 \u0627\u0644\u0648\u0635\u0648\u0644 \u0625\u0644\u0649 \u0628\u064a\u0627\u0646\u0627\u062a\u0647\u0645 \u0627\u0644\u0634\u062e\u0635\u064a\u0629\u060c \u0648\u062a\u0635\u062d\u064a\u062d\u0647\u0627\u060c \u0648\u062d\u0630\u0641\u0647\u0627 \u060c \u0648\u062a\u0642\u064a\u064a\u062f \u0645\u0639\u0627\u0644\u062c\u062a\u0647\u0627 \u062a\u062d\u062a\u0631\u0645 \u0627\u0644\u062c\u0627\u0645\u0639\u0629 \u0647\u0630\u0647 \u0627\u0644\u062d\u0642\u0648\u0642 \u0648\u062a\u0648\u0641\u0631 \u0622\u0644\u064a\u0627\u062a \u0644\u0644\u0645\u0633\u062a\u062e\u062f\u0645\u064a\u0646 \u0644\u0645\u0645\u0627\u0631\u0633\u0629 [&hellip;]<\/p>","protected":false},"author":1,"featured_media":0,"parent":0,"menu_order":0,"comment_status":"closed","ping_status":"closed","template":"","meta":{"_acf_changed":false,"footnotes":""},"class_list":["post-78","page","type-page","status-publish","hentry"],"acf":[],"_links":{"self":[{"href":"https:\/\/aua-edu.com\/fr\/wp-json\/wp\/v2\/pages\/78","targetHints":{"allow":["GET"]}}],"collection":[{"href":"https:\/\/aua-edu.com\/fr\/wp-json\/wp\/v2\/pages"}],"about":[{"href":"https:\/\/aua-edu.com\/fr\/wp-json\/wp\/v2\/types\/page"}],"author":[{"embeddable":true,"href":"https:\/\/aua-edu.com\/fr\/wp-json\/wp\/v2\/users\/1"}],"replies":[{"embeddable":true,"href":"https:\/\/aua-edu.com\/fr\/wp-json\/wp\/v2\/comments?post=78"}],"version-history":[{"count":19,"href":"https:\/\/aua-edu.com\/fr\/wp-json\/wp\/v2\/pages\/78\/revisions"}],"predecessor-version":[{"id":934,"href":"https:\/\/aua-edu.com\/fr\/wp-json\/wp\/v2\/pages\/78\/revisions\/934"}],"wp:attachment":[{"href":"https:\/\/aua-edu.com\/fr\/wp-json\/wp\/v2\/media?parent=78"}],"curies":[{"name":"wp","href":"https:\/\/api.w.org\/{rel}","templated":true}]}}