{"id":823,"date":"2025-07-30T05:39:31","date_gmt":"2025-07-30T05:39:31","guid":{"rendered":"https:\/\/aua-edu.com\/?page_id=823"},"modified":"2026-02-19T23:16:12","modified_gmt":"2026-02-19T23:16:12","slug":"faculty-professor","status":"publish","type":"page","link":"https:\/\/aua-edu.com\/fr\/faculty-professor\/","title":{"rendered":"Nos agents dans les pays"},"content":{"rendered":"<div data-elementor-type=\"wp-page\" data-elementor-id=\"823\" class=\"elementor elementor-823\" data-elementor-post-type=\"page\">\n\t\t\t\t<div class=\"elementor-element elementor-element-259c4ff e-flex e-con-boxed e-con e-parent\" data-id=\"259c4ff\" data-element_type=\"container\">\n\t\t\t\t\t<div class=\"e-con-inner\">\n\t\t\t\t<div class=\"elementor-element elementor-element-ab192c2 elementor-widget elementor-widget-heading\" data-id=\"ab192c2\" data-element_type=\"widget\" data-widget_type=\"heading.default\">\n\t\t\t\t<div class=\"elementor-widget-container\">\n\t\t\t\t\t<h2 class=\"elementor-heading-title elementor-size-default\">Nos agents dans les pays<\/h2>\t\t\t\t<\/div>\n\t\t\t\t<\/div>\n\t\t\t\t\t<\/div>\n\t\t\t\t<\/div>\n\t\t<div class=\"elementor-element elementor-element-ac85967 e-flex e-con-boxed e-con e-parent\" data-id=\"ac85967\" data-element_type=\"container\">\n\t\t\t\t\t<div class=\"e-con-inner\">\n\t\t\t\t<div class=\"elementor-element elementor-element-a4da217 elementor-widget elementor-widget-text-editor\" data-id=\"a4da217\" data-element_type=\"widget\" data-widget_type=\"text-editor.default\">\n\t\t\t\t<div class=\"elementor-widget-container\">\n\t\t\t\t\t\t\t\t\t<h6><img decoding=\"async\" class=\"wp-image-2178 aligncenter\" src=\"https:\/\/aua-edu.com\/wp-content\/uploads\/2025\/09\/\u0644\u0645\u0627\u0630\u0627-\u062a\u062d\u062a\u0627\u062c-\u0634\u0631\u0643\u0627\u062a-\u0627\u0644\u062a\u0633\u0648\u064a\u0642-\u0641\u064a-\u062c\u062f\u0629\u061f-300x200.webp\" alt=\"\" width=\"256\" height=\"171\" srcset=\"https:\/\/aua-edu.com\/wp-content\/uploads\/2025\/09\/\u0644\u0645\u0627\u0630\u0627-\u062a\u062d\u062a\u0627\u062c-\u0634\u0631\u0643\u0627\u062a-\u0627\u0644\u062a\u0633\u0648\u064a\u0642-\u0641\u064a-\u062c\u062f\u0629\u061f-300x200.webp 300w, https:\/\/aua-edu.com\/wp-content\/uploads\/2025\/09\/\u0644\u0645\u0627\u0630\u0627-\u062a\u062d\u062a\u0627\u062c-\u0634\u0631\u0643\u0627\u062a-\u0627\u0644\u062a\u0633\u0648\u064a\u0642-\u0641\u064a-\u062c\u062f\u0629\u061f-1024x683.webp 1024w, https:\/\/aua-edu.com\/wp-content\/uploads\/2025\/09\/\u0644\u0645\u0627\u0630\u0627-\u062a\u062d\u062a\u0627\u062c-\u0634\u0631\u0643\u0627\u062a-\u0627\u0644\u062a\u0633\u0648\u064a\u0642-\u0641\u064a-\u062c\u062f\u0629\u061f-768x512.webp 768w, https:\/\/aua-edu.com\/wp-content\/uploads\/2025\/09\/\u0644\u0645\u0627\u0630\u0627-\u062a\u062d\u062a\u0627\u062c-\u0634\u0631\u0643\u0627\u062a-\u0627\u0644\u062a\u0633\u0648\u064a\u0642-\u0641\u064a-\u062c\u062f\u0629\u061f-18x12.webp 18w, https:\/\/aua-edu.com\/wp-content\/uploads\/2025\/09\/\u0644\u0645\u0627\u0630\u0627-\u062a\u062d\u062a\u0627\u062c-\u0634\u0631\u0643\u0627\u062a-\u0627\u0644\u062a\u0633\u0648\u064a\u0642-\u0641\u064a-\u062c\u062f\u0629\u061f.webp 1200w\" sizes=\"(max-width: 256px) 100vw, 256px\" \/><\/h6><h6>\u00a0<\/h6><h6 style=\"text-align: center;\"><strong><span style=\"font-size: 12pt; color: #ff0000; font-family: arial black, sans-serif;\">Contactez-nous via WhatsApp \u00e0 ce num\u00e9ro pour conna\u00eetre le num\u00e9ro de l&#039;agent dans votre pays, ou pour vous abonner ou vous renseigner\u00a0:<\/span><\/strong><\/h6><p style=\"text-align: center;\"><span style=\"font-size: 18pt; color: #0000ff;\"><strong><span style=\"font-family: arial black, sans-serif;\">447446966880+<\/span><\/strong><\/span><\/p><h6><span style=\"font-family: arial black, sans-serif; font-size: 12pt;\"><strong><span style=\"color: #000000;\">Les agents marketing de notre universit\u00e9 sont notre visage lumineux et nos ambassadeurs partout dans le monde.<\/span><\/strong><\/span><br \/><span style=\"font-family: arial black, sans-serif; font-size: 12pt;\"><strong><span style=\"color: #000000;\">Ils pr\u00e9sentent fid\u00e8lement l&#039;image de l&#039;universit\u00e9 et son d\u00e9veloppement continu, et s&#039;efforcent de clarifier les avantages de ses majeures, de ses programmes et de ses coll\u00e8ges universitaires.<\/span><\/strong><\/span><br \/><span style=\"font-family: arial black, sans-serif; font-size: 12pt;\"><strong><span style=\"color: #000000;\">Gr\u00e2ce \u00e0 leur exp\u00e9rience, ils deviennent un pont de communication entre l&#039;universit\u00e9, les \u00e9tudiants et les parents, les aidant \u00e0 prendre la bonne d\u00e9cision pour l&#039;avenir de leurs enfants et l&#039;obtention d&#039;un baccalaur\u00e9at.<\/span><\/strong><\/span><br \/><span style=\"font-family: arial black, sans-serif; font-size: 12pt;\"><strong><span style=\"color: #000000;\">Ils ne font pas la promotion de l\u2019universit\u00e9, mais ouvrent plut\u00f4t les portes de l\u2019espoir d\u2019un avenir prometteur fond\u00e9 sur une \u00e9ducation de qualit\u00e9 et une confiance mutuelle.<\/span><\/strong><\/span><\/h6><h6><span style=\"font-family: arial black, sans-serif; font-size: 12pt;\"><strong><span style=\"color: #000000;\"><span style=\"color: #000000;\">ils\u00a0<\/span>Un v\u00e9ritable pont entre l\u2019universit\u00e9 et les \u00e9tudiants du monde entier, facilitant l\u2019acc\u00e8s \u00e0 l\u2019information de mani\u00e8re simple et claire.<\/span><\/strong><\/span><\/h6><h4><strong><span style=\"color: #ff0000; font-size: 12pt; font-family: arial black, sans-serif;\">Liste des agents officiellement autoris\u00e9s :<\/span><\/strong><\/h4><h5><strong><span style=\"color: #ff0000; font-family: arial black, sans-serif; font-size: 12pt;\">Notre agent dans les pays africains :<\/span><\/strong><\/h5><h5><strong><span style=\"font-family: arial black, sans-serif; font-size: 12pt;\"><span style=\"color: #0000ff;\">Professeur \/ Hussein Idris<\/span><\/span><\/strong><\/h5><div data-crb-p=\"\"><div class=\"xFTqob\"><div class=\"Gur8Ad\"><strong><span style=\"color: #000000; font-size: 12pt; font-family: arial black, sans-serif;\"><span style=\"color: #008000;\">Afrique de l&#039;Ouest :<\/span> <\/span><\/strong><\/div><div class=\"vM0jzc\"><p><strong><span style=\"color: #000000; font-size: 12pt; font-family: arial black, sans-serif;\">Nig\u00e9ria, Ghana, C\u00f4te d&#039;Ivoire, S\u00e9n\u00e9gal, Mali, Niger, Burkina Faso, B\u00e9nin, Togo, Gambie, Guin\u00e9e, Guin\u00e9e-Bissau, Lib\u00e9ria, Sierra Leone, Cap-Vert<\/span><\/strong><\/p><\/div><\/div><\/div><div class=\"xFTqob\"><div class=\"Gur8Ad\"><strong><span style=\"color: #000000; font-size: 12pt; font-family: arial black, sans-serif;\"><span style=\"color: #008000;\">Afrique centrale :<\/span> <\/span><\/strong><\/div><div class=\"vM0jzc\"><p><strong><span style=\"color: #000000; font-size: 12pt; font-family: arial black, sans-serif;\">R\u00e9publique d\u00e9mocratique du Congo, Cameroun, Tchad, R\u00e9publique centrafricaine, Gabon, Guin\u00e9e \u00e9quatoriale, Congo, Sao Tom\u00e9-et-Principe <\/span><\/strong><\/p><p><strong><span style=\"color: #000000; font-size: 12pt; font-family: arial black, sans-serif;\"><span style=\"color: #008000;\">Afrique de l&#039;Est :<\/span> <\/span><\/strong><\/p><\/div><\/div><div class=\"xFTqob\"><div class=\"vM0jzc\"><strong><span style=\"color: #000000; font-size: 12pt; font-family: arial black, sans-serif;\">\u00c9thiopie, Kenya, Tanzanie, Ouganda, Rwanda, Burundi, \u00c9rythr\u00e9e, Djibouti, Somalie, Soudan du Sud<\/span><\/strong><\/div><div class=\"vM0jzc\"><strong><span style=\"color: #000000; font-size: 12pt; font-family: arial black, sans-serif;\"><span class=\"pjBG2e\" data-cid=\"be81ac5d-3e81-4055-bba0-8eb4ed9e6b9e\"><span class=\"UV3uM\">\u00a0<\/span><\/span><\/span><\/strong><\/div><\/div><div data-crb-p=\"\"><div class=\"xFTqob\"><strong><span style=\"color: #000000; font-size: 12pt; font-family: arial black, sans-serif;\"><span style=\"color: #008000;\">Afrique du Sud:<\/span> <\/span><\/strong><\/div><\/div><div data-crb-p=\"\"><div class=\"xFTqob\"><strong><span style=\"color: #000000; font-size: 12pt; font-family: arial black, sans-serif;\">Afrique du Sud, Angola, Zambie, Zimbabwe, Botswana, Namibie, Mozambique, Malawi, Lesotho, Eswatini (Swaziland), Madagascar, Maurice, Comores<\/span><\/strong><\/div><\/div><h5>\u00a0<\/h5><h5><strong><span style=\"color: #ff0000; font-family: arial black, sans-serif; font-size: 12pt;\">Notre agent en Asie du Sud et de l&#039;Est :<\/span><\/strong><\/h5><h4><strong><span style=\"font-family: arial black, sans-serif; font-size: 12pt;\"><span style=\"color: #0000ff;\">Dr Ji Hoon Song<\/span><\/span><\/strong><\/h4><h5><strong><span style=\"font-family: arial black, sans-serif; font-size: 12pt;\"><span style=\"color: #000000;\">Inde, Pakistan, Bangladesh, N\u00e9pal, Indon\u00e9sie, Vietnam, Tha\u00eflande, Philippines, Singapour et Malaisie<\/span><\/span><\/strong><\/h5><h5>\u00a0<\/h5><h5><strong><span style=\"color: #ff0000; font-family: arial black, sans-serif; font-size: 12pt;\">Notre agent en Am\u00e9rique du Nord et du Sud :<\/span><\/strong><\/h5><h5><strong><span style=\"color: #0000ff; font-family: arial black, sans-serif; font-size: 12pt;\">Capitaine \/ Santiago Miguel Alejandro<\/span><\/strong><\/h5><div class=\"WaaZC\"><div class=\"RJPOee EIJn2\"><h5 class=\"rPeykc pyPiTc\" data-hveid=\"CAcQAQ\" data-ved=\"2ahUKEwiIrrvJleeOAxWyhP0HHSHuF8cQo_EKegQIBxAB\"><strong><span style=\"font-family: arial black, sans-serif; font-size: 12pt;\"><span style=\"color: #008000;\">Am\u00e9rique du Nord :<\/span><\/span><\/strong><\/h5><\/div><\/div><div class=\"RJPOee EIJn2\"><p><strong><span style=\"font-size: 12pt; font-family: arial black, sans-serif;\"><span style=\"color: #000000;\" data-huuid=\"7869172851622037516\">Canada , <\/span><span style=\"color: #000000;\" data-huuid=\"7869172851622036270\">Les \u00e9tats-unis d&#039;Am\u00e9rique, <\/span><span style=\"color: #000000;\" data-huuid=\"7869172851622039120\">Mexique <\/span><\/span><\/strong><\/p><p><strong><span style=\"font-family: arial black, sans-serif; font-size: 12pt;\"><span style=\"color: #000000;\"><span style=\"color: #008000;\">Pays d&#039;Am\u00e9rique centrale :<\/span> <\/span><\/span><\/strong><\/p><p><strong><span style=\"font-size: 12pt; font-family: arial black, sans-serif;\"><span style=\"color: #000000;\">(Belize, Costa Rica, El Salvador, Guatemala, Honduras, Nicaragua, Panama) <\/span><\/span><\/strong><\/p><p><strong><span style=\"font-size: 12pt; font-family: arial black, sans-serif;\"><span style=\"color: #000000;\"><span style=\"color: #008000;\">Pays des Cara\u00efbes :<\/span> <\/span><\/span><\/strong><\/p><p><strong><span style=\"font-size: 12pt; font-family: arial black, sans-serif;\"><span style=\"color: #000000;\">(Bahamas, Barbade, Cuba, Dominique, R\u00e9publique dominicaine, Grenade, Ha\u00efti, Jama\u00efque, Saint-Kitts-et-Nevis, Sainte-Lucie, Saint-Vincent-et-les Grenadines, Trinit\u00e9-et-Tobago) <\/span><\/span><\/strong><\/p><\/div><div class=\"RJPOee EIJn2\"><div class=\"rPeykc pyPiTc\" data-hveid=\"CCMQAQ\" data-ved=\"2ahUKEwiIrrvJleeOAxWyhP0HHSHuF8cQo_EKegQIIxAB\"><strong><span style=\"font-size: 12pt; font-family: arial black, sans-serif; color: #008000;\">Am\u00e9rique du Sud :<\/span><\/strong><\/div><\/div><div class=\"RJPOee EIJn2\"><div class=\"rPeykc\" data-hveid=\"CB0QAQ\" data-ved=\"2ahUKEwiIrrvJleeOAxWyhP0HHSHuF8cQo_EKegQIHRAB\"><strong><span style=\"font-size: 12pt; font-family: arial black, sans-serif;\"><span style=\"color: #000000;\" data-huuid=\"2125258327534393925\">Argentine, Bolivie, Br\u00e9sil, Chili, Colombie, \u00c9quateur, Guyane, Paraguay, P\u00e9rou, Suriname, Uruguay, Venezuela. <\/span><\/span><\/strong><\/div><\/div><h5>\u00a0<\/h5><h5><strong><span style=\"color: #ff0000; font-family: arial black, sans-serif; font-size: 12pt;\">Notre agent au Moyen-Orient et dans les pays arabes :<\/span><\/strong><\/h5><h2><strong><span style=\"font-family: arial black, sans-serif; font-size: 12pt;\"><span style=\"color: #0000ff;\">Mahmoud Adel<\/span><\/span><\/strong><\/h2><h5><strong><span style=\"color: #000000; font-size: 12pt; font-family: arial black, sans-serif;\"><span class=\"NA6bn BxUVEf UiGGAb ILfuVd\" lang=\"ar\"><span class=\"hgKElc\"><span style=\"color: #008000;\">P\u00e9ninsule arabique :<\/span><\/span><\/span><\/span><\/strong><\/h5><h5><strong><span style=\"color: #000000; font-size: 12pt; font-family: arial black, sans-serif;\"><span class=\"NA6bn BxUVEf UiGGAb ILfuVd\" lang=\"ar\"><span class=\"hgKElc\">\u00c9gypte, \u00c9mirats arabes unis, Bahre\u00efn, Kowe\u00eft, Arabie saoudite, Y\u00e9men, Qatar, Oman, Jordanie, Syrie, Liban, Palestine, Irak, Soudan, Libye, Tunisie, Alg\u00e9rie, Maroc, Mauritanie<\/span><\/span><\/span><\/strong><\/h5><h5>\u00a0<\/h5><h5><strong><span style=\"color: #ff0000; font-family: arial black, sans-serif; font-size: 12pt;\">Notre agent dans l&#039;Union europ\u00e9enne :<\/span><\/strong><\/h5><h5><strong><span style=\"font-size: 12pt; font-family: arial black, sans-serif;\"><span style=\"color: #0000ff;\">La demande de nomination est en cours.<\/span><\/span><\/strong><\/h5><h5><strong><span style=\"font-size: 12pt; font-family: arial black, sans-serif;\"><span style=\"color: #000000;\" data-huuid=\"15696346050247683371\">Autriche, Belgique, Bulgarie, Croatie, Chypre, R\u00e9publique tch\u00e8que, Danemark, Estonie, Finlande, France, Allemagne, Gr\u00e8ce, Hongrie, Irlande, Italie, Lettonie, Lituanie, Luxembourg, Malte, Pays-Bas, Pologne, Portugal, Roumanie, Slovaquie, Slov\u00e9nie, Espagne et Su\u00e8de<\/span><\/span><\/strong><\/h5><h5><strong><span style=\"color: #0000ff; font-size: 12pt; font-family: arial black, sans-serif;\">Nos agents dans certains pays arabes :<\/span><\/strong><\/h5><h5><strong><span style=\"color: #ff0000; font-family: arial black, sans-serif; font-size: 12pt;\">Kowe\u00eft :<\/span><\/strong><\/h5><h5><strong><span style=\"color: #000000; font-family: arial black, sans-serif; font-size: 12pt;\">Sarah Mashal Abdul Latif<\/span><\/strong><\/h5><h5><strong><span style=\"color: #ff0000; font-family: arial black, sans-serif; font-size: 12pt;\">Arabie Saoudite :<\/span><\/strong><\/h5><h5><strong><span style=\"color: #000000; font-family: arial black, sans-serif; font-size: 12pt;\">Fahd Abdulaziz Yazan<\/span><\/strong><\/h5><h5><strong><span style=\"color: #ff0000; font-family: arial black, sans-serif; font-size: 12pt;\">Les \u00c9mirats arabes unis :<\/span><\/strong><\/h5><h5><strong><span style=\"color: #000000; font-family: arial black, sans-serif; font-size: 12pt;\">L&#039;\u00e9p\u00e9e de Dieu, Kenan, a \u00e9t\u00e9 pr\u00e9f\u00e9r\u00e9e<\/span><\/strong><\/h5><h5><strong><span style=\"color: #ff0000; font-family: arial black, sans-serif; font-size: 12pt;\">Qatar :<\/span><\/strong><\/h5><h5><strong><span style=\"color: #000000; font-family: arial black, sans-serif; font-size: 12pt;\">Khalifa Abdulrahman Sultan<\/span><\/strong><\/h5><h5>\u00a0<\/h5><h5>\u00a0<\/h5>\t\t\t\t\t\t\t\t<\/div>\n\t\t\t\t<\/div>\n\t\t\t\t\t<\/div>\n\t\t\t\t<\/div>\n\t\t\t\t<\/div>","protected":false},"excerpt":{"rendered":"<p>\u0648\u0643\u0644\u0627\u0624\u0646\u0627 \u0628\u0627\u0644\u062f\u0648\u0644 \u00a0 \u062a\u0648\u0627\u0635\u0644 \u0648\u0627\u062a\u0633 \u0623\u0628 \u0639\u0644\u0649 \u0647\u0630\u0627 \u0627\u0644\u0631\u0642\u0645 \u0644\u062a\u0639\u0631\u0641 \u0631\u0642\u0645 \u0627\u0644\u0648\u0643\u064a\u0644 \u0628\u062f\u0648\u0644\u062a\u0643 \u0623\u0648 \u0627\u0644\u0625\u0634\u062a\u0631\u0627\u0643 \u0623\u0648 \u0627\u0644\u0625\u0633\u062a\u0641\u0633\u0627\u0631 : 447446966880+ \u0648\u0643\u0644\u0627\u0621 \u0627\u0644\u062a\u0633\u0648\u064a\u0642 \u0641\u064a \u062c\u0627\u0645\u0639\u062a\u0646\u0627 \u0647\u0645 \u0648\u0627\u062c\u0647\u062a\u0646\u0627 \u0627\u0644\u0645\u0634\u0631\u0642\u0629 \u0648\u0633\u0641\u0631\u0627\u0624\u0646\u0627 \u0641\u064a \u0643\u0644 \u0645\u0643\u0627\u0646 \u0641\u0649 \u0627\u0644\u0639\u0627\u0644\u0645 .\u064a\u0642\u0648\u0645\u0648\u0646 \u0628\u0639\u0631\u0636 \u0635\u0648\u0631\u0629 \u0627\u0644\u062c\u0627\u0645\u0639\u0629 \u0648\u0627\u0644\u062a\u0637\u0648\u064a\u0631 \u0627\u0644\u0645\u0633\u062a\u0645\u0631 \u0641\u064a\u0647\u0627 \u0628\u0623\u0645\u0627\u0646\u0629 \u060c \u0648\u064a\u0639\u0645\u0644\u0648\u0646 \u0639\u0644\u0649 \u062a\u0648\u0636\u064a\u062d \u0645\u0645\u064a\u0632\u0627\u062a \u0627\u0644\u062a\u062e\u0635\u0635\u0627\u062a \u0648\u0627\u0644\u0628\u0631\u0627\u0645\u062c \u0648\u0627\u0644\u0643\u0644\u064a\u0627\u062a \u0627\u0644\u0623\u0643\u0627\u062f\u064a\u0645\u064a\u0629 .\u0628\u0641\u0636\u0644 \u062e\u0628\u0631\u062a\u0647\u0645 \u060c \u064a\u0635\u0628\u062d\u0648\u0646 \u062c\u0633\u0631\u0627\u064b \u0644\u0644\u062a\u0648\u0627\u0635\u0644 [&hellip;]<\/p>","protected":false},"author":2,"featured_media":0,"parent":0,"menu_order":0,"comment_status":"closed","ping_status":"closed","template":"","meta":{"_acf_changed":false,"footnotes":""},"class_list":["post-823","page","type-page","status-publish","hentry"],"acf":[],"_links":{"self":[{"href":"https:\/\/aua-edu.com\/fr\/wp-json\/wp\/v2\/pages\/823","targetHints":{"allow":["GET"]}}],"collection":[{"href":"https:\/\/aua-edu.com\/fr\/wp-json\/wp\/v2\/pages"}],"about":[{"href":"https:\/\/aua-edu.com\/fr\/wp-json\/wp\/v2\/types\/page"}],"author":[{"embeddable":true,"href":"https:\/\/aua-edu.com\/fr\/wp-json\/wp\/v2\/users\/2"}],"replies":[{"embeddable":true,"href":"https:\/\/aua-edu.com\/fr\/wp-json\/wp\/v2\/comments?post=823"}],"version-history":[{"count":107,"href":"https:\/\/aua-edu.com\/fr\/wp-json\/wp\/v2\/pages\/823\/revisions"}],"predecessor-version":[{"id":2292,"href":"https:\/\/aua-edu.com\/fr\/wp-json\/wp\/v2\/pages\/823\/revisions\/2292"}],"wp:attachment":[{"href":"https:\/\/aua-edu.com\/fr\/wp-json\/wp\/v2\/media?parent=823"}],"curies":[{"name":"wp","href":"https:\/\/api.w.org\/{rel}","templated":true}]}}