{"id":1144,"date":"2025-08-08T20:16:15","date_gmt":"2025-08-08T20:16:15","guid":{"rendered":"https:\/\/aua-edu.com\/?page_id=1144"},"modified":"2025-09-07T08:35:52","modified_gmt":"2025-09-07T08:35:52","slug":"%d8%b7%d8%a8-%d8%a7%d9%84%d8%a3%d8%b3%d9%86%d8%a7%d9%86","status":"publish","type":"page","link":"https:\/\/aua-edu.com\/it\/facalties\/%d8%b7%d8%a8-%d8%a7%d9%84%d8%a3%d8%b3%d9%86%d8%a7%d9%86\/","title":{"rendered":"Facolt\u00e0 di Odontoiatria"},"content":{"rendered":"<div data-elementor-type=\"wp-page\" data-elementor-id=\"1144\" class=\"elementor elementor-1144\" data-elementor-post-type=\"page\">\n\t\t\t\t<div class=\"elementor-element elementor-element-265ae7c e-flex e-con-boxed e-con e-parent\" data-id=\"265ae7c\" data-element_type=\"container\">\n\t\t\t\t\t<div class=\"e-con-inner\">\n\t\t\t\t<div class=\"elementor-element elementor-element-3462d36a elementor-widget elementor-widget-text-editor\" data-id=\"3462d36a\" data-element_type=\"widget\" data-widget_type=\"text-editor.default\">\n\t\t\t\t<div class=\"elementor-widget-container\">\n\t\t\t\t\t\t\t\t\t<p><img fetchpriority=\"high\" decoding=\"async\" class=\"wp-image-1225 aligncenter\" src=\"https:\/\/aua-edu.com\/wp-content\/uploads\/2025\/08\/WhatsApp_Image_2021-06-13_at_3.36.04_PM-300x281.jpeg\" alt=\"\" width=\"241\" height=\"225\" srcset=\"https:\/\/aua-edu.com\/wp-content\/uploads\/2025\/08\/WhatsApp_Image_2021-06-13_at_3.36.04_PM-300x281.jpeg 300w, https:\/\/aua-edu.com\/wp-content\/uploads\/2025\/08\/WhatsApp_Image_2021-06-13_at_3.36.04_PM-768x719.jpeg 768w, https:\/\/aua-edu.com\/wp-content\/uploads\/2025\/08\/WhatsApp_Image_2021-06-13_at_3.36.04_PM-13x12.jpeg 13w, https:\/\/aua-edu.com\/wp-content\/uploads\/2025\/08\/WhatsApp_Image_2021-06-13_at_3.36.04_PM.jpeg 1024w\" sizes=\"(max-width: 241px) 100vw, 241px\" \/><\/p><h4><span style=\"color: #000000; font-family: arial, helvetica, sans-serif; font-size: 14pt;\"><strong>Qui creiamo dottori creativi, disegniamo sorrisi e ci prendiamo cura della salute orale con le tecnologie pi\u00f9 recenti e gli standard pi\u00f9 elevati.<\/strong><\/span><\/h4><h4><span style=\"color: #000000; font-family: arial, helvetica, sans-serif; font-size: 14pt;\"><strong>La Facolt\u00e0 di Odontoiatria della nostra prestigiosa universit\u00e0 \u00e8 un istituto di formazione specializzato che mira a preparare dentisti qualificati in possesso delle conoscenze scientifiche e delle competenze cliniche necessarie per diagnosticare e curare problemi orali, dentali e gengivali e per migliorare la salute orale a livello individuale e sociale.<\/strong><\/span><br \/><span style=\"color: #000000; font-family: arial, helvetica, sans-serif; font-size: 14pt;\"><strong>Il college unisce studi teorici avanzati a formazione pratica presso cliniche e ospedali universitari, utilizzando le pi\u00f9 recenti tecnologie e strumenti medici.<\/strong><\/span><br \/><span style=\"color: #000000; font-family: arial, helvetica, sans-serif; font-size: 14pt;\"><strong>Si impegna inoltre a incoraggiare la ricerca scientifica e l&#039;innovazione in vari campi dell&#039;odontoiatria, aderendo ai pi\u00f9 elevati standard di etica professionale e di servizio alla comunit\u00e0, per formare medici laureati in grado di competere a livello locale e globale.<\/strong><\/span><\/h4>\t\t\t\t\t\t\t\t<\/div>\n\t\t\t\t<\/div>\n\t\t\t\t\t<\/div>\n\t\t\t\t<\/div>\n\t\t<div class=\"elementor-element elementor-element-0701668 e-flex e-con-boxed e-con e-parent\" data-id=\"0701668\" data-element_type=\"container\">\n\t\t\t\t\t<div class=\"e-con-inner\">\n\t\t\t\t\t<\/div>\n\t\t\t\t<\/div>\n\t\t\t\t<\/div>","protected":false},"excerpt":{"rendered":"<p>\u0647\u0646\u0627 \u0646\u0635\u0646\u0639 \u0623\u0637\u0628\u0627\u0621\u064b \u0645\u0628\u062f\u0639\u064a\u0646 \u060c \u0646\u0631\u0633\u0645 \u0627\u0644\u0628\u0633\u0645\u0629 \u060c \u0648\u0646\u062d\u0627\u0641\u0638 \u0639\u0644\u0649 \u0635\u062d\u0629 \u0627\u0644\u0641\u0645 \u0628\u0623\u062d\u062f\u062b \u0627\u0644\u062a\u0642\u0646\u064a\u0627\u062a \u0648\u0623\u0639\u0644\u0649 \u0627\u0644\u0645\u0639\u0627\u064a\u064a\u0631 . \u062d\u064a\u062b\u064f \u062a\u064f\u0639\u064e\u062f\u0651 \u0643\u0644\u064a\u0629 \u0637\u0628 \u0627\u0644\u0623\u0633\u0646\u0627\u0646 \u0628\u062c\u0627\u0645\u0639\u062a\u0646\u0627 \u0627\u0644\u0645\u0648\u0642\u0631\u0629 \u0645\u0624\u0633\u0633\u0629 \u062a\u0639\u0644\u064a\u0645\u064a\u0629 \u0645\u062a\u062e\u0635\u0635\u0629 \u062a\u0647\u062f\u0641 \u0625\u0644\u0649 \u0625\u0639\u062f\u0627\u062f \u0623\u0637\u0628\u0627\u0621 \u0623\u0633\u0646\u0627\u0646 \u0645\u0624\u0647\u0644\u064a\u0646 \u064a\u0645\u062a\u0644\u0643\u0648\u0646 \u0627\u0644\u0645\u0639\u0631\u0641\u0629 \u0627\u0644\u0639\u0644\u0645\u064a\u0629 \u0648\u0627\u0644\u0645\u0647\u0627\u0631\u0627\u062a \u0627\u0644\u0633\u0631\u064a\u0631\u064a\u0629 \u0627\u0644\u0644\u0627\u0632\u0645\u0629 \u0644\u062a\u0634\u062e\u064a\u0635 \u0648\u0639\u0644\u0627\u062c \u0645\u0634\u0643\u0644\u0627\u062a \u0627\u0644\u0641\u0645 \u0648\u0627\u0644\u0623\u0633\u0646\u0627\u0646 \u0648\u0627\u0644\u0644\u062b\u0629 \u060c \u0648\u0627\u0644\u0625\u0631\u062a\u0642\u0627\u0621 \u0628\u0635\u062d\u0629 \u0627\u0644\u0641\u0645 \u0639\u0644\u0649 \u0627\u0644\u0645\u0633\u062a\u0648\u0649 \u0627\u0644\u0641\u0631\u062f\u064a \u0648\u0627\u0644\u0645\u062c\u062a\u0645\u0639\u064a .\u062a\u062f\u0645\u062c \u0627\u0644\u0643\u0644\u064a\u0629 [&hellip;]<\/p>","protected":false},"author":2,"featured_media":0,"parent":70,"menu_order":0,"comment_status":"closed","ping_status":"closed","template":"","meta":{"_acf_changed":false,"footnotes":""},"class_list":["post-1144","page","type-page","status-publish","hentry"],"acf":[],"_links":{"self":[{"href":"https:\/\/aua-edu.com\/it\/wp-json\/wp\/v2\/pages\/1144","targetHints":{"allow":["GET"]}}],"collection":[{"href":"https:\/\/aua-edu.com\/it\/wp-json\/wp\/v2\/pages"}],"about":[{"href":"https:\/\/aua-edu.com\/it\/wp-json\/wp\/v2\/types\/page"}],"author":[{"embeddable":true,"href":"https:\/\/aua-edu.com\/it\/wp-json\/wp\/v2\/users\/2"}],"replies":[{"embeddable":true,"href":"https:\/\/aua-edu.com\/it\/wp-json\/wp\/v2\/comments?post=1144"}],"version-history":[{"count":12,"href":"https:\/\/aua-edu.com\/it\/wp-json\/wp\/v2\/pages\/1144\/revisions"}],"predecessor-version":[{"id":1944,"href":"https:\/\/aua-edu.com\/it\/wp-json\/wp\/v2\/pages\/1144\/revisions\/1944"}],"up":[{"embeddable":true,"href":"https:\/\/aua-edu.com\/it\/wp-json\/wp\/v2\/pages\/70"}],"wp:attachment":[{"href":"https:\/\/aua-edu.com\/it\/wp-json\/wp\/v2\/media?parent=1144"}],"curies":[{"name":"parola chiave","href":"https:\/\/api.w.org\/{rel}","templated":true}]}}