{"id":1150,"date":"2025-08-08T20:17:39","date_gmt":"2025-08-08T20:17:39","guid":{"rendered":"https:\/\/aua-edu.com\/?page_id=1150"},"modified":"2025-09-07T08:42:02","modified_gmt":"2025-09-07T08:42:02","slug":"%d8%a7%d9%84%d8%aa%d9%85%d8%b1%d9%8a%d8%b6","status":"publish","type":"page","link":"https:\/\/aua-edu.com\/it\/%d8%a7%d9%84%d8%aa%d9%85%d8%b1%d9%8a%d8%b6\/","title":{"rendered":"Facolt\u00e0 di Infermieristica"},"content":{"rendered":"<p><img decoding=\"async\" class=\"wp-image-1200 aligncenter\" src=\"https:\/\/aua-edu.com\/wp-content\/uploads\/2025\/08\/778878-300x200.jpg\" alt=\"\" width=\"260\" height=\"173\" srcset=\"https:\/\/aua-edu.com\/wp-content\/uploads\/2025\/08\/778878-300x200.jpg 300w, https:\/\/aua-edu.com\/wp-content\/uploads\/2025\/08\/778878-1024x682.jpg 1024w, https:\/\/aua-edu.com\/wp-content\/uploads\/2025\/08\/778878-768x512.jpg 768w, https:\/\/aua-edu.com\/wp-content\/uploads\/2025\/08\/778878-1536x1024.jpg 1536w, https:\/\/aua-edu.com\/wp-content\/uploads\/2025\/08\/778878-18x12.jpg 18w, https:\/\/aua-edu.com\/wp-content\/uploads\/2025\/08\/778878.jpg 2000w\" sizes=\"(max-width: 260px) 100vw, 260px\" \/><\/p>\n<h3><span style=\"font-size: 14pt; font-family: arial, helvetica, sans-serif; color: #000000;\"><strong>La Facolt\u00e0 di Infermieristica \u00e8 un&#039;istituzione educativa leader che si propone di preparare infermieri altamente qualificati, in grado di fornire un&#039;assistenza sanitaria completa in conformit\u00e0 con i pi\u00f9 recenti standard internazionali. <\/strong><\/span><\/h3>\n<h3><span style=\"font-size: 14pt; font-family: arial, helvetica, sans-serif; color: #000000;\"><strong>Il college combina formazione teorica specializzata, apprendimento a distanza e formazione pratica intensiva in ospedali e centri sanitari, garantendo la formazione di personale qualificato per lavorare in vari settori dell&#039;assistenza sanitaria.<\/strong><\/span><br \/>\n<span style=\"font-size: 14pt; font-family: arial, helvetica, sans-serif; color: #000000;\"><strong>Il college si propone inoltre di promuovere i valori della compassione, della responsabilit\u00e0 e dell&#039;impegno professionale, incoraggiando al contempo la ricerca scientifica nei campi dell&#039;infermieristica e della sanit\u00e0 pubblica, per contribuire allo sviluppo dei servizi sanitari e migliorare la qualit\u00e0 della vita nella societ\u00e0.<\/strong><\/span><\/h3>","protected":false},"excerpt":{"rendered":"<p>\u062a\u064f\u0639\u064e\u062f\u0651 \u0643\u0644\u064a\u0629 \u0627\u0644\u062a\u0645\u0631\u064a\u0636 \u0645\u0624\u0633\u0633\u0629 \u062a\u0639\u0644\u064a\u0645\u064a\u0629 \u0631\u0627\u0626\u062f\u0629 \u062a\u0647\u062f\u0641 \u0625\u0644\u0649 \u0625\u0639\u062f\u0627\u062f \u0645\u0645\u0631\u0636\u064a\u0646 \u0648\u0645\u0645\u0631\u0636\u0627\u062a \u0630\u0648\u064a \u0643\u0641\u0627\u0621\u0629 \u0639\u0627\u0644\u064a\u0629 \u060c \u0642\u0627\u062f\u0631\u064a\u0646 \u0639\u0644\u0649 \u062a\u0642\u062f\u064a\u0645 \u0631\u0639\u0627\u064a\u0629 \u0635\u062d\u064a\u0629 \u0634\u0627\u0645\u0644\u0629 \u0648\u0641\u0642 \u0623\u062d\u062f\u062b \u0627\u0644\u0645\u0639\u0627\u064a\u064a\u0631 \u0627\u0644\u0639\u0627\u0644\u0645\u064a\u0629 . \u062a\u062c\u0645\u0639 \u0627\u0644\u0643\u0644\u064a\u0629 \u0628\u064a\u0646 \u0627\u0644\u062a\u0639\u0644\u064a\u0645 \u0627\u0644\u0646\u0638\u0631\u064a \u0627\u0644\u0645\u062a\u062e\u0635\u0635 \u0648\u0627\u0644\u062a\u062f\u0631\u064a\u0628 \u0639\u0646 \u0628\u064f\u0639\u062f \u0648\u0627\u0644\u062a\u062f\u0631\u064a\u0628 \u0627\u0644\u0639\u0645\u0644\u064a \u0627\u0644\u0645\u0643\u062b\u0641 \u0641\u064a \u0627\u0644\u0645\u0633\u062a\u0634\u0641\u064a\u0627\u062a \u0648\u0627\u0644\u0645\u0631\u0627\u0643\u0632 \u0627\u0644\u0635\u062d\u064a\u0629 \u060c \u0628\u0645\u0627 \u064a\u0636\u0645\u0646 \u062a\u062e\u0631\u064a\u062c \u0643\u0648\u0627\u062f\u0631 \u0645\u0624\u0647\u0644\u0629 \u0644\u0644\u0639\u0645\u0644 \u0641\u064a \u0645\u062e\u062a\u0644\u0641 \u0645\u062c\u0627\u0644\u0627\u062a \u0627\u0644\u0631\u0639\u0627\u064a\u0629 \u0627\u0644\u0635\u062d\u064a\u0629 . [&hellip;]<\/p>","protected":false},"author":2,"featured_media":0,"parent":0,"menu_order":0,"comment_status":"closed","ping_status":"closed","template":"","meta":{"_acf_changed":false,"footnotes":""},"class_list":["post-1150","page","type-page","status-publish","hentry"],"acf":[],"_links":{"self":[{"href":"https:\/\/aua-edu.com\/it\/wp-json\/wp\/v2\/pages\/1150","targetHints":{"allow":["GET"]}}],"collection":[{"href":"https:\/\/aua-edu.com\/it\/wp-json\/wp\/v2\/pages"}],"about":[{"href":"https:\/\/aua-edu.com\/it\/wp-json\/wp\/v2\/types\/page"}],"author":[{"embeddable":true,"href":"https:\/\/aua-edu.com\/it\/wp-json\/wp\/v2\/users\/2"}],"replies":[{"embeddable":true,"href":"https:\/\/aua-edu.com\/it\/wp-json\/wp\/v2\/comments?post=1150"}],"version-history":[{"count":8,"href":"https:\/\/aua-edu.com\/it\/wp-json\/wp\/v2\/pages\/1150\/revisions"}],"predecessor-version":[{"id":1201,"href":"https:\/\/aua-edu.com\/it\/wp-json\/wp\/v2\/pages\/1150\/revisions\/1201"}],"wp:attachment":[{"href":"https:\/\/aua-edu.com\/it\/wp-json\/wp\/v2\/media?parent=1150"}],"curies":[{"name":"parola chiave","href":"https:\/\/api.w.org\/{rel}","templated":true}]}}