{"id":1161,"date":"2025-08-08T20:20:13","date_gmt":"2025-08-08T20:20:13","guid":{"rendered":"https:\/\/aua-edu.com\/?page_id=1161"},"modified":"2025-09-07T08:49:05","modified_gmt":"2025-09-07T08:49:05","slug":"%d9%83%d9%84%d9%8a%d8%a9-%d8%a7%d9%84%d8%aa%d8%ac%d8%a7%d8%b1%d8%a9","status":"publish","type":"page","link":"https:\/\/aua-edu.com\/it\/%d9%83%d9%84%d9%8a%d8%a9-%d8%a7%d9%84%d8%aa%d8%ac%d8%a7%d8%b1%d8%a9\/","title":{"rendered":"Facolt\u00e0 di Commercio"},"content":{"rendered":"<p><img fetchpriority=\"high\" decoding=\"async\" class=\"wp-image-1232 aligncenter\" src=\"https:\/\/aua-edu.com\/wp-content\/uploads\/2025\/08\/677676.jpg\" alt=\"\" width=\"237\" height=\"228\" srcset=\"https:\/\/aua-edu.com\/wp-content\/uploads\/2025\/08\/677676.jpg 131w, https:\/\/aua-edu.com\/wp-content\/uploads\/2025\/08\/677676-12x12.jpg 12w\" sizes=\"(max-width: 237px) 100vw, 237px\" \/><\/p>\n<h3><span style=\"color: #000000; font-size: 14pt; font-family: arial, helvetica, sans-serif;\"><strong>Qui formiamo esperti economici, pionieri del management e apriamo orizzonti di successo nel mondo degli affari e della finanza.<\/strong><\/span><\/h3>\n<h3><span style=\"color: #000000; font-size: 14pt; font-family: arial, helvetica, sans-serif;\"><strong>La Facolt\u00e0 di Commercio \u00e8 una delle universit\u00e0 leader nel campo delle scienze commerciali e amministrative. Il suo obiettivo \u00e8 preparare quadri specializzati dotati di conoscenze teoriche e competenze applicative nei settori della contabilit\u00e0, dell&#039;amministrazione aziendale, dell&#039;economia, del marketing e della finanza.<\/strong><\/span><br \/>\n<span style=\"color: #000000; font-size: 14pt; font-family: arial, helvetica, sans-serif;\"><strong>Il college unisce l&#039;apprendimento a distanza alla formazione pratica, garantendo la laurea di laureati in grado di competere nel mercato del lavoro locale e globale e di contribuire allo sviluppo delle istituzioni del settore pubblico e privato.<\/strong><\/span><br \/>\n<span style=\"color: #000000; font-size: 14pt; font-family: arial, helvetica, sans-serif;\"><strong>Il college si propone inoltre di promuovere lo spirito di leadership e innovazione e di incoraggiare la ricerca scientifica nei settori del commercio e dell&#039;economia, in modo da supportare lo sviluppo sostenibile e servire la societ\u00e0.<\/strong><\/span><\/h3>\n<p>&nbsp;<\/p>","protected":false},"excerpt":{"rendered":"<p>\u0647\u0646\u0627 \u0646\u0635\u0646\u0639 \u062e\u0628\u0631\u0627\u0621 \u0627\u0644\u0627\u0642\u062a\u0635\u0627\u062f \u060c \u0648\u0631\u0648\u0651\u0627\u062f \u0627\u0644\u0625\u062f\u0627\u0631\u0629 \u060c \u0648\u0646\u0641\u062a\u062d \u0622\u0641\u0627\u0642 \u0627\u0644\u0646\u062c\u0627\u062d \u0641\u064a \u0639\u0627\u0644\u0645 \u0627\u0644\u062a\u062c\u0627\u0631\u0629 \u0648\u0627\u0644\u0645\u0627\u0644 . \u062a\u064f\u0639\u064e\u062f\u0651 \u0643\u0644\u064a\u0629 \u0627\u0644\u062a\u062c\u0627\u0631\u0629 \u0625\u062d\u062f\u0649 \u0627\u0644\u0643\u0644\u064a\u0627\u062a \u0627\u0644\u0631\u0627\u0626\u062f\u0629 \u0641\u064a \u0645\u062c\u0627\u0644\u0627\u062a \u0627\u0644\u0639\u0644\u0648\u0645 \u0627\u0644\u062a\u062c\u0627\u0631\u064a\u0629 \u0648\u0627\u0644\u0625\u062f\u0627\u0631\u064a\u0629 \u060c \u0648\u062a\u0647\u062f\u0641 \u0625\u0644\u0649 \u0625\u0639\u062f\u0627\u062f \u0643\u0648\u0627\u062f\u0631 \u0645\u062a\u062e\u0635\u0635\u0629 \u062a\u0645\u062a\u0644\u0643 \u0627\u0644\u0645\u0639\u0631\u0641\u0629 \u0627\u0644\u0646\u0638\u0631\u064a\u0629 \u0648\u0627\u0644\u0645\u0647\u0627\u0631\u0627\u062a \u0627\u0644\u062a\u0637\u0628\u064a\u0642\u064a\u0629 \u0641\u064a \u0645\u062c\u0627\u0644\u0627\u062a \u0627\u0644\u0645\u062d\u0627\u0633\u0628\u0629 \u060c \u0625\u062f\u0627\u0631\u0629 \u0627\u0644\u0623\u0639\u0645\u0627\u0644 \u060c \u0627\u0644\u0627\u0642\u062a\u0635\u0627\u062f \u060c \u0627\u0644\u062a\u0633\u0648\u064a\u0642 \u060c \u0648\u0627\u0644\u062a\u0645\u0648\u064a\u0644 . \u062a\u062c\u0645\u0639 \u0627\u0644\u0643\u0644\u064a\u0629 \u0628\u064a\u0646 \u0627\u0644\u062f\u0631\u0627\u0633\u0629 [&hellip;]<\/p>","protected":false},"author":2,"featured_media":0,"parent":0,"menu_order":0,"comment_status":"closed","ping_status":"closed","template":"","meta":{"_acf_changed":false,"footnotes":""},"class_list":["post-1161","page","type-page","status-publish","hentry"],"acf":[],"_links":{"self":[{"href":"https:\/\/aua-edu.com\/it\/wp-json\/wp\/v2\/pages\/1161","targetHints":{"allow":["GET"]}}],"collection":[{"href":"https:\/\/aua-edu.com\/it\/wp-json\/wp\/v2\/pages"}],"about":[{"href":"https:\/\/aua-edu.com\/it\/wp-json\/wp\/v2\/types\/page"}],"author":[{"embeddable":true,"href":"https:\/\/aua-edu.com\/it\/wp-json\/wp\/v2\/users\/2"}],"replies":[{"embeddable":true,"href":"https:\/\/aua-edu.com\/it\/wp-json\/wp\/v2\/comments?post=1161"}],"version-history":[{"count":6,"href":"https:\/\/aua-edu.com\/it\/wp-json\/wp\/v2\/pages\/1161\/revisions"}],"predecessor-version":[{"id":1960,"href":"https:\/\/aua-edu.com\/it\/wp-json\/wp\/v2\/pages\/1161\/revisions\/1960"}],"wp:attachment":[{"href":"https:\/\/aua-edu.com\/it\/wp-json\/wp\/v2\/media?parent=1161"}],"curies":[{"name":"parola chiave","href":"https:\/\/api.w.org\/{rel}","templated":true}]}}