{"id":1178,"date":"2025-08-08T20:28:14","date_gmt":"2025-08-08T20:28:14","guid":{"rendered":"https:\/\/aua-edu.com\/?page_id=1178"},"modified":"2025-09-07T08:47:56","modified_gmt":"2025-09-07T08:47:56","slug":"%d8%a7%d9%84%d9%81%d9%86%d9%88%d9%86-%d8%a7%d9%84%d8%ac%d9%85%d9%8a%d9%84%d8%a9","status":"publish","type":"page","link":"https:\/\/aua-edu.com\/it\/%d8%a7%d9%84%d9%81%d9%86%d9%88%d9%86-%d8%a7%d9%84%d8%ac%d9%85%d9%8a%d9%84%d8%a9\/","title":{"rendered":"Facolt\u00e0 di Belle Arti"},"content":{"rendered":"<p><img decoding=\"async\" class=\"wp-image-1217 aligncenter\" src=\"https:\/\/aua-edu.com\/wp-content\/uploads\/2025\/08\/458220890_500204616053384_2961262149918912918_n-295x300.jpg\" alt=\"\" width=\"219\" height=\"223\" srcset=\"https:\/\/aua-edu.com\/wp-content\/uploads\/2025\/08\/458220890_500204616053384_2961262149918912918_n-295x300.jpg 295w, https:\/\/aua-edu.com\/wp-content\/uploads\/2025\/08\/458220890_500204616053384_2961262149918912918_n-768x780.jpg 768w, https:\/\/aua-edu.com\/wp-content\/uploads\/2025\/08\/458220890_500204616053384_2961262149918912918_n-12x12.jpg 12w, https:\/\/aua-edu.com\/wp-content\/uploads\/2025\/08\/458220890_500204616053384_2961262149918912918_n.jpg 881w\" sizes=\"(max-width: 219px) 100vw, 219px\" \/><\/p>\n<h3><span style=\"color: #000000; font-size: 14pt; font-family: arial, helvetica, sans-serif;\"><strong>Il College of Fine Arts \u00e8 un faro di creativit\u00e0 artistica, il cui obiettivo \u00e8 preparare artisti e creativi dotati di competenze accademiche e di un elevato senso estetico nei campi delle belle arti, della scultura, della fotografia, dell&#039;architettura d&#039;interni e del teatro.<\/strong><\/span><br \/>\n<span style=\"color: #000000; font-size: 14pt; font-family: arial, helvetica, sans-serif;\"><strong>Il college coniuga studio teorico, apprendimento a distanza e applicazione pratica, offrendo agli studenti un ambiente ricco di esperienze artistiche e opportunit\u00e0 di autoespressione, con particolare attenzione allo sviluppo e al perfezionamento del talento secondo solide basi scientifiche e artistiche.<\/strong><\/span><br \/>\n<span style=\"color: #000000; font-size: 14pt; font-family: arial, helvetica, sans-serif;\"><strong>Il college si propone inoltre di preservare il patrimonio artistico e culturale di ogni Paese e di incoraggiare l&#039;innovazione e la creativit\u00e0 tra tutti gli studenti, per formare una generazione in grado di contribuire ad arricchire il movimento artistico a livello locale e globale.<\/strong><\/span><\/h3>","protected":false},"excerpt":{"rendered":"<p>\u062a\u064f\u0639\u064e\u062f\u0651 \u0643\u0644\u064a\u0629 \u0627\u0644\u0641\u0646\u0648\u0646 \u0627\u0644\u062c\u0645\u064a\u0644\u0629 \u0645\u0646\u0627\u0631\u0629 \u0644\u0644\u0625\u0628\u062f\u0627\u0639 \u0627\u0644\u0641\u0646\u064a \u060c \u062a\u0647\u062f\u0641 \u0625\u0644\u0649 \u0625\u0639\u062f\u0627\u062f \u0641\u0646\u0627\u0646\u064a\u0646 \u0648\u0645\u0628\u062f\u0639\u064a\u0646 \u064a\u0645\u062a\u0644\u0643\u0648\u0646 \u0627\u0644\u0645\u0647\u0627\u0631\u0627\u062a \u0627\u0644\u0623\u0643\u0627\u062f\u064a\u0645\u064a\u0629 \u0648\u0627\u0644\u062d\u0633 \u0627\u0644\u062c\u0645\u0627\u0644\u064a \u0627\u0644\u0639\u0627\u0644\u064a \u0641\u064a \u0645\u062c\u0627\u0644\u0627\u062a \u0627\u0644\u0641\u0646\u0648\u0646 \u0627\u0644\u062a\u0634\u0643\u064a\u0644\u064a\u0629 \u060c \u0627\u0644\u0646\u062d\u062a \u060c \u0627\u0644\u062a\u0635\u0648\u064a\u0631 \u060c \u0627\u0644\u0639\u0645\u0627\u0631\u0629 \u0627\u0644\u062f\u0627\u062e\u0644\u064a\u0629 \u060c \u0648\u0627\u0644\u0645\u0633\u0631\u062d . \u062a\u062f\u0645\u062c \u0627\u0644\u0643\u0644\u064a\u0629 \u0628\u064a\u0646 \u0627\u0644\u062f\u0631\u0627\u0633\u0629 \u0627\u0644\u0646\u0638\u0631\u064a\u0629 \u0648\u0627\u0644\u062f\u0631\u0627\u0633\u0629 \u0639\u0646 \u0628\u064f\u0639\u062f \u0648\u0627\u0644\u062a\u0637\u0628\u064a\u0642 \u0627\u0644\u0639\u0645\u0644\u064a \u060c \u0644\u062a\u0645\u0646\u062d \u0627\u0644\u0637\u0644\u0627\u0628 \u0628\u064a\u0626\u0629 \u063a\u0646\u064a\u0629 \u0628\u0627\u0644\u062a\u062c\u0627\u0631\u0628 \u0627\u0644\u0641\u0646\u064a\u0629 \u0648\u0641\u0631\u0635 \u0627\u0644\u062a\u0639\u0628\u064a\u0631 \u0639\u0646 \u0627\u0644\u0630\u0627\u062a \u060c [&hellip;]<\/p>","protected":false},"author":2,"featured_media":0,"parent":0,"menu_order":0,"comment_status":"closed","ping_status":"closed","template":"","meta":{"_acf_changed":false,"footnotes":""},"class_list":["post-1178","page","type-page","status-publish","hentry"],"acf":[],"_links":{"self":[{"href":"https:\/\/aua-edu.com\/it\/wp-json\/wp\/v2\/pages\/1178","targetHints":{"allow":["GET"]}}],"collection":[{"href":"https:\/\/aua-edu.com\/it\/wp-json\/wp\/v2\/pages"}],"about":[{"href":"https:\/\/aua-edu.com\/it\/wp-json\/wp\/v2\/types\/page"}],"author":[{"embeddable":true,"href":"https:\/\/aua-edu.com\/it\/wp-json\/wp\/v2\/users\/2"}],"replies":[{"embeddable":true,"href":"https:\/\/aua-edu.com\/it\/wp-json\/wp\/v2\/comments?post=1178"}],"version-history":[{"count":6,"href":"https:\/\/aua-edu.com\/it\/wp-json\/wp\/v2\/pages\/1178\/revisions"}],"predecessor-version":[{"id":1957,"href":"https:\/\/aua-edu.com\/it\/wp-json\/wp\/v2\/pages\/1178\/revisions\/1957"}],"wp:attachment":[{"href":"https:\/\/aua-edu.com\/it\/wp-json\/wp\/v2\/media?parent=1178"}],"curies":[{"name":"parola chiave","href":"https:\/\/api.w.org\/{rel}","templated":true}]}}