{"id":1222,"date":"2025-08-08T22:35:03","date_gmt":"2025-08-08T22:35:03","guid":{"rendered":"https:\/\/aua-edu.com\/?page_id=1222"},"modified":"2025-09-07T08:46:36","modified_gmt":"2025-09-07T08:46:36","slug":"%d9%83%d9%84%d9%8a%d8%a9-%d8%aa%d9%83%d9%86%d9%88%d9%84%d9%88%d8%ac%d9%8a%d8%a7-%d8%a7%d9%84%d9%85%d8%b9%d9%84%d9%88%d9%85%d8%a7%d8%aa","status":"publish","type":"page","link":"https:\/\/aua-edu.com\/it\/%d9%83%d9%84%d9%8a%d8%a9-%d8%aa%d9%83%d9%86%d9%88%d9%84%d9%88%d8%ac%d9%8a%d8%a7-%d8%a7%d9%84%d9%85%d8%b9%d9%84%d9%88%d9%85%d8%a7%d8%aa\/","title":{"rendered":"Facolt\u00e0 di Tecnologia dell&#039;Informazione"},"content":{"rendered":"<p><img fetchpriority=\"high\" decoding=\"async\" class=\"wp-image-1223 aligncenter\" src=\"https:\/\/aua-edu.com\/wp-content\/uploads\/2025\/08\/baner-300x193.gif\" alt=\"\" width=\"304\" height=\"195\" srcset=\"https:\/\/aua-edu.com\/wp-content\/uploads\/2025\/08\/baner-300x193.gif 300w, https:\/\/aua-edu.com\/wp-content\/uploads\/2025\/08\/baner-1024x658.gif 1024w, https:\/\/aua-edu.com\/wp-content\/uploads\/2025\/08\/baner-768x494.gif 768w, https:\/\/aua-edu.com\/wp-content\/uploads\/2025\/08\/baner-18x12.gif 18w\" sizes=\"(max-width: 304px) 100vw, 304px\" \/><\/p>\n<h3><span style=\"color: #000000; font-size: 14pt; font-family: arial, helvetica, sans-serif;\"><strong>Qui formiamo programmatori, sviluppiamo soluzioni e teniamo il passo con il futuro nel mondo in rapida evoluzione della tecnologia.<\/strong><\/span><\/h3>\n<h3><span style=\"color: #000000; font-size: 14pt; font-family: arial, helvetica, sans-serif;\"><strong>Il College of Information Technology \u00e8 un istituto accademico specializzato che si propone di preparare personale qualificato dotato di conoscenze teoriche e competenze pratiche nei settori dell&#039;informatica, della sicurezza delle reti, dell&#039;analisi dei sistemi, dello sviluppo software e della gestione dei database.<\/strong><\/span><br \/>\n<span style=\"color: #000000; font-size: 14pt; font-family: arial, helvetica, sans-serif;\"><strong>Il college coniuga l&#039;apprendimento avanzato a distanza con la formazione pratica in laboratori all&#039;avanguardia, garantendo la laurea di specialisti in grado di tenere il passo con i rapidi sviluppi del mondo della tecnologia e di contribuire alla trasformazione digitale delle istituzioni.<\/strong><\/span><br \/>\n<span style=\"color: #000000; font-size: 14pt; font-family: arial, helvetica, sans-serif;\"><strong>Il college \u00e8 inoltre desideroso di incoraggiare la ricerca scientifica e l&#039;innovazione e di sviluppare lo spirito di creativit\u00e0 e di lavoro di squadra tra i suoi studenti, qualificandoli cos\u00ec per competere nel mercato del lavoro locale e globale.<\/strong><\/span><\/h3>","protected":false},"excerpt":{"rendered":"<p>Qui formiamo programmatori, sviluppiamo soluzioni e ci muoviamo con sicurezza verso il futuro nel mondo della tecnologia in rapida evoluzione. Il College of Information Technology \u00e8 un istituto accademico specializzato dedicato alla preparazione di laureati di alto livello, dotati sia di conoscenze teoriche che di competenze pratiche nei settori dell&#039;informatica, della sicurezza delle reti, dell&#039;analisi dei sistemi, dello sviluppo software e della gestione dei database. Il college integra la formazione con...<\/p>","protected":false},"author":2,"featured_media":0,"parent":0,"menu_order":0,"comment_status":"closed","ping_status":"closed","template":"","meta":{"_acf_changed":false,"footnotes":""},"class_list":["post-1222","page","type-page","status-publish","hentry"],"acf":[],"_links":{"self":[{"href":"https:\/\/aua-edu.com\/it\/wp-json\/wp\/v2\/pages\/1222","targetHints":{"allow":["GET"]}}],"collection":[{"href":"https:\/\/aua-edu.com\/it\/wp-json\/wp\/v2\/pages"}],"about":[{"href":"https:\/\/aua-edu.com\/it\/wp-json\/wp\/v2\/types\/page"}],"author":[{"embeddable":true,"href":"https:\/\/aua-edu.com\/it\/wp-json\/wp\/v2\/users\/2"}],"replies":[{"embeddable":true,"href":"https:\/\/aua-edu.com\/it\/wp-json\/wp\/v2\/comments?post=1222"}],"version-history":[{"count":5,"href":"https:\/\/aua-edu.com\/it\/wp-json\/wp\/v2\/pages\/1222\/revisions"}],"predecessor-version":[{"id":1954,"href":"https:\/\/aua-edu.com\/it\/wp-json\/wp\/v2\/pages\/1222\/revisions\/1954"}],"wp:attachment":[{"href":"https:\/\/aua-edu.com\/it\/wp-json\/wp\/v2\/media?parent=1222"}],"curies":[{"name":"parola chiave","href":"https:\/\/api.w.org\/{rel}","templated":true}]}}