{"id":1990,"date":"2025-09-07T13:17:50","date_gmt":"2025-09-07T13:17:50","guid":{"rendered":"https:\/\/aua-edu.com\/?page_id=1990"},"modified":"2025-09-07T13:33:38","modified_gmt":"2025-09-07T13:33:38","slug":"1990-2","status":"publish","type":"page","link":"https:\/\/aua-edu.com\/it\/1990-2\/","title":{"rendered":""},"content":{"rendered":"<h1 style=\"text-align: center;\"><span style=\"color: #0000ff;\">Perch\u00e9 la formazione a distanza?<\/span><\/h1>\n<h1><img fetchpriority=\"high\" decoding=\"async\" class=\"size-medium wp-image-1401 aligncenter\" src=\"https:\/\/aua-edu.com\/wp-content\/uploads\/2025\/08\/43434343434344-300x300.jpg\" alt=\"\" width=\"300\" height=\"300\" srcset=\"https:\/\/aua-edu.com\/wp-content\/uploads\/2025\/08\/43434343434344-300x300.jpg 300w, https:\/\/aua-edu.com\/wp-content\/uploads\/2025\/08\/43434343434344-150x150.jpg 150w, https:\/\/aua-edu.com\/wp-content\/uploads\/2025\/08\/43434343434344-12x12.jpg 12w, https:\/\/aua-edu.com\/wp-content\/uploads\/2025\/08\/43434343434344.jpg 626w\" sizes=\"(max-width: 300px) 100vw, 300px\" \/><\/h1>\n<h3><span style=\"font-family: arial black, sans-serif;\"><strong><span style=\"font-size: 14pt; color: #000000;\">Molti studenti sognano di ottenere opportunit\u00e0 di studio all&#039;estero, ma il problema \u00e8 che potrebbero incontrare difficolt\u00e0 e sfide nell&#039;iscriversi a queste universit\u00e0 internazionali fuori dal Paese. Non si tratta necessariamente di difficolt\u00e0 finanziarie, ma piuttosto di difficolt\u00e0 legate alla pianificazione del viaggio e alla presentazione della domanda di ammissione all&#039;universit\u00e0 scelta.<\/span><\/strong><\/span><\/h3>\n<h3><span style=\"font-family: arial black, sans-serif;\"><strong><span style=\"font-size: 14pt; color: #000000;\">Spesso lo studente non ha i passi corretti da seguire per quanto riguarda l&#039;universit\u00e0 pi\u00f9 adatta a lui, alle sue ambizioni e alla sua specializzazione universitaria.<\/span><\/strong><\/span><\/h3>\n<h3><span style=\"font-family: arial black, sans-serif;\"><strong><span style=\"font-size: 14pt; color: #000000;\"><span style=\"color: #ff0000;\">Vantaggi dell&#039;apprendimento a distanza:<\/span><\/span><\/strong><\/span><\/h3>\n<h3><span style=\"font-family: arial black, sans-serif;\"><strong><span style=\"font-size: 14pt; color: #000000;\">Scoprirai che i vantaggi della formazione a distanza sono molteplici e ti faranno risparmiare un sacco di fatica, tempo e denaro. Potrai seguire le lezioni e i corsi che desideri, oltre a continuare a lavorare da casa e tramite il tuo computer. Questi vantaggi sono i seguenti:<\/span><\/strong><\/span><\/h3>\n<h3><span style=\"font-family: arial black, sans-serif;\"><strong><span style=\"font-size: 14pt; color: #000000;\">Con questo sistema educativo \u00e8 facile conseguire una laurea triennale in Scienze, semplicemente da casa, dove troverai tutte le informazioni e le universit\u00e0 che desideri conseguire.<\/span><\/strong><\/span><\/h3>\n<h3><span style=\"font-family: arial black, sans-serif;\"><strong><span style=\"font-size: 14pt; color: #000000;\">Si risparmia un&#039;enorme quantit\u00e0 di tempo e di sforzi che si impiegherebbero nel sistema educativo tradizionale.<\/span><\/strong><\/span><\/h3>\n<h3><span style=\"font-family: arial black, sans-serif;\"><strong><span style=\"font-size: 14pt; color: #000000;\">\u00c8 facile combinare la formazione a distanza con il lavoro da casa.<\/span><\/strong><\/span><\/h3>\n<h3><span style=\"font-family: arial black, sans-serif;\"><strong><span style=\"font-size: 14pt; color: #000000;\">Uno dei vantaggi dell&#039;istruzione a distanza \u00e8 la sua capacit\u00e0 di garantire flessibilit\u00e0 in termini di tempo e luogo, cosa che manca nel sistema educativo tradizionale.<\/span><\/strong><\/span><\/h3>\n<h3><span style=\"font-family: arial black, sans-serif;\"><strong><span style=\"font-size: 14pt; color: #000000;\">\u00c8 molto adatto alle persone con esigenze particolari perch\u00e9 consente loro di apprendere senza alcuna mobilit\u00e0.<\/span><\/strong><\/span><\/h3>\n<h3><span style=\"font-family: arial black, sans-serif;\"><strong><span style=\"font-size: 14pt; color: #000000;\"><span style=\"color: #ff0000;\">Alcuni esempi di successo della didattica a distanza:<\/span><\/span><\/strong><\/span><\/h3>\n<h3><span style=\"font-family: arial black, sans-serif;\"><strong><span style=\"font-size: 14pt; color: #000000;\">Certamente, i vantaggi della didattica a distanza sono diventati molto evidenti nel periodo recente, quando si parla di pandemia di Corona, poich\u00e9 il mondo intero si \u00e8 rivolto all&#039;apprendimento attraverso questo sistema, poich\u00e9 \u00e8 il pi\u00f9 appropriato nelle circostanze che il mondo sta vivendo e per preservare la vita delle persone.<\/span><\/strong><\/span><\/h3>\n<h3><span style=\"font-family: arial black, sans-serif;\"><strong><span style=\"font-size: 14pt; color: #000000;\">Inoltre, ad esempio, all&#039;interno del Regno hashemita di Giordania, abbiamo trovato una delle piattaforme pi\u00f9 famose chiamata <span style=\"color: #ff0000;\">(La tua lezione)<\/span> Questa piattaforma \u00e8 stata creata appositamente per gli studenti e ha gi\u00e0 approvato ufficialmente molti programmi didattici diversi di cui gli studenti hanno bisogno. Non solo, ma attraverso questa piattaforma si \u00e8 lavorato per fornire test di valutazione agli studenti e per sostenere i loro esami. Qui emergono i vantaggi della formazione a distanza e la sua importanza.<\/span><\/strong><\/span><\/h3>\n<h3><span style=\"font-family: arial black, sans-serif;\"><strong><span style=\"font-size: 14pt; color: #000000;\">Pertanto, nel corso di questa spiegazione, abbiamo discusso in dettaglio i vantaggi dell&#039;istruzione a distanza, nonch\u00e9 alcuni degli esempi esistenti che sono stati implementati e hanno dimostrato di avere successo per questo sistema educativo.<\/span><\/strong><\/span><\/h3>\n<h3><\/h3>","protected":false},"excerpt":{"rendered":"<p>Perch\u00e9 la formazione a distanza? Molti studenti sognano di studiare all&#039;estero, ma il problema \u00e8 che potrebbero incontrare difficolt\u00e0 e ostacoli nell&#039;iscriversi a universit\u00e0 internazionali al di fuori del proprio Paese d&#039;origine. Queste difficolt\u00e0 non devono necessariamente essere di natura finanziaria, ma piuttosto legate alla pianificazione del viaggio e alla presentazione della domanda di ammissione all&#039;universit\u00e0 scelta. Spesso, gli studenti non dispongono delle risorse necessarie...<\/p>","protected":false},"author":2,"featured_media":0,"parent":0,"menu_order":0,"comment_status":"closed","ping_status":"closed","template":"","meta":{"_acf_changed":false,"footnotes":""},"class_list":["post-1990","page","type-page","status-publish","hentry"],"acf":[],"_links":{"self":[{"href":"https:\/\/aua-edu.com\/it\/wp-json\/wp\/v2\/pages\/1990","targetHints":{"allow":["GET"]}}],"collection":[{"href":"https:\/\/aua-edu.com\/it\/wp-json\/wp\/v2\/pages"}],"about":[{"href":"https:\/\/aua-edu.com\/it\/wp-json\/wp\/v2\/types\/page"}],"author":[{"embeddable":true,"href":"https:\/\/aua-edu.com\/it\/wp-json\/wp\/v2\/users\/2"}],"replies":[{"embeddable":true,"href":"https:\/\/aua-edu.com\/it\/wp-json\/wp\/v2\/comments?post=1990"}],"version-history":[{"count":4,"href":"https:\/\/aua-edu.com\/it\/wp-json\/wp\/v2\/pages\/1990\/revisions"}],"predecessor-version":[{"id":2002,"href":"https:\/\/aua-edu.com\/it\/wp-json\/wp\/v2\/pages\/1990\/revisions\/2002"}],"wp:attachment":[{"href":"https:\/\/aua-edu.com\/it\/wp-json\/wp\/v2\/media?parent=1990"}],"curies":[{"name":"parola chiave","href":"https:\/\/api.w.org\/{rel}","templated":true}]}}