{"id":259,"date":"2025-07-08T21:17:42","date_gmt":"2025-07-08T21:17:42","guid":{"rendered":"https:\/\/aua-edu.com\/?page_id=259"},"modified":"2025-09-07T08:44:14","modified_gmt":"2025-09-07T08:44:14","slug":"college-of-science","status":"publish","type":"page","link":"https:\/\/aua-edu.com\/it\/facalties\/college-of-science\/","title":{"rendered":"Facolt\u00e0 di Scienze"},"content":{"rendered":"<p><img decoding=\"async\" class=\"wp-image-791 aligncenter\" src=\"https:\/\/aua-edu.com\/wp-content\/uploads\/2025\/07\/\u0643\u0645\u064a\u0627\u0621-300x169.gif\" alt=\"\" width=\"275\" height=\"155\" srcset=\"https:\/\/aua-edu.com\/wp-content\/uploads\/2025\/07\/\u0643\u0645\u064a\u0627\u0621-300x169.gif 300w, https:\/\/aua-edu.com\/wp-content\/uploads\/2025\/07\/\u0643\u0645\u064a\u0627\u0621-1024x576.gif 1024w, https:\/\/aua-edu.com\/wp-content\/uploads\/2025\/07\/\u0643\u0645\u064a\u0627\u0621-768x432.gif 768w, https:\/\/aua-edu.com\/wp-content\/uploads\/2025\/07\/\u0643\u0645\u064a\u0627\u0621-18x10.gif 18w\" sizes=\"(max-width: 275px) 100vw, 275px\" \/><\/p>\n<div class=\"co8aDb\" role=\"heading\" aria-level=\"3\"><span style=\"color: #ff0000; font-size: 14pt; font-family: arial, helvetica, sans-serif;\"><b>La Facolt\u00e0 di Scienze dell&#039;Universit\u00e0 Africana per la Scienza e la Ricerca Scientifica \u00e8 composta dai seguenti dipartimenti accademici:<\/b><\/span><\/div>\n<div class=\"RqBzHd\">\n<h3><span style=\"font-family: arial, helvetica, sans-serif; font-size: 14pt; color: #000000;\"><strong>Dipartimento di Matematica e Informatica:<\/strong><\/span><\/h3>\n<h3><span style=\"font-family: arial, helvetica, sans-serif; font-size: 14pt; color: #000000;\"><strong>Dipartimento di Fisica<\/strong><\/span><\/h3>\n<h3><span style=\"font-family: arial, helvetica, sans-serif; font-size: 14pt; color: #000000;\"><strong>Dipartimento di Chimica<\/strong><\/span><\/h3>\n<h3><span style=\"font-family: arial, helvetica, sans-serif; font-size: 14pt; color: #000000;\"><strong>Dipartimento di Botanica e Microbiologia<\/strong><\/span><\/h3>\n<h3><span style=\"font-family: arial, helvetica, sans-serif; font-size: 14pt; color: #000000;\"><strong>Dipartimento di Zoologia<\/strong><\/span><\/h3>\n<h3><span style=\"font-family: arial, helvetica, sans-serif; font-size: 14pt; color: #000000;\"><strong>Dipartimento di Geologia<\/strong><\/span><\/h3>\n<h3><span style=\"font-family: arial, helvetica, sans-serif; font-size: 14pt; color: #000000;\"><strong>Dipartimento di Biochimica<\/strong><\/span><\/h3>\n<h3><span style=\"font-family: arial, helvetica, sans-serif; font-size: 14pt; color: #000000;\"><strong>Dipartimento di Scienze Ambientali<\/strong><\/span><\/h3>\n<\/div>\n<h3><span style=\"font-family: arial, helvetica, sans-serif; color: #0000ff; font-size: 14pt;\"><strong>Visione:<\/strong><\/span><br \/>\n<span style=\"font-family: arial, helvetica, sans-serif; font-size: 14pt; color: #000000;\"><strong>Essere un&#039;universit\u00e0 leader nei campi delle scienze di base e applicate, interagendo positivamente con tutti i settori della societ\u00e0.<\/strong><\/span><\/h3>\n<h3><span style=\"font-family: arial, helvetica, sans-serif; font-size: 14pt; color: #0000ff;\"><strong>Il messaggio:<\/strong><\/span><br \/>\n<span style=\"font-family: arial, helvetica, sans-serif; font-size: 14pt; color: #000000;\"><strong>Preparare e qualificare laureati illustri in scienze di base e applicate con un elevato livello di competenza scientifica e pratica, impegnati nell&#039;etica professionale, capaci di competere e svolgere compiti con elevata qualit\u00e0 a livello locale e regionale e di fornire una ricerca scientifica distinta per risolvere i problemi scientifici, ambientali e di ricerca della societ\u00e0.<\/strong><\/span><\/h3>\n<h3><span style=\"font-size: 14pt; font-family: arial, helvetica, sans-serif;\"><strong><span class=\"BxUVEf ILfuVd\" lang=\"ar\"><span class=\"hgKElc\"><span style=\"color: #0000ff;\">Aree di lavoro per laureati:<\/span><\/span><\/span><\/strong><\/span><\/h3>\n<p><span style=\"font-size: 14pt; font-family: arial, helvetica, sans-serif; color: #000000;\"><strong><span class=\"BxUVEf ILfuVd\" lang=\"ar\"><span class=\"hgKElc\"><span class=\"ILfuVd\" lang=\"ar\"><b>Lavorare nell&#039;industria chimica <\/b><\/span><\/span><\/span><\/strong><strong><span class=\"BxUVEf ILfuVd\" lang=\"ar\"><span class=\"hgKElc\">Per il settore pubblico e privato come chimici e analisti\u00a0<\/span><\/span><\/strong><\/span><\/p>\n<p><span style=\"font-size: 14pt; font-family: arial, helvetica, sans-serif; color: #000000;\"><strong><span class=\"BxUVEf ILfuVd\" lang=\"ar\"><span class=\"hgKElc\"><span class=\"ILfuVd\" lang=\"ar\">Lavorare nell&#039;industria petrolifera<\/span><\/span><\/span><\/strong><\/span><\/p>\n<p><span style=\"font-size: 14pt; font-family: arial, helvetica, sans-serif; color: #000000;\"><strong><span class=\"BxUVEf ILfuVd\" lang=\"ar\"><span class=\"hgKElc\"><span class=\"ILfuVd\" lang=\"ar\">Lavorare nel settore alimentare<\/span><\/span><\/span><\/strong><\/span><\/p>\n<p><span style=\"font-size: 14pt; font-family: arial, helvetica, sans-serif; color: #000000;\"><strong><span class=\"BxUVEf ILfuVd\" lang=\"ar\"><span class=\"hgKElc\"><span class=\"ILfuVd\" lang=\"ar\">Lavorare nei laboratori medici<\/span><\/span><\/span><\/strong><\/span><\/p>\n<p><span style=\"font-size: 14pt; font-family: arial, helvetica, sans-serif; color: #000000;\"><strong><span class=\"BxUVEf ILfuVd\" lang=\"ar\"><span class=\"hgKElc\">Laboratori del Ministero della Salute e ospedali pubblici e privati in tutti i paesi<\/span><\/span><\/strong><\/span><\/p>\n<p><span style=\"font-size: 14pt; font-family: arial, helvetica, sans-serif; color: #000000;\"><strong><span class=\"BxUVEf ILfuVd\" lang=\"ar\"><span class=\"hgKElc\">fabbriche farmaceutiche e di medicinali <\/span><\/span><\/strong><\/span><\/p>\n<p><span style=\"font-size: 14pt; font-family: arial, helvetica, sans-serif; color: #000000;\"><strong><span class=\"BxUVEf ILfuVd\" lang=\"ar\"><span class=\"hgKElc\">M<\/span><\/span><\/strong><strong><span class=\"BxUVEf ILfuVd\" lang=\"ar\"><span class=\"hgKElc\">Laboratori di qualit\u00e0 e produzione presso il Ministero dell&#039;Industria e centri di ricerca <\/span><\/span><\/strong><\/span><\/p>\n<p><span style=\"font-size: 14pt; font-family: arial, helvetica, sans-serif; color: #000000;\"><strong><span class=\"BxUVEf ILfuVd\" lang=\"ar\"><span class=\"hgKElc\">Insegnamento nelle diverse fasi dell&#039;istruzione<\/span><\/span><\/strong><\/span><\/p>","protected":false},"excerpt":{"rendered":"<p>\u062a\u062a\u0643\u0648\u0646 \u0643\u0644\u064a\u0629 \u0627\u0644\u0639\u0644\u0648\u0645 \u0628\u0627\u0644\u062c\u0627\u0645\u0639\u0629 \u0627\u0644\u0623\u0641\u0631\u064a\u0642\u064a\u0629 \u0644\u0644\u0639\u0644\u0648\u0645 \u0648\u0627\u0644\u0628\u062d\u062b \u0627\u0644\u0639\u0644\u0645\u0649 \u0645\u0646 \u0627\u0644\u0623\u0642\u0633\u0627\u0645 \u0627\u0644\u0639\u0644\u0645\u064a\u0629 \u0627\u0644\u062a\u0627\u0644\u064a\u0629 : \u0642\u0633\u0645 \u0627\u0644\u0631\u064a\u0627\u0636\u064a\u0627\u062a \u0648\u0639\u0644\u0648\u0645 \u0627\u0644\u062d\u0627\u0633\u0628 \u0627\u0644\u0622\u0644\u064a : \u0642\u0633\u0645 \u0627\u0644\u0641\u064a\u0632\u064a\u0627\u0621 \u0642\u0633\u0645 \u0627\u0644\u0643\u064a\u0645\u064a\u0627\u0621 \u0642\u0633\u0645 \u0627\u0644\u0646\u0628\u0627\u062a \u0648\u0627\u0644\u0645\u064a\u0643\u0631\u0648\u0628\u064a\u0648\u0644\u0648\u062c\u064a\u0627 \u0642\u0633\u0645 \u0639\u0644\u0645 \u0627\u0644\u062d\u064a\u0648\u0627\u0646 \u0642\u0633\u0645 \u0627\u0644\u062c\u064a\u0648\u0644\u0648\u062c\u064a\u0627 \u0642\u0633\u0645 \u0627\u0644\u0643\u064a\u0645\u064a\u0627\u0621 \u0627\u0644\u062d\u064a\u0648\u064a\u0629 \u0642\u0633\u0645 \u0639\u0644\u0648\u0645 \u0627\u0644\u0628\u064a\u0626\u0629 \u0627\u0644\u0631\u0624\u064a\u0640\u0640\u0640\u0640\u0640\u0640\u0640\u0640\u0640\u0640\u0629 : \u0623\u0646 \u062a\u0643\u0648\u0646 \u0627\u0644\u0643\u0644\u064a\u0629 \u0627\u0644\u0631\u0627\u0626\u062f\u0629 \u0641\u0649 \u0645\u062c\u0627\u0644\u0627\u062a \u0627\u0644\u0639\u0644\u0648\u0645 \u0627\u0644\u0623\u0633\u0627\u0633\u064a\u0629 \u0648\u0627\u0644\u062a\u0637\u0628\u064a\u0642\u064a\u0629 \u0628\u0645\u0627 \u064a\u062a\u0641\u0627\u0639\u0644 \u0625\u064a\u062c\u0627\u0628\u064a\u0627\u064b \u0645\u0639 \u0642\u0637\u0627\u0639\u0627\u062a \u0627\u0644\u0645\u062c\u062a\u0645\u0639 . [&hellip;]<\/p>","protected":false},"author":1,"featured_media":0,"parent":70,"menu_order":0,"comment_status":"closed","ping_status":"closed","template":"","meta":{"_acf_changed":false,"footnotes":""},"class_list":["post-259","page","type-page","status-publish","hentry"],"acf":[],"_links":{"self":[{"href":"https:\/\/aua-edu.com\/it\/wp-json\/wp\/v2\/pages\/259","targetHints":{"allow":["GET"]}}],"collection":[{"href":"https:\/\/aua-edu.com\/it\/wp-json\/wp\/v2\/pages"}],"about":[{"href":"https:\/\/aua-edu.com\/it\/wp-json\/wp\/v2\/types\/page"}],"author":[{"embeddable":true,"href":"https:\/\/aua-edu.com\/it\/wp-json\/wp\/v2\/users\/1"}],"replies":[{"embeddable":true,"href":"https:\/\/aua-edu.com\/it\/wp-json\/wp\/v2\/comments?post=259"}],"version-history":[{"count":9,"href":"https:\/\/aua-edu.com\/it\/wp-json\/wp\/v2\/pages\/259\/revisions"}],"predecessor-version":[{"id":1950,"href":"https:\/\/aua-edu.com\/it\/wp-json\/wp\/v2\/pages\/259\/revisions\/1950"}],"up":[{"embeddable":true,"href":"https:\/\/aua-edu.com\/it\/wp-json\/wp\/v2\/pages\/70"}],"wp:attachment":[{"href":"https:\/\/aua-edu.com\/it\/wp-json\/wp\/v2\/media?parent=259"}],"curies":[{"name":"parola chiave","href":"https:\/\/api.w.org\/{rel}","templated":true}]}}