{"id":261,"date":"2025-07-08T21:19:20","date_gmt":"2025-07-08T21:19:20","guid":{"rendered":"https:\/\/aua-edu.com\/?page_id=261"},"modified":"2025-09-07T08:44:42","modified_gmt":"2025-09-07T08:44:42","slug":"%d9%83%d9%84%d9%8a%d8%a9-%d8%a7%d9%84%d8%aa%d8%b1%d8%a8%d9%8a%d8%a9","status":"publish","type":"page","link":"https:\/\/aua-edu.com\/it\/facalties\/%d9%83%d9%84%d9%8a%d8%a9-%d8%a7%d9%84%d8%aa%d8%b1%d8%a8%d9%8a%d8%a9\/","title":{"rendered":"Facolt\u00e0 di Scienze della Formazione"},"content":{"rendered":"<p><img decoding=\"async\" class=\"wp-image-795 aligncenter\" src=\"https:\/\/aua-edu.com\/wp-content\/uploads\/2025\/07\/1192741-300x259.jpg\" alt=\"\" width=\"235\" height=\"202\" srcset=\"https:\/\/aua-edu.com\/wp-content\/uploads\/2025\/07\/1192741-300x259.jpg 300w, https:\/\/aua-edu.com\/wp-content\/uploads\/2025\/07\/1192741-14x12.jpg 14w, https:\/\/aua-edu.com\/wp-content\/uploads\/2025\/07\/1192741.jpg 420w\" sizes=\"(max-width: 235px) 100vw, 235px\" \/><\/p>\n<div class=\"WaaZC\">\n<div class=\"RJPOee EIJn2\">\n<h3 class=\"rPeykc\" style=\"text-align: right;\" data-hveid=\"CBQQAQ\" data-ved=\"2ahUKEwiG7YuHz-COAxUngf0HHUP9GB0Qo_EKegQIFBAB\"><span style=\"font-family: arial, helvetica, sans-serif; color: #ff0000; font-size: 14pt;\"><strong>La Facolt\u00e0 di Scienze dell&#039;Educazione \u00e8 un istituto che si propone di preparare insegnanti e specialisti nel campo dell&#039;istruzione.<\/strong><\/span><\/h3>\n<h3 class=\"rPeykc\" style=\"text-align: right;\" data-hveid=\"CBQQAQ\" data-ved=\"2ahUKEwiG7YuHz-COAxUngf0HHUP9GB0Qo_EKegQIFBAB\"><span style=\"font-family: arial, helvetica, sans-serif; font-size: 14pt; color: #000000;\"><strong>L&#039;universit\u00e0 offre programmi di studio per vari livelli di istruzione, in conformit\u00e0 con la politica di istruzione superiore di ciascun Paese.<\/strong><\/span><\/h3>\n<h3 class=\"rPeykc\" style=\"text-align: right;\" data-hveid=\"CBQQAQ\" data-ved=\"2ahUKEwiG7YuHz-COAxUngf0HHUP9GB0Qo_EKegQIFBAB\"><span style=\"font-family: arial, helvetica, sans-serif; font-size: 14pt; color: #000000;\"><strong>Si propone di sviluppare le competenze degli studenti nell&#039;insegnamento e nella ricerca educativa.<\/strong><\/span><\/h3>\n<\/div>\n<\/div>\n<div class=\"RJPOee EIJn2\">\n<div class=\"rPeykc pyPiTc\" data-hveid=\"CAoQAQ\" data-ved=\"2ahUKEwiG7YuHz-COAxUngf0HHUP9GB0Qo_EKegQIChAB\"><span style=\"font-family: arial, helvetica, sans-serif; color: #0000ff; font-size: 14pt;\"><strong>Obiettivi della Facolt\u00e0 di Scienze della Formazione:<\/strong><\/span><\/div>\n<\/div>\n<div class=\"RJPOee EIJn2\">\n<ul data-hveid=\"CCUQAQ\" data-ved=\"2ahUKEwiG7YuHz-COAxUngf0HHUP9GB0Qm_YKegQIJRAB\">\n<li><span style=\"font-family: arial, helvetica, sans-serif; font-size: 14pt; color: #000000;\"><strong>Preparare insegnanti qualificati accademicamente e professionalmente in varie specializzazioni a livello internazionale<\/strong><\/span><\/li>\n<li><span style=\"font-family: arial, helvetica, sans-serif; font-size: 14pt; color: #000000;\"><strong>Fornire programmi di formazione avanzati che rispondano alle esigenze del mercato del lavoro di ogni Paese.<\/strong><\/span><\/li>\n<li><span style=\"font-family: arial, helvetica, sans-serif; font-size: 14pt; color: #000000;\"><strong>Sostenere la ricerca scientifica e la produzione di conoscenza nel campo dell&#039;istruzione<\/strong><\/span><\/li>\n<li><span style=\"font-family: arial, helvetica, sans-serif; font-size: 14pt; color: #000000;\"><strong>Fornire un ambiente di apprendimento stimolante per studenti e docenti<\/strong><\/span><\/li>\n<li><span style=\"font-family: arial, helvetica, sans-serif; font-size: 14pt;\"><strong><span style=\"color: #000000;\">Servire la comunit\u00e0 attraverso lo sviluppo dell&#039;istruzione e della formazione\u00a0<\/span> \u00a0 \u00a0 \u00a0 \u00a0 \u00a0 \u00a0 \u00a0 \u00a0 \u00a0 \u00a0 \u00a0 \u00a0 \u00a0 \u00a0 \u00a0 \u00a0 \u00a0 \u00a0 \u00a0 \u00a0 \u00a0 \u00a0 \u00a0 \u00a0 \u00a0 \u00a0 \u00a0 \u00a0 \u00a0 \u00a0 \u00a0 \u00a0 \u00a0\u00a0<\/strong><\/span><\/li>\n<li><span style=\"font-family: arial, helvetica, sans-serif; color: #0000ff; font-size: 14pt;\"><strong>Dipartimenti della Facolt\u00e0 di Scienze della Formazione:<\/strong><\/span><\/li>\n<li><span style=\"font-family: arial, helvetica, sans-serif; font-size: 14pt; color: #000000;\"><strong><span role=\"heading\" aria-level=\"2\">I dipartimenti della Facolt\u00e0 di Scienze della Formazione variano a seconda delle universit\u00e0, ma la Facolt\u00e0 di Scienze della Formazione presso l&#039;Universit\u00e0 africana per la scienza e la ricerca scientifica comprende:<\/span><\/strong><\/span><\/li>\n<li>\n<div class=\"NPrrbc\" data-cid=\"ff407f1e-d938-498e-938e-da902a31a956\" data-uuids=\"12705580129818222260,12705580129818221338,12705580129818220416,12705580129818219494,12705580129818218572\">\n<div class=\"BMebGe btku5b fCrZyc LwdV0e FR7ZSc qVhvac OJeuxf\" tabindex=\"0\" role=\"button\" aria-label=\"Mostra link correlati\" data-hveid=\"CA4QAQ\" data-ved=\"2ahUKEwiG7YuHz-COAxUngf0HHUP9GB0Q3fYKegQIDhAB\">\n<div class=\"niO4u\">\n<div class=\"kHtcsd\" style=\"text-align: right;\">\n<div class=\"NPrrbc\" data-cid=\"1a001103-1021-45b0-a699-853691dc1165\" data-uuids=\"12705580129818221746\">\n<div class=\"BMebGe btku5b fCrZyc LwdV0e FR7ZSc qVhvac OJeuxf\" tabindex=\"0\" role=\"button\" aria-label=\"Mostra link correlati\" data-hveid=\"CAUQAQ\" data-ved=\"2ahUKEwiG7YuHz-COAxUngf0HHUP9GB0Q3fYKegQIBRAB\">\n<div class=\"niO4u\">\n<div class=\"kHtcsd\">\n<div class=\"NPrrbc\" data-cid=\"1a002b9b-1620-4a11-874c-e4d49e9c01e5\" data-uuids=\"12705580129818220824,12705580129818221489,12705580129818218980,12705580129818222154,12705580129818219645,12705580129818218723,12705580129818220310,12705580129818219388,12705580129818220975,12705580129818220053,12705580129818221640,12705580129818220718,12705580129818222305\">\n<div class=\"BMebGe btku5b fCrZyc LwdV0e FR7ZSc qVhvac OJeuxf\" tabindex=\"0\" role=\"button\" aria-label=\"Mostra link correlati\" data-hveid=\"CAIQAQ\" data-ved=\"2ahUKEwiG7YuHz-COAxUngf0HHUP9GB0Q3fYKegQIAhAB\">\n<div class=\"niO4u\">\n<div class=\"kHtcsd\"><span style=\"font-family: arial, helvetica, sans-serif; font-size: 14pt; color: #000000;\"><strong>Dipartimento di programmi di studio e metodi di insegnamento: si concentra sullo sviluppo di programmi di studio e metodi di insegnamento.<\/strong><\/span><\/div>\n<\/div>\n<\/div>\n<\/div>\n<\/div>\n<\/div>\n<\/div>\n<\/div>\n<\/div>\n<\/div>\n<\/div>\n<\/div>\n<\/li>\n<li><span style=\"font-family: arial, helvetica, sans-serif; font-size: 14pt; color: #000000;\"><strong>Dipartimento di Fondamenti Educativi: studia i fondamenti filosofici, sociali e psicologici dell&#039;educazione.<\/strong><\/span><\/li>\n<li><span style=\"font-family: arial, helvetica, sans-serif; font-size: 14pt; color: #000000;\"><strong>Dipartimento di Psicologia dell&#039;Educazione: studia gli aspetti psicologici dell&#039;apprendimento e dell&#039;insegnamento.<\/strong><\/span><\/li>\n<li><span style=\"font-family: arial, helvetica, sans-serif; font-size: 14pt; color: #000000;\"><strong>Dipartimento di tecnologia educativa: si concentra sull&#039;uso della tecnologia nell&#039;istruzione.<\/strong><\/span><\/li>\n<li><span style=\"font-family: arial, helvetica, sans-serif; font-size: 14pt; color: #000000;\"><strong>Dipartimento di educazione speciale: si occupa di studenti con bisogni speciali<\/strong><\/span><\/li>\n<li><span style=\"font-family: arial, helvetica, sans-serif; font-size: 14pt; color: #000000;\"><strong>Dipartimento della scuola materna: si concentra sull&#039;insegnamento ai bambini in et\u00e0 prescolare.<\/strong><\/span><\/li>\n<\/ul>\n<\/div>\n<div class=\"RJPOee EIJn2\">\n<div class=\"rPeykc pyPiTc\" data-hveid=\"CAkQAQ\" data-ved=\"2ahUKEwiG7YuHz-COAxUngf0HHUP9GB0Qo_EKegQICRAB\"><span style=\"font-family: arial, helvetica, sans-serif; color: #0000ff; font-size: 14pt;\"><strong>Ambiti di lavoro per i laureati della Facolt\u00e0 di Scienze della Formazione:<\/strong><\/span><\/div>\n<\/div>\n<div class=\"WaaZC\">\n<div class=\"RJPOee EIJn2\">\n<ul data-hveid=\"CDwQAQ\" data-ved=\"2ahUKEwiG7YuHz-COAxUngf0HHUP9GB0Qm_YKegQIPBAB\">\n<li class=\"K3KsMc\" style=\"text-align: right;\">\n<div data-crb-p=\"\">\n<div class=\"xFTqob\">\n<div class=\"Gur8Ad\"><span style=\"font-family: arial, helvetica, sans-serif; font-size: 14pt; color: #000000;\"><strong>Insegnamento nelle scuole\u00a0<\/strong><\/span><\/div>\n<\/div>\n<\/div>\n<\/li>\n<li class=\"K3KsMc\" style=\"text-align: right;\">\n<div data-crb-p=\"\">\n<div class=\"xFTqob\">\n<div class=\"Gur8Ad\"><span style=\"font-family: arial, helvetica, sans-serif; font-size: 14pt; color: #000000;\"><strong>Insegnamento nelle universit\u00e0<\/strong><\/span><\/div>\n<\/div>\n<\/div>\n<\/li>\n<li class=\"K3KsMc\" style=\"text-align: right;\">\n<div data-crb-p=\"\">\n<div class=\"xFTqob\">\n<div class=\"Gur8Ad\"><span style=\"font-family: arial, helvetica, sans-serif; font-size: 14pt; color: #000000;\"><strong>Formazione educativa<\/strong><\/span><\/div>\n<\/div>\n<\/div>\n<\/li>\n<li class=\"K3KsMc\" style=\"text-align: right;\">\n<div data-crb-p=\"\">\n<div class=\"xFTqob\">\n<div class=\"Gur8Ad\"><span style=\"font-family: arial, helvetica, sans-serif; font-size: 14pt; color: #000000;\"><strong>Ricerca educativa<\/strong><\/span><\/div>\n<\/div>\n<\/div>\n<\/li>\n<li class=\"K3KsMc\" style=\"text-align: right;\">\n<div data-crb-p=\"\">\n<div class=\"xFTqob\">\n<div class=\"Gur8Ad\"><span style=\"font-family: arial, helvetica, sans-serif; font-size: 14pt; color: #000000;\"><strong>Amministrazione educativa<\/strong><\/span><\/div>\n<\/div>\n<\/div>\n<\/li>\n<li class=\"K3KsMc\">\n<div class=\"zMgcWd dSKvsb\" data-il=\"\">\n<div data-crb-p=\"\">\n<div class=\"xFTqob\">\n<h3 class=\"Gur8Ad\" style=\"text-align: right;\"><span style=\"font-family: arial, helvetica, sans-serif; font-size: 14pt;\"><strong><span style=\"color: #0000ff;\">Altri campi:<\/span> <\/strong><\/span><\/h3>\n<h3 class=\"vM0jzc\" style=\"text-align: right;\"><span style=\"font-family: arial, helvetica, sans-serif; font-size: 14pt; color: #000000;\"><strong>I laureati possono lavorare in altri settori correlati all&#039;istruzione, come la consulenza didattica, la redazione di programmi di studio e lo sviluppo di programmi educativi.<\/strong><\/span><\/h3>\n<\/div>\n<\/div>\n<\/div>\n<\/li>\n<\/ul>\n<\/div>\n<\/div>","protected":false},"excerpt":{"rendered":"<p>\u0643\u0644\u064a\u0629 \u0627\u0644\u062a\u0631\u0628\u064a\u0629 \u0647\u064a \u0643\u0644\u064a\u0629 \u062a\u0647\u062f\u0641 \u0625\u0644\u0649 \u0625\u0639\u062f\u0627\u062f \u0627\u0644\u0645\u0639\u0644\u0645\u064a\u0646 \u0648\u0627\u0644\u0645\u062a\u062e\u0635\u0635\u064a\u0646 \u0641\u0649 \u0645\u062c\u0627\u0644 \u0627\u0644\u062a\u0631\u0628\u064a\u0629 \u0648\u0627\u0644\u062a\u0639\u0644\u064a\u0645 \u062a\u0642\u062f\u0645 \u0627\u0644\u0643\u0644\u064a\u0629 \u0628\u0631\u0627\u0645\u062c \u062f\u0631\u0627\u0633\u064a\u0629 \u0644\u0645\u062e\u062a\u0644\u0641 \u0627\u0644\u0645\u0631\u0627\u062d\u0644 \u0627\u0644\u062a\u0639\u0644\u064a\u0645\u064a\u0629 \u0648\u0637\u0628\u0642\u0627\u064b \u0644\u0633\u064a\u0627\u0633\u0629 \u0627\u0644\u062a\u0639\u0644\u064a\u0645 \u0627\u0644\u0639\u0627\u0644\u0649 \u0641\u0649 \u0643\u0644 \u062f\u0648\u0644\u0629 \u0648\u062a\u0639\u0645\u0644 \u0639\u0644\u0649 \u062a\u0637\u0648\u064a\u0631 \u0645\u0647\u0627\u0631\u0627\u062a \u0627\u0644\u0637\u0644\u0627\u0628 \u0641\u0649 \u0627\u0644\u062a\u062f\u0631\u064a\u0633 \u0648\u0627\u0644\u0628\u062d\u062b \u0627\u0644\u062a\u0631\u0628\u0648\u0649 \u0623\u0647\u062f\u0627\u0641 \u0643\u0644\u064a\u0629 \u0627\u0644\u062a\u0631\u0628\u064a\u0629 : \u0625\u0639\u062f\u0627\u062f \u0645\u0639\u0644\u0645\u064a\u0646 \u0645\u0624\u0647\u0644\u064a\u0646 \u0623\u0643\u0627\u062f\u064a\u0645\u064a\u0627\u064b \u0648\u0645\u0647\u0646\u064a\u0627\u064b \u0641\u0649 \u0645\u062e\u062a\u0644\u0641 \u0627\u0644\u062a\u062e\u0635\u0635\u0627\u062a \u0639\u0644\u0649 \u0627\u0644\u0645\u0633\u062a\u0648\u0649 \u0627\u0644\u062f\u0648\u0644\u0649 \u062a\u0642\u062f\u064a\u0645 \u0628\u0631\u0627\u0645\u062c \u062a\u0639\u0644\u064a\u0645\u064a\u0629 \u0645\u062a\u0637\u0648\u0631\u0629 [&hellip;]<\/p>","protected":false},"author":1,"featured_media":0,"parent":70,"menu_order":0,"comment_status":"closed","ping_status":"closed","template":"","meta":{"_acf_changed":false,"footnotes":""},"class_list":["post-261","page","type-page","status-publish","hentry"],"acf":[],"_links":{"self":[{"href":"https:\/\/aua-edu.com\/it\/wp-json\/wp\/v2\/pages\/261","targetHints":{"allow":["GET"]}}],"collection":[{"href":"https:\/\/aua-edu.com\/it\/wp-json\/wp\/v2\/pages"}],"about":[{"href":"https:\/\/aua-edu.com\/it\/wp-json\/wp\/v2\/types\/page"}],"author":[{"embeddable":true,"href":"https:\/\/aua-edu.com\/it\/wp-json\/wp\/v2\/users\/1"}],"replies":[{"embeddable":true,"href":"https:\/\/aua-edu.com\/it\/wp-json\/wp\/v2\/comments?post=261"}],"version-history":[{"count":5,"href":"https:\/\/aua-edu.com\/it\/wp-json\/wp\/v2\/pages\/261\/revisions"}],"predecessor-version":[{"id":1951,"href":"https:\/\/aua-edu.com\/it\/wp-json\/wp\/v2\/pages\/261\/revisions\/1951"}],"up":[{"embeddable":true,"href":"https:\/\/aua-edu.com\/it\/wp-json\/wp\/v2\/pages\/70"}],"wp:attachment":[{"href":"https:\/\/aua-edu.com\/it\/wp-json\/wp\/v2\/media?parent=261"}],"curies":[{"name":"parola chiave","href":"https:\/\/api.w.org\/{rel}","templated":true}]}}