{"id":752,"date":"2025-07-19T20:25:03","date_gmt":"2025-07-19T20:25:03","guid":{"rendered":"https:\/\/aua-edu.com\/?page_id=752"},"modified":"2025-09-15T13:27:28","modified_gmt":"2025-09-15T13:27:28","slug":"%d9%83%d9%84%d9%85%d8%a9-%d8%b1%d8%a6%d9%8a%d8%b3-%d8%a7%d9%84%d8%a7%d8%aa%d8%ad%d8%a7%d8%af","status":"publish","type":"page","link":"https:\/\/aua-edu.com\/it\/%d9%83%d9%84%d9%85%d8%a9-%d8%b1%d8%a6%d9%8a%d8%b3-%d8%a7%d9%84%d8%a7%d8%aa%d8%ad%d8%a7%d8%af\/","title":{"rendered":"Discorso del Presidente dell&#039;Unione"},"content":{"rendered":"<h1><img fetchpriority=\"high\" decoding=\"async\" class=\"alignnone size-medium wp-image-764 aligncenter\" src=\"https:\/\/aua-edu.com\/wp-content\/uploads\/2025\/07\/2222-253x300.jpg\" alt=\"\" width=\"253\" height=\"300\" srcset=\"https:\/\/aua-edu.com\/wp-content\/uploads\/2025\/07\/2222-253x300.jpg 253w, https:\/\/aua-edu.com\/wp-content\/uploads\/2025\/07\/2222-10x12.jpg 10w, https:\/\/aua-edu.com\/wp-content\/uploads\/2025\/07\/2222.jpg 330w\" sizes=\"(max-width: 253px) 100vw, 253px\" \/><\/h1>\n<h1 style=\"text-align: center;\"><span style=\"color: #ff0000; font-family: times new roman, times, serif; font-size: 18pt;\"><strong>Discorso del Presidente dell&#039;Associazione delle Universit\u00e0 Africane<\/strong><\/span><\/h1>\n<h4 style=\"text-align: right;\"><span style=\"color: #000000; font-size: 12pt;\"><strong><span style=\"font-family: arial black, sans-serif;\">Fin dalla sua fondazione nel 1997 e nel corso di 28 anni, l&#039;Universit\u00e0 africana per gli studi avanzati e la ricerca scientifica si \u00e8 impegnata a diventare una delle pi\u00f9 grandi universit\u00e0 internazionali che partecipa attivamente allo sviluppo nazionale completo in tutti i paesi e in tutti i campi.<\/span><\/strong><\/span><\/h4>\n<h4 style=\"text-align: right;\"><span style=\"color: #000000; font-size: 12pt;\"><strong><span style=\"font-family: arial black, sans-serif;\">Oltre al suo contributo efficace e positivo al progresso e allo sviluppo del processo educativo e alla definizione di un protocollo di cooperazione con l&#039;Universit\u00e0 Internazionale del Sudan, che ho avuto l&#039;onore di presiedere.<\/span><\/strong><\/span><\/h4>\n<h4 style=\"text-align: right;\"><span style=\"color: #000000; font-size: 12pt;\"><strong><span style=\"font-family: arial black, sans-serif;\">Grazie alla qualit\u00e0 dell&#039;istruzione a distanza offerta dall&#039;Universit\u00e0 africana per gli studi avanzati e la ricerca scientifica, in un ambiente democratico e non razzista che promuove la creativit\u00e0 e offre opportunit\u00e0 di competizione costruttiva, l&#039;universit\u00e0 attrae studenti e ricercatori da vari paesi arabi e stranieri.<\/span><\/strong><\/span><br \/>\n<span style=\"color: #000000; font-size: 12pt;\"><strong><span style=\"font-family: arial black, sans-serif;\">Alla luce dei cambiamenti politici, economici e sociali, nonch\u00e9 della rivoluzione tecnologica a cui stiamo assistendo in questi giorni, ci stiamo muovendo verso nuovi orizzonti per il futuro. <\/span><\/strong><\/span><br \/>\n<span style=\"color: #000000; font-size: 12pt;\"><strong><span style=\"font-family: arial black, sans-serif;\">I college dell&#039;universit\u00e0 mirano a tracciare il percorso dei propri laureati verso un futuro promettente per lo sviluppo dei paesi e il loro avanzamento verso un mondo illustre.<\/span><\/strong><\/span><br \/>\n<span style=\"color: #000000; font-size: 12pt;\"><strong><span style=\"font-family: arial black, sans-serif;\">Grazie a tali cambiamenti, tutte le facolt\u00e0 universitarie, cos\u00ec come i laureati magistrali e i dottorandi di tutto il mondo, contribuiscono allo sviluppo delle loro societ\u00e0 in tutti gli ambiti della vita. <\/span><\/strong><\/span><br \/>\n<span style=\"color: #000000; font-size: 12pt;\"><strong><span style=\"font-family: arial black, sans-serif;\">L&#039;Universit\u00e0 africana e i suoi rappresentanti in tutti i paesi si sforzano di seguire questo approccio nel mezzo di questa atmosfera competitiva globale per creare un ambiente fertile e incoraggiante in cui studenti e ricercatori possano laurearsi in quadri illustri che competono con molti laureati di altre universit\u00e0 nel mercato del lavoro. <\/span><\/strong><\/span><\/h4>\n<h4 style=\"text-align: right;\"><span style=\"color: #000000; font-size: 12pt;\"><strong><span style=\"font-family: arial black, sans-serif;\">Essere quadri qualificati e competenti che partecipino allo sviluppo del loro Paese.<\/span><\/strong><\/span><br \/>\n<span style=\"color: #000000; font-size: 12pt;\"><strong><span style=\"font-family: arial black, sans-serif;\">Per raggiungere questo obiettivo, l&#039;universit\u00e0 sta attualmente compiendo rapidi passi avanti verso la modernizzazione e lo sviluppo delle sue infrastrutture, dei programmi accademici e di ricerca e dei metodi amministrativi avanzati per promuovere l&#039;apprendimento a distanza come un sistema integrato che comprende docenti altamente qualificati e un eccellente apparato amministrativo, tutti impegnati a plasmare il futuro come un faro di conoscenza e una fonte di creativit\u00e0. <\/span><\/strong><\/span><\/h4>\n<h4 style=\"text-align: right;\"><span style=\"color: #000000; font-size: 12pt;\"><strong><span style=\"font-family: arial black, sans-serif;\">Ci\u00f2 \u00e8 in linea con gli standard internazionali in materia di qualit\u00e0 e accreditamento dell&#039;istruzione.<\/span><\/strong><\/span><br \/>\n<span style=\"color: #000000; font-size: 12pt;\"><strong><span style=\"font-family: arial black, sans-serif;\">In qualit\u00e0 di presidente dell&#039;Associazione delle universit\u00e0 africane, sono orgoglioso di ci\u00f2 che questa prestigiosa universit\u00e0 ha realizzato nei campi dell&#039;istruzione a distanza, della ricerca scientifica e dell&#039;amministrazione.<\/span><\/strong><\/span><br \/>\n<span style=\"color: #000000; font-size: 12pt;\"><strong><span style=\"font-family: arial black, sans-serif;\">Ringrazio anche tutte le ambasciate dei paesi che autenticano i certificati di laurea, cos\u00ec come i ministeri degli esteri dei paesi che le conferiscono legittimit\u00e0, rispondendo alle richieste di sviluppo dell&#039;istruzione a distanza per raggiungere la sua missione e realizzare il suo obiettivo di universit\u00e0 distinta.<\/span><\/strong><\/span><br \/>\n<span style=\"color: #000000; font-size: 12pt;\"><strong><span style=\"font-family: arial black, sans-serif;\">Li ringrazio anche per aver lanciato il pi\u00f9 grande sito web universitario al mondo e la piattaforma per promuovere l&#039;apprendimento a distanza.<\/span><\/strong><\/span><\/h4>\n<h2 style=\"text-align: center;\"><span style=\"color: #0000ff; font-size: 12pt;\"><strong><span style=\"font-family: arial black, sans-serif;\">Professore Dott.<\/span><\/strong><\/span><br \/>\n<span style=\"color: #0000ff; font-size: 12pt;\"><strong><span style=\"font-family: arial black, sans-serif;\">Bakri Osman Saeed<\/span><\/strong><\/span><br \/>\n<span style=\"color: #0000ff; font-size: 12pt;\"><strong><span style=\"font-family: arial black, sans-serif;\">Presidente dell&#039;Associazione delle Universit\u00e0 Africane<\/span><\/strong><\/span><\/h2>","protected":false},"excerpt":{"rendered":"<p>\u0643\u0644\u0645\u0629 \u0631\u0626\u064a\u0633 \u0625\u062a\u062d\u0627\u062f \u0627\u0644\u062c\u0627\u0645\u0639\u0627\u062a \u0627\u0644\u0623\u0641\u0631\u064a\u0642\u064a\u0629 \u062a\u0633\u0639\u0649 \u0627\u0644\u062c\u0627\u0645\u0639\u0629 \u0627\u0644\u0623\u0641\u0631\u064a\u0642\u064a\u0629 \u0644\u0644\u062f\u0631\u0627\u0633\u0627\u062a \u0627\u0644\u0645\u062a\u0637\u0648\u0631\u0629 \u0648\u0627\u0644\u0628\u062d\u062b \u0627\u0644\u0639\u0644\u0645\u064a \u0645\u0646\u0630 \u062a\u0623\u0633\u064a\u0633\u0647\u0627 \u0639\u0627\u0645 1997\u0648\u0639\u0644\u0649 \u0645\u062f\u0649 28 \u0639\u0627\u0645\u0627 \u0644\u062a\u0635\u0628\u062d \u0648\u0627\u062d\u062f\u0629 \u0645\u0646 \u0623\u0643\u0628\u0631 \u0627\u0644\u062c\u0627\u0645\u0639\u0627\u062a \u0627\u0644\u0639\u0627\u0644\u0645\u064a\u0629 \u0627\u0644\u062a\u0649 \u062a\u0634\u0627\u0631\u0643 \u0628\u0641\u0627\u0639\u0644\u064a\u0629 \u0641\u064a \u0627\u0644\u062a\u0646\u0645\u064a\u0629 \u0627\u0644\u0642\u0648\u0645\u064a\u0629 \u0627\u0644\u0634\u0627\u0645\u0644\u0629 \u0641\u0649 \u062c\u0645\u064a\u0639 \u0627\u0644\u062f\u0648\u0644 \u0648\u0641\u0649 \u0643\u0627\u0641\u0629 \u0627\u0644\u0645\u062c\u0627\u0644\u0627\u062a . \u0625\u0644\u0649 \u062c\u0627\u0646\u0628 \u0625\u0633\u0647\u0627\u0645\u0647\u0627 \u0628\u0634\u0643\u0644 \u0641\u0639\u0627\u0644 \u0648\u0625\u064a\u062c\u0627\u0628\u0649 \u0641\u0649 \u062f\u0641\u0639 \u0648\u062a\u0637\u0648\u064a\u0631 \u0627\u0644\u0639\u0645\u0644\u064a\u0629 \u0627\u0644\u062a\u0639\u0644\u064a\u0645\u064a\u0629 \u0648\u0639\u0645\u0644 \u0628\u0631\u0648\u062a\u0648\u0643\u0648\u0644 \u062a\u0639\u0627\u0648\u0646 \u0645\u0639 \u062c\u0627\u0645\u0639\u0629 [&hellip;]<\/p>","protected":false},"author":2,"featured_media":0,"parent":0,"menu_order":0,"comment_status":"closed","ping_status":"closed","template":"","meta":{"_acf_changed":false,"footnotes":""},"class_list":["post-752","page","type-page","status-publish","hentry"],"acf":[],"_links":{"self":[{"href":"https:\/\/aua-edu.com\/it\/wp-json\/wp\/v2\/pages\/752","targetHints":{"allow":["GET"]}}],"collection":[{"href":"https:\/\/aua-edu.com\/it\/wp-json\/wp\/v2\/pages"}],"about":[{"href":"https:\/\/aua-edu.com\/it\/wp-json\/wp\/v2\/types\/page"}],"author":[{"embeddable":true,"href":"https:\/\/aua-edu.com\/it\/wp-json\/wp\/v2\/users\/2"}],"replies":[{"embeddable":true,"href":"https:\/\/aua-edu.com\/it\/wp-json\/wp\/v2\/comments?post=752"}],"version-history":[{"count":9,"href":"https:\/\/aua-edu.com\/it\/wp-json\/wp\/v2\/pages\/752\/revisions"}],"predecessor-version":[{"id":762,"href":"https:\/\/aua-edu.com\/it\/wp-json\/wp\/v2\/pages\/752\/revisions\/762"}],"wp:attachment":[{"href":"https:\/\/aua-edu.com\/it\/wp-json\/wp\/v2\/media?parent=752"}],"curies":[{"name":"parola chiave","href":"https:\/\/api.w.org\/{rel}","templated":true}]}}