{"id":76,"date":"2025-06-29T16:55:38","date_gmt":"2025-06-29T16:55:38","guid":{"rendered":"https:\/\/aua-edu.testawy.com\/?page_id=76"},"modified":"2025-08-18T22:30:55","modified_gmt":"2025-08-18T22:30:55","slug":"terms-of-use","status":"publish","type":"page","link":"https:\/\/aua-edu.com\/it\/terms-of-use\/","title":{"rendered":"termini di utilizzo"},"content":{"rendered":"<div data-elementor-type=\"wp-page\" data-elementor-id=\"76\" class=\"elementor elementor-76\" data-elementor-post-type=\"page\">\n\t\t\t\t<div class=\"elementor-element elementor-element-63581cbb e-flex e-con-boxed e-con e-parent\" data-id=\"63581cbb\" data-element_type=\"container\">\n\t\t\t\t\t<div class=\"e-con-inner\">\n\t\t\t\t<div class=\"elementor-element elementor-element-f293dd9 elementor-widget elementor-widget-text-editor\" data-id=\"f293dd9\" data-element_type=\"widget\" data-widget_type=\"text-editor.default\">\n\t\t\t\t<div class=\"elementor-widget-container\">\n\t\t\t\t\t\t\t\t\t<div class=\"WaaZC\"><div class=\"RJPOee EIJn2\"><div data-hveid=\"CAYQAQ\" data-ved=\"2ahUKEwie7Jjlp-eOAxVFhv0HHa1LKr8Qo_EKegQIBhAB\"><img fetchpriority=\"high\" decoding=\"async\" class=\"size-medium wp-image-938 aligncenter\" src=\"https:\/\/aua-edu.com\/wp-content\/uploads\/2025\/07\/5-887tt1716224035-300x300.jpg\" alt=\"\" width=\"300\" height=\"300\" srcset=\"https:\/\/aua-edu.com\/wp-content\/uploads\/2025\/07\/5-887tt1716224035-300x300.jpg 300w, https:\/\/aua-edu.com\/wp-content\/uploads\/2025\/07\/5-887tt1716224035-150x150.jpg 150w, https:\/\/aua-edu.com\/wp-content\/uploads\/2025\/07\/5-887tt1716224035-768x768.jpg 768w, https:\/\/aua-edu.com\/wp-content\/uploads\/2025\/07\/5-887tt1716224035-12x12.jpg 12w, https:\/\/aua-edu.com\/wp-content\/uploads\/2025\/07\/5-887tt1716224035.jpg 800w\" sizes=\"(max-width: 300px) 100vw, 300px\" \/><\/div><div class=\"rPeykc\" style=\"text-align: right;\" data-hveid=\"CAYQAQ\" data-ved=\"2ahUKEwie7Jjlp-eOAxVFhv0HHa1LKr8Qo_EKegQIBhAB\"><span style=\"font-family: arial black, sans-serif; font-size: 14pt;\"><strong><span style=\"color: #000000;\">I termini d&#039;uso dell&#039;universit\u00e0 solitamente includono una serie di regole e regolamenti che studenti, docenti e personale devono rispettare. <\/span><\/strong><\/span><\/div><div class=\"rPeykc\" style=\"text-align: right;\" data-hveid=\"CAYQAQ\" data-ved=\"2ahUKEwie7Jjlp-eOAxVFhv0HHa1LKr8Qo_EKegQIBhAB\"><span style=\"font-family: arial black, sans-serif; font-size: 14pt;\"><strong><span style=\"color: #000000;\">Questi termini mirano a mantenere un ambiente di apprendimento organizzato e sicuro, garantendo i diritti e le responsabilit\u00e0 di tutti. <\/span><\/strong><\/span><\/div><div class=\"rPeykc\" style=\"text-align: right;\" data-hveid=\"CAYQAQ\" data-ved=\"2ahUKEwie7Jjlp-eOAxVFhv0HHa1LKr8Qo_EKegQIBhAB\"><p><span style=\"font-family: arial black, sans-serif; font-size: 14pt;\"><strong><span style=\"color: #000000;\">Le condizioni possono variare da un&#039;universit\u00e0 all&#039;altra, ma quelle della nostra stimata universit\u00e0 includono quanto segue:<\/span><\/strong><\/span><\/p><\/div><\/div><\/div><div class=\"WaaZC\" style=\"text-align: right;\"><div class=\"RJPOee EIJn2\"><div class=\"rPeykc pyPiTc\" data-hveid=\"CAcQAQ\" data-ved=\"2ahUKEwie7Jjlp-eOAxVFhv0HHa1LKr8Qo_EKegQIBxAB\"><p><span style=\"font-family: arial black, sans-serif; font-size: 14pt; color: #ff0000;\"><strong>Primo: Condizioni generali:<\/strong><\/span><\/p><\/div><\/div><\/div><div class=\"WaaZC\" style=\"text-align: right;\"><div class=\"RJPOee EIJn2\"><ul data-hveid=\"CBcQAQ\" data-ved=\"2ahUKEwie7Jjlp-eOAxVFhv0HHa1LKr8Qm_YKegQIFxAB\"><li class=\"K3KsMc\"><div class=\"zMgcWd dSKvsb\" data-il=\"\"><div data-crb-p=\"\"><div class=\"xFTqob\"><div class=\"Gur8Ad\"><span style=\"font-family: arial black, sans-serif; font-size: 14pt; color: #008000;\"><strong>Conformit\u00e0 alle leggi e ai regolamenti: <\/strong><\/span><\/div><div class=\"vM0jzc\"><span style=\"font-family: arial black, sans-serif; font-size: 14pt;\"><strong><span style=\"color: #000000;\" data-huuid=\"13745137348447657660\">Tutti i membri della comunit\u00e0 dell&#039;Universit\u00e0 africana per la scienza e la ricerca scientifica (AUSSR) devono rispettare le leggi e i regolamenti locali e nazionali, nonch\u00e9 i regolamenti interni dell&#039;universit\u00e0. <\/span><\/strong><\/span><\/div><\/div><\/div><\/div><\/li><li class=\"K3KsMc\"><div class=\"zMgcWd dSKvsb\" data-il=\"\"><div data-crb-p=\"\"><div class=\"xFTqob\"><div class=\"Gur8Ad\"><span style=\"font-family: arial black, sans-serif; font-size: 14pt; color: #008000;\"><strong>Comportamento corretto: <\/strong><\/span><\/div><div class=\"vM0jzc\"><span style=\"font-family: arial black, sans-serif; font-size: 14pt;\"><strong><span style=\"color: #000000;\" data-huuid=\"13745137348447656161\">Ci si aspetta che tutti si comportino in modo rispettoso e cortese in ogni momento, sia dentro che fuori dal campus, o con i rappresentanti dell&#039;universit\u00e0, gli ex studenti o i ricercatori di tutti i paesi. <\/span><\/strong><\/span><\/div><\/div><\/div><\/div><\/li><li class=\"K3KsMc\"><div class=\"zMgcWd dSKvsb\" data-il=\"\"><div data-crb-p=\"\"><div class=\"xFTqob\"><div class=\"Gur8Ad\"><span style=\"font-family: arial black, sans-serif; font-size: 14pt; color: #008000;\"><strong>Rispetta gli altri: <\/strong><\/span><\/div><div class=\"vM0jzc\"><span style=\"font-family: arial black, sans-serif; font-size: 14pt;\"><strong><span style=\"color: #000000;\" data-huuid=\"13745137348447654662\">Tutti i membri della comunit\u00e0 universitaria, studenti di tutti i paesi, laureati e ricercatori devono essere rispettati, indipendentemente dal loro genere, razza, religione o qualsiasi altra differenza. <\/span><\/strong><\/span><\/div><\/div><\/div><\/div><\/li><li class=\"K3KsMc\"><div class=\"zMgcWd dSKvsb\" data-il=\"\"><div data-crb-p=\"\"><div class=\"xFTqob\"><div class=\"Gur8Ad\"><span style=\"font-family: arial black, sans-serif; font-size: 14pt; color: #008000;\"><strong>Onest\u00e0 e integrit\u00e0: <\/strong><\/span><\/div><div class=\"vM0jzc\"><span style=\"font-family: arial black, sans-serif; font-size: 14pt;\"><strong><span style=\"color: #000000;\" data-huuid=\"13745137348447657259\">Tutti devono agire con onest\u00e0 e integrit\u00e0 in tutte le attivit\u00e0 accademiche e professionali. <\/span><\/strong><\/span><\/div><\/div><\/div><\/div><\/li><li class=\"K3KsMc\"><div class=\"zMgcWd dSKvsb\" data-il=\"\"><div data-crb-p=\"\"><div class=\"xFTqob\"><div class=\"Gur8Ad\"><span style=\"font-family: arial black, sans-serif; font-size: 14pt; color: #008000;\"><strong>Partecipazione attiva: <\/strong><\/span><\/div><div class=\"vM0jzc\"><p><span style=\"font-family: arial black, sans-serif; font-size: 14pt;\"><strong><span style=\"color: #000000;\" data-huuid=\"13745137348447655760\">Incoraggiamo la partecipazione attiva a tutte le varie attivit\u00e0 universitarie, siano esse accademiche, culturali o sportive.<\/span><\/strong><\/span><\/p><div class=\"NPrrbc\" data-cid=\"6f0f24f9-2203-4de0-a217-7e6c3a10cbc9\" data-uuids=\"13745137348447655429,13745137348447657660,13745137348447653930,13745137348447656161,13745137348447656527,13745137348447654662,13745137348447655028,13745137348447657259,13745137348447657625,13745137348447655760\"><div class=\"BMebGe btku5b fCrZyc LwdV0e FR7ZSc qVhvac OJeuxf\" tabindex=\"0\" role=\"button\" aria-label=\"Mostra link correlati\" data-hveid=\"CAkQAQ\" data-ved=\"2ahUKEwie7Jjlp-eOAxVFhv0HHa1LKr8Q3fYKegQICRAB\">\u00a0<\/div><\/div><\/div><\/div><\/div><\/div><\/li><\/ul><\/div><\/div><div class=\"WaaZC\" style=\"text-align: right;\"><div class=\"RJPOee EIJn2\"><div class=\"rPeykc pyPiTc\" data-hveid=\"CBwQAQ\" data-ved=\"2ahUKEwie7Jjlp-eOAxVFhv0HHa1LKr8Qo_EKegQIHBAB\"><span style=\"font-family: arial black, sans-serif; font-size: 14pt; color: #ff0000;\"><strong>Secondo: Condizioni speciali:<\/strong><\/span><\/div><div data-hveid=\"CBwQAQ\" data-ved=\"2ahUKEwie7Jjlp-eOAxVFhv0HHa1LKr8Qo_EKegQIHBAB\">\u00a0<\/div><\/div><\/div><div class=\"WaaZC\" style=\"text-align: right;\"><div class=\"RJPOee EIJn2\"><ul data-hveid=\"CDMQAQ\" data-ved=\"2ahUKEwie7Jjlp-eOAxVFhv0HHa1LKr8Qm_YKegQIMxAB\"><li class=\"K3KsMc\"><div class=\"zMgcWd dSKvsb\" data-il=\"\"><div data-crb-p=\"\"><div class=\"xFTqob\"><div class=\"Gur8Ad\"><span style=\"font-family: arial black, sans-serif; font-size: 14pt; color: #008000;\"><strong>Requisiti di ammissione: <\/strong><\/span><\/div><div class=\"vM0jzc\"><span style=\"font-family: arial black, sans-serif; font-size: 14pt;\"><strong><span style=\"color: #000000;\" data-huuid=\"7613790171434869501\">I requisiti di ammissione variano da un&#039;universit\u00e0 all&#039;altra e possono includere un diploma di scuola superiore, punteggi di test standardizzati, certificati di competenza linguistica e lettere di raccomandazione. Tuttavia, per incoraggiare l&#039;istruzione e la conoscenza, la nostra universit\u00e0 ha deciso di aprire lo studio a chiunque lo desideri e abbiamo aperto tutti i college a corsi accademici, scientifici e professionali a distanza. <\/span><\/strong><\/span><\/div><\/div><\/div><\/div><\/li><li class=\"K3KsMc\"><div class=\"zMgcWd dSKvsb\" data-il=\"\"><div data-crb-p=\"\"><div class=\"xFTqob\"><div class=\"Gur8Ad\"><span style=\"font-family: arial black, sans-serif; font-size: 14pt; color: #008000;\"><strong>Condizioni di registrazione: <\/strong><\/span><\/div><div class=\"vM0jzc\"><span style=\"font-family: arial black, sans-serif; font-size: 14pt;\"><strong><span style=\"color: #000000;\" data-huuid=\"7613790171434869478\">Alcune universit\u00e0 potrebbero richiedere il superamento di test attitudinali o l&#039;invio di documenti aggiuntivi come il passaporto o il certificato di nascita. Tuttavia, la nostra stimata universit\u00e0 invia questi documenti semplicemente tramite WhatsApp o tramite i nostri rappresentanti internazionali, che si trovano in cima al sito web dell&#039;universit\u00e0. In alternativa, cliccate su questo link per verificare con i rappresentanti dell&#039;universit\u00e0.<\/span><\/strong><\/span><\/div><div style=\"text-align: center;\"><a href=\"https:\/\/aua-edu.com\/it\/faculty-professor\/\"><span style=\"font-size: 14pt; color: #0000ff;\"><strong>https:\/\/aua-edu.com\/faculty-professor\/<\/strong><\/span><\/a><\/div><div>\u00a0<\/div><\/div><\/div><\/div><\/li><li class=\"K3KsMc\"><div class=\"zMgcWd dSKvsb\" data-il=\"\"><div data-crb-p=\"\"><div class=\"xFTqob\"><div class=\"Gur8Ad\"><span style=\"font-family: arial black, sans-serif; font-size: 14pt; color: #008000;\"><strong>Condizioni di presenza e assenza: <\/strong><\/span><\/div><div class=\"vM0jzc\"><span style=\"font-family: arial black, sans-serif; font-size: 14pt;\"><strong><span style=\"color: #000000;\" data-huuid=\"7613790171434869455\">Le universit\u00e0 possono stabilire norme in materia di presenze e assenze, e l&#039;assenza ripetuta da lezioni o corsi pu\u00f2 comportare conseguenze accademiche. Tuttavia, la nostra universit\u00e0 desidera dialogare con gli studenti via Internet, utilizzando applicazioni e piattaforme dedicate.\u00a0<\/span><\/strong><\/span><\/div><div class=\"vM0jzc\"><span style=\"font-family: arial black, sans-serif; font-size: 14pt;\"><strong><span style=\"color: #000000;\" data-huuid=\"7613790171434869455\"><span data-huuid=\"569369583461439689\">Queste discussioni consentono ai partecipanti di interagire tra loro e di scambiarsi informazioni visive e audio tramite computer, tablet o smartphone... e tramite schermi didattici interattivi a distanza, come mezzo efficace e moderno per migliorare il processo educativo e incoraggiare la partecipazione e l&#039;interazione. <em>In<\/em> Aule...risparmio di tempo e fatica.<\/span><\/span><\/strong><\/span><\/div><div>\u00a0<\/div><div>\u00a0<\/div><\/div><\/div><\/div><\/li><\/ul><\/div><\/div><div class=\"WaaZC\" style=\"text-align: right;\"><div class=\"RJPOee EIJn2\">\u00a0<\/div><\/div><div class=\"WaaZC\" style=\"text-align: right;\"><div class=\"RJPOee EIJn2\">\u00a0<\/div><\/div><div class=\"WaaZC\" style=\"text-align: right;\"><div class=\"RJPOee EIJn2\">\u00a0<\/div><\/div><div class=\"WaaZC\">\u00a0<\/div>\t\t\t\t\t\t\t\t<\/div>\n\t\t\t\t<\/div>\n\t\t\t\t\t<\/div>\n\t\t\t\t<\/div>\n\t\t<div class=\"elementor-element elementor-element-2ed358c e-flex e-con-boxed e-con e-parent\" data-id=\"2ed358c\" data-element_type=\"container\">\n\t\t\t\t\t<div class=\"e-con-inner\">\n\t\t\t\t\t<\/div>\n\t\t\t\t<\/div>\n\t\t\t\t<\/div>","protected":false},"excerpt":{"rendered":"<p>\u062a\u062a\u0636\u0645\u0646 \u0634\u0631\u0648\u0637 \u0627\u0644\u0627\u0633\u062a\u062e\u062f\u0627\u0645 \u0641\u0649 \u0627\u0644\u062c\u0627\u0645\u0639\u0627\u062a \u0639\u0627\u062f\u0629\u064b \u0645\u062c\u0645\u0648\u0639\u0629 \u0645\u0646 \u0627\u0644\u0642\u0648\u0627\u0639\u062f \u0648\u0627\u0644\u0644\u0648\u0627\u0626\u062d \u0627\u0644\u062a\u0649 \u064a\u062c\u0628 \u0639\u0644\u0649 \u0627\u0644\u0637\u0644\u0627\u0628 \u0648\u0623\u0639\u0636\u0627\u0621 \u0647\u064a\u0626\u0629 \u0627\u0644\u062a\u062f\u0631\u064a\u0633 \u0648\u0627\u0644\u0645\u0648\u0638\u0641\u064a\u0646 \u0627\u0644\u0625\u0644\u062a\u0632\u0627\u0645 \u0628\u0647\u0627 . \u0647\u0630\u0647 \u0627\u0644\u0634\u0631\u0648\u0637 \u062a\u0647\u062f\u0641 \u0625\u0644\u0649 \u0627\u0644\u062d\u0641\u0627\u0638 \u0639\u0644\u0649 \u0628\u064a\u0626\u0629 \u062a\u0639\u0644\u064a\u0645\u064a\u0629 \u0645\u0646\u0638\u0645\u0629 \u0648\u0622\u0645\u0646\u0629\u060c \u0644\u0636\u0645\u0627\u0646 \u062d\u0642\u0648\u0642 \u0648\u0648\u0627\u062c\u0628\u0627\u062a \u0627\u0644\u062c\u0645\u064a\u0639 . \u0642\u062f \u062a\u062e\u062a\u0644\u0641 \u0627\u0644\u0634\u0631\u0648\u0637 \u0645\u0646 \u062c\u0627\u0645\u0639\u0629 \u0625\u0644\u0649 \u0623\u062e\u0631\u0649\u060c \u0648\u0644\u0643\u0646\u0647\u0627 \u0634\u0631\u0648\u0637 \u062c\u0627\u0645\u0639\u062a\u0646\u0627 \u0627\u0644\u0645\u0648\u0642\u0631\u0629 \u062a\u0634\u0645\u0644 \u0645\u0627 \u064a\u0644\u0649 : \u0623\u0648\u0644\u0627\u064b : \u0634\u0631\u0648\u0637 \u0639\u0627\u0645\u0629 [&hellip;]<\/p>","protected":false},"author":1,"featured_media":0,"parent":0,"menu_order":0,"comment_status":"closed","ping_status":"closed","template":"","meta":{"_acf_changed":false,"footnotes":""},"class_list":["post-76","page","type-page","status-publish","hentry"],"acf":[],"_links":{"self":[{"href":"https:\/\/aua-edu.com\/it\/wp-json\/wp\/v2\/pages\/76","targetHints":{"allow":["GET"]}}],"collection":[{"href":"https:\/\/aua-edu.com\/it\/wp-json\/wp\/v2\/pages"}],"about":[{"href":"https:\/\/aua-edu.com\/it\/wp-json\/wp\/v2\/types\/page"}],"author":[{"embeddable":true,"href":"https:\/\/aua-edu.com\/it\/wp-json\/wp\/v2\/users\/1"}],"replies":[{"embeddable":true,"href":"https:\/\/aua-edu.com\/it\/wp-json\/wp\/v2\/comments?post=76"}],"version-history":[{"count":22,"href":"https:\/\/aua-edu.com\/it\/wp-json\/wp\/v2\/pages\/76\/revisions"}],"predecessor-version":[{"id":1406,"href":"https:\/\/aua-edu.com\/it\/wp-json\/wp\/v2\/pages\/76\/revisions\/1406"}],"wp:attachment":[{"href":"https:\/\/aua-edu.com\/it\/wp-json\/wp\/v2\/media?parent=76"}],"curies":[{"name":"parola chiave","href":"https:\/\/api.w.org\/{rel}","templated":true}]}}