{"id":823,"date":"2025-07-30T05:39:31","date_gmt":"2025-07-30T05:39:31","guid":{"rendered":"https:\/\/aua-edu.com\/?page_id=823"},"modified":"2026-02-19T23:16:12","modified_gmt":"2026-02-19T23:16:12","slug":"faculty-professor","status":"publish","type":"page","link":"https:\/\/aua-edu.com\/nl\/faculty-professor\/","title":{"rendered":"Onze agenten in de landen"},"content":{"rendered":"<div data-elementor-type=\"wp-page\" data-elementor-id=\"823\" class=\"elementor elementor-823\" data-elementor-post-type=\"page\">\n\t\t\t\t<div class=\"elementor-element elementor-element-259c4ff e-flex e-con-boxed e-con e-parent\" data-id=\"259c4ff\" data-element_type=\"container\">\n\t\t\t\t\t<div class=\"e-con-inner\">\n\t\t\t\t<div class=\"elementor-element elementor-element-ab192c2 elementor-widget elementor-widget-heading\" data-id=\"ab192c2\" data-element_type=\"widget\" data-widget_type=\"heading.default\">\n\t\t\t\t<div class=\"elementor-widget-container\">\n\t\t\t\t\t<h2 class=\"elementor-heading-title elementor-size-default\">Onze agenten in de landen<\/h2>\t\t\t\t<\/div>\n\t\t\t\t<\/div>\n\t\t\t\t\t<\/div>\n\t\t\t\t<\/div>\n\t\t<div class=\"elementor-element elementor-element-ac85967 e-flex e-con-boxed e-con e-parent\" data-id=\"ac85967\" data-element_type=\"container\">\n\t\t\t\t\t<div class=\"e-con-inner\">\n\t\t\t\t<div class=\"elementor-element elementor-element-a4da217 elementor-widget elementor-widget-text-editor\" data-id=\"a4da217\" data-element_type=\"widget\" data-widget_type=\"text-editor.default\">\n\t\t\t\t<div class=\"elementor-widget-container\">\n\t\t\t\t\t\t\t\t\t<h6><img decoding=\"async\" class=\"wp-image-2178 aligncenter\" src=\"https:\/\/aua-edu.com\/wp-content\/uploads\/2025\/09\/\u0644\u0645\u0627\u0630\u0627-\u062a\u062d\u062a\u0627\u062c-\u0634\u0631\u0643\u0627\u062a-\u0627\u0644\u062a\u0633\u0648\u064a\u0642-\u0641\u064a-\u062c\u062f\u0629\u061f-300x200.webp\" alt=\"\" width=\"256\" height=\"171\" srcset=\"https:\/\/aua-edu.com\/wp-content\/uploads\/2025\/09\/\u0644\u0645\u0627\u0630\u0627-\u062a\u062d\u062a\u0627\u062c-\u0634\u0631\u0643\u0627\u062a-\u0627\u0644\u062a\u0633\u0648\u064a\u0642-\u0641\u064a-\u062c\u062f\u0629\u061f-300x200.webp 300w, https:\/\/aua-edu.com\/wp-content\/uploads\/2025\/09\/\u0644\u0645\u0627\u0630\u0627-\u062a\u062d\u062a\u0627\u062c-\u0634\u0631\u0643\u0627\u062a-\u0627\u0644\u062a\u0633\u0648\u064a\u0642-\u0641\u064a-\u062c\u062f\u0629\u061f-1024x683.webp 1024w, https:\/\/aua-edu.com\/wp-content\/uploads\/2025\/09\/\u0644\u0645\u0627\u0630\u0627-\u062a\u062d\u062a\u0627\u062c-\u0634\u0631\u0643\u0627\u062a-\u0627\u0644\u062a\u0633\u0648\u064a\u0642-\u0641\u064a-\u062c\u062f\u0629\u061f-768x512.webp 768w, https:\/\/aua-edu.com\/wp-content\/uploads\/2025\/09\/\u0644\u0645\u0627\u0630\u0627-\u062a\u062d\u062a\u0627\u062c-\u0634\u0631\u0643\u0627\u062a-\u0627\u0644\u062a\u0633\u0648\u064a\u0642-\u0641\u064a-\u062c\u062f\u0629\u061f-18x12.webp 18w, https:\/\/aua-edu.com\/wp-content\/uploads\/2025\/09\/\u0644\u0645\u0627\u0630\u0627-\u062a\u062d\u062a\u0627\u062c-\u0634\u0631\u0643\u0627\u062a-\u0627\u0644\u062a\u0633\u0648\u064a\u0642-\u0641\u064a-\u062c\u062f\u0629\u061f.webp 1200w\" sizes=\"(max-width: 256px) 100vw, 256px\" \/><\/h6><h6>\u00a0<\/h6><h6 style=\"text-align: center;\"><strong><span style=\"font-size: 12pt; color: #ff0000; font-family: arial black, sans-serif;\">Neem via WhatsApp contact met ons op via dit nummer om het telefoonnummer van de agent in uw land te vinden, of om u te abonneren of een vraag te stellen:<\/span><\/strong><\/h6><p style=\"text-align: center;\"><span style=\"font-size: 18pt; color: #0000ff;\"><strong><span style=\"font-family: arial black, sans-serif;\">447446966880+<\/span><\/strong><\/span><\/p><h6><span style=\"font-family: arial black, sans-serif; font-size: 12pt;\"><strong><span style=\"color: #000000;\">De marketingagenten van onze universiteit zijn ons gezicht en onze ambassadeurs over de hele wereld.<\/span><\/strong><\/span><br \/><span style=\"font-family: arial black, sans-serif; font-size: 12pt;\"><strong><span style=\"color: #000000;\">Zij presenteren op getrouwe wijze het imago van de universiteit en de voortdurende ontwikkeling ervan. Ook spannen zij zich in om de voordelen van haar hoofdvakken, programma&#039;s en academische mogelijkheden te verduidelijken.<\/span><\/strong><\/span><br \/><span style=\"font-family: arial black, sans-serif; font-size: 12pt;\"><strong><span style=\"color: #000000;\">Dankzij hun ervaring vormen ze een brug tussen de universiteit, studenten en ouders. Zo helpen ze hen de juiste beslissing te nemen voor de toekomst van hun kinderen en het behalen van een bachelordiploma.<\/span><\/strong><\/span><br \/><span style=\"font-family: arial black, sans-serif; font-size: 12pt;\"><strong><span style=\"color: #000000;\">Ze promoten niet de universiteit, maar openen juist de deuren van hoop voor een veelbelovende toekomst, gebouwd op kwalitatief hoogstaand onderwijs en wederzijds vertrouwen.<\/span><\/strong><\/span><\/h6><h6><span style=\"font-family: arial black, sans-serif; font-size: 12pt;\"><strong><span style=\"color: #000000;\"><span style=\"color: #000000;\">zij\u00a0<\/span>Een echte brug tussen de universiteit en studenten overal ter wereld, die op een eenvoudige en duidelijke manier toegang geeft tot informatie.<\/span><\/strong><\/span><\/h6><h4><strong><span style=\"color: #ff0000; font-size: 12pt; font-family: arial black, sans-serif;\">Lijst van officieel gemachtigde agenten:<\/span><\/strong><\/h4><h5><strong><span style=\"color: #ff0000; font-family: arial black, sans-serif; font-size: 12pt;\">Onze agent in Afrikaanse landen:<\/span><\/strong><\/h5><h5><strong><span style=\"font-family: arial black, sans-serif; font-size: 12pt;\"><span style=\"color: #0000ff;\">Professor \/ Hussein Idris<\/span><\/span><\/strong><\/h5><div data-crb-p=\"\"><div class=\"xFTqob\"><div class=\"Gur8Ad\"><strong><span style=\"color: #000000; font-size: 12pt; font-family: arial black, sans-serif;\"><span style=\"color: #008000;\">West-Afrika:<\/span> <\/span><\/strong><\/div><div class=\"vM0jzc\"><p><strong><span style=\"color: #000000; font-size: 12pt; font-family: arial black, sans-serif;\">Nigeria, Ghana, Ivoorkust, Senegal, Mali, Niger, Burkina Faso, Benin, Togo, Gambia, Guinee, Guinee-Bissau, Liberia, Sierra Leone, Kaapverdi\u00eb<\/span><\/strong><\/p><\/div><\/div><\/div><div class=\"xFTqob\"><div class=\"Gur8Ad\"><strong><span style=\"color: #000000; font-size: 12pt; font-family: arial black, sans-serif;\"><span style=\"color: #008000;\">Centraal-Afrika:<\/span> <\/span><\/strong><\/div><div class=\"vM0jzc\"><p><strong><span style=\"color: #000000; font-size: 12pt; font-family: arial black, sans-serif;\">Democratische Republiek Congo, Kameroen, Tsjaad, Centraal-Afrikaanse Republiek, Gabon, Equatoriaal-Guinea, Congo, Sao Tom\u00e9 en Principe <\/span><\/strong><\/p><p><strong><span style=\"color: #000000; font-size: 12pt; font-family: arial black, sans-serif;\"><span style=\"color: #008000;\">Oost-Afrika:<\/span> <\/span><\/strong><\/p><\/div><\/div><div class=\"xFTqob\"><div class=\"vM0jzc\"><strong><span style=\"color: #000000; font-size: 12pt; font-family: arial black, sans-serif;\">Ethiopi\u00eb, Kenia, Tanzania, Oeganda, Rwanda, Burundi, Eritrea, Djibouti, Somali\u00eb, Zuid-Soedan<\/span><\/strong><\/div><div class=\"vM0jzc\"><strong><span style=\"color: #000000; font-size: 12pt; font-family: arial black, sans-serif;\"><span class=\"pjBG2e\" data-cid=\"be81ac5d-3e81-4055-bba0-8eb4ed9e6b9e\"><span class=\"UV3uM\">\u00a0<\/span><\/span><\/span><\/strong><\/div><\/div><div data-crb-p=\"\"><div class=\"xFTqob\"><strong><span style=\"color: #000000; font-size: 12pt; font-family: arial black, sans-serif;\"><span style=\"color: #008000;\">Zuid-Afrika:<\/span> <\/span><\/strong><\/div><\/div><div data-crb-p=\"\"><div class=\"xFTqob\"><strong><span style=\"color: #000000; font-size: 12pt; font-family: arial black, sans-serif;\">Zuid-Afrika, Angola, Zambia, Zimbabwe, Botswana, Namibi\u00eb, Mozambique, Malawi, Lesotho, Eswatini (Swaziland), Madagaskar, Mauritius, de Comoren<\/span><\/strong><\/div><\/div><h5>\u00a0<\/h5><h5><strong><span style=\"color: #ff0000; font-family: arial black, sans-serif; font-size: 12pt;\">Onze agent in Zuid- en Oost-Azi\u00eb:<\/span><\/strong><\/h5><h4><strong><span style=\"font-family: arial black, sans-serif; font-size: 12pt;\"><span style=\"color: #0000ff;\">Dokter Ji Hoon Song<\/span><\/span><\/strong><\/h4><h5><strong><span style=\"font-family: arial black, sans-serif; font-size: 12pt;\"><span style=\"color: #000000;\">India, Pakistan, Bangladesh, Nepal, Indonesi\u00eb, Vietnam, Thailand, de Filipijnen, Singapore en Maleisi\u00eb<\/span><\/span><\/strong><\/h5><h5>\u00a0<\/h5><h5><strong><span style=\"color: #ff0000; font-family: arial black, sans-serif; font-size: 12pt;\">Onze agent in Noord- en Zuid-Amerika:<\/span><\/strong><\/h5><h5><strong><span style=\"color: #0000ff; font-family: arial black, sans-serif; font-size: 12pt;\">Kapitein \/ Santiago Miguel Alejandro<\/span><\/strong><\/h5><div class=\"WaaZC\"><div class=\"RJPOee EIJn2\"><h5 class=\"rPeykc pyPiTc\" data-hveid=\"CAcQAQ\" data-ved=\"2ahUKEwiIrrvJleeOAxWyhP0HHSHuF8cQo_EKegQIBxAB\"><strong><span style=\"font-family: arial black, sans-serif; font-size: 12pt;\"><span style=\"color: #008000;\">Noord-Amerika:<\/span><\/span><\/strong><\/h5><\/div><\/div><div class=\"RJPOee EIJn2\"><p><strong><span style=\"font-size: 12pt; font-family: arial black, sans-serif;\"><span style=\"color: #000000;\" data-huuid=\"7869172851622037516\">Canada, <\/span><span style=\"color: #000000;\" data-huuid=\"7869172851622036270\">Verenigde Staten van Amerika, <\/span><span style=\"color: #000000;\" data-huuid=\"7869172851622039120\">Mexico <\/span><\/span><\/strong><\/p><p><strong><span style=\"font-family: arial black, sans-serif; font-size: 12pt;\"><span style=\"color: #000000;\"><span style=\"color: #008000;\">Midden-Amerikaanse landen:<\/span> <\/span><\/span><\/strong><\/p><p><strong><span style=\"font-size: 12pt; font-family: arial black, sans-serif;\"><span style=\"color: #000000;\">(Belize, Costa Rica, El Salvador, Guatemala, Honduras, Nicaragua, Panama) <\/span><\/span><\/strong><\/p><p><strong><span style=\"font-size: 12pt; font-family: arial black, sans-serif;\"><span style=\"color: #000000;\"><span style=\"color: #008000;\">Caribische landen:<\/span> <\/span><\/span><\/strong><\/p><p><strong><span style=\"font-size: 12pt; font-family: arial black, sans-serif;\"><span style=\"color: #000000;\">(Bahama&#039;s, Barbados, Cuba, Dominica, Dominicaanse Republiek, Grenada, Ha\u00efti, Jamaica, Saint Kitts en Nevis, Saint Lucia, Saint Vincent en de Grenadines, Trinidad en Tobago) <\/span><\/span><\/strong><\/p><\/div><div class=\"RJPOee EIJn2\"><div class=\"rPeykc pyPiTc\" data-hveid=\"CCMQAQ\" data-ved=\"2ahUKEwiIrrvJleeOAxWyhP0HHSHuF8cQo_EKegQIIxAB\"><strong><span style=\"font-size: 12pt; font-family: arial black, sans-serif; color: #008000;\">Zuid-Amerika:<\/span><\/strong><\/div><\/div><div class=\"RJPOee EIJn2\"><div class=\"rPeykc\" data-hveid=\"CB0QAQ\" data-ved=\"2ahUKEwiIrrvJleeOAxWyhP0HHSHuF8cQo_EKegQIHRAB\"><strong><span style=\"font-size: 12pt; font-family: arial black, sans-serif;\"><span style=\"color: #000000;\" data-huuid=\"2125258327534393925\">Argentini\u00eb, Bolivia, Brazili\u00eb, Chili, Colombia, Ecuador, Guyana, Paraguay, Peru, Suriname, Uruguay, Venezuela. <\/span><\/span><\/strong><\/div><\/div><h5>\u00a0<\/h5><h5><strong><span style=\"color: #ff0000; font-family: arial black, sans-serif; font-size: 12pt;\">Onze agent in het Midden-Oosten en de Arabische landen:<\/span><\/strong><\/h5><h2><strong><span style=\"font-family: arial black, sans-serif; font-size: 12pt;\"><span style=\"color: #0000ff;\">Mahmoud Adel<\/span><\/span><\/strong><\/h2><h5><strong><span style=\"color: #000000; font-size: 12pt; font-family: arial black, sans-serif;\"><span class=\"NA6bn BxUVEf UiGGAb ILfuVd\" lang=\"ar\"><span class=\"hgKElc\"><span style=\"color: #008000;\">Arabisch Schiereiland:<\/span><\/span><\/span><\/span><\/strong><\/h5><h5><strong><span style=\"color: #000000; font-size: 12pt; font-family: arial black, sans-serif;\"><span class=\"NA6bn BxUVEf UiGGAb ILfuVd\" lang=\"ar\"><span class=\"hgKElc\">Egypte, Verenigde Arabische Emiraten, Bahrein, Koeweit, Saoedi-Arabi\u00eb, Jemen, Qatar, Oman, Jordani\u00eb, Syri\u00eb, Libanon, Palestina, Irak, Soedan, Libi\u00eb, Tunesi\u00eb, Algerije, Marokko, Mauritani\u00eb<\/span><\/span><\/span><\/strong><\/h5><h5>\u00a0<\/h5><h5><strong><span style=\"color: #ff0000; font-family: arial black, sans-serif; font-size: 12pt;\">Onze agent in de Europese Unie:<\/span><\/strong><\/h5><h5><strong><span style=\"font-size: 12pt; font-family: arial black, sans-serif;\"><span style=\"color: #0000ff;\">De aanvraag voor de nominatie is in behandeling.<\/span><\/span><\/strong><\/h5><h5><strong><span style=\"font-size: 12pt; font-family: arial black, sans-serif;\"><span style=\"color: #000000;\" data-huuid=\"15696346050247683371\">Oostenrijk, Belgi\u00eb, Bulgarije, Kroati\u00eb, Cyprus, Tsjechi\u00eb, Denemarken, Estland, Finland, Frankrijk, Duitsland, Griekenland, Hongarije, Ierland, Itali\u00eb, Letland, Litouwen, Luxemburg, Malta, Nederland, Polen, Portugal, Roemeni\u00eb, Slowakije, Sloveni\u00eb, Spanje en Zweden<\/span><\/span><\/strong><\/h5><h5><strong><span style=\"color: #0000ff; font-size: 12pt; font-family: arial black, sans-serif;\">Onze agenten in enkele Arabische landen:<\/span><\/strong><\/h5><h5><strong><span style=\"color: #ff0000; font-family: arial black, sans-serif; font-size: 12pt;\">Koeweit:<\/span><\/strong><\/h5><h5><strong><span style=\"color: #000000; font-family: arial black, sans-serif; font-size: 12pt;\">Sarah Mashal Abdul Latif<\/span><\/strong><\/h5><h5><strong><span style=\"color: #ff0000; font-family: arial black, sans-serif; font-size: 12pt;\">Saoedi-Arabi\u00eb:<\/span><\/strong><\/h5><h5><strong><span style=\"color: #000000; font-family: arial black, sans-serif; font-size: 12pt;\">Fahd Abdulaziz Yazan<\/span><\/strong><\/h5><h5><strong><span style=\"color: #ff0000; font-family: arial black, sans-serif; font-size: 12pt;\">De VAE:<\/span><\/strong><\/h5><h5><strong><span style=\"color: #000000; font-family: arial black, sans-serif; font-size: 12pt;\">Het zwaard van God, Kenan, kreeg de voorkeur<\/span><\/strong><\/h5><h5><strong><span style=\"color: #ff0000; font-family: arial black, sans-serif; font-size: 12pt;\">Qatar :<\/span><\/strong><\/h5><h5><strong><span style=\"color: #000000; font-family: arial black, sans-serif; font-size: 12pt;\">Khalifa Abdulrahman Sultan<\/span><\/strong><\/h5><h5>\u00a0<\/h5><h5>\u00a0<\/h5>\t\t\t\t\t\t\t\t<\/div>\n\t\t\t\t<\/div>\n\t\t\t\t\t<\/div>\n\t\t\t\t<\/div>\n\t\t\t\t<\/div>","protected":false},"excerpt":{"rendered":"<p>\u0648\u0643\u0644\u0627\u0624\u0646\u0627 \u0628\u0627\u0644\u062f\u0648\u0644 \u00a0 \u062a\u0648\u0627\u0635\u0644 \u0648\u0627\u062a\u0633 \u0623\u0628 \u0639\u0644\u0649 \u0647\u0630\u0627 \u0627\u0644\u0631\u0642\u0645 \u0644\u062a\u0639\u0631\u0641 \u0631\u0642\u0645 \u0627\u0644\u0648\u0643\u064a\u0644 \u0628\u062f\u0648\u0644\u062a\u0643 \u0623\u0648 \u0627\u0644\u0625\u0634\u062a\u0631\u0627\u0643 \u0623\u0648 \u0627\u0644\u0625\u0633\u062a\u0641\u0633\u0627\u0631 : 447446966880+ \u0648\u0643\u0644\u0627\u0621 \u0627\u0644\u062a\u0633\u0648\u064a\u0642 \u0641\u064a \u062c\u0627\u0645\u0639\u062a\u0646\u0627 \u0647\u0645 \u0648\u0627\u062c\u0647\u062a\u0646\u0627 \u0627\u0644\u0645\u0634\u0631\u0642\u0629 \u0648\u0633\u0641\u0631\u0627\u0624\u0646\u0627 \u0641\u064a \u0643\u0644 \u0645\u0643\u0627\u0646 \u0641\u0649 \u0627\u0644\u0639\u0627\u0644\u0645 .\u064a\u0642\u0648\u0645\u0648\u0646 \u0628\u0639\u0631\u0636 \u0635\u0648\u0631\u0629 \u0627\u0644\u062c\u0627\u0645\u0639\u0629 \u0648\u0627\u0644\u062a\u0637\u0648\u064a\u0631 \u0627\u0644\u0645\u0633\u062a\u0645\u0631 \u0641\u064a\u0647\u0627 \u0628\u0623\u0645\u0627\u0646\u0629 \u060c \u0648\u064a\u0639\u0645\u0644\u0648\u0646 \u0639\u0644\u0649 \u062a\u0648\u0636\u064a\u062d \u0645\u0645\u064a\u0632\u0627\u062a \u0627\u0644\u062a\u062e\u0635\u0635\u0627\u062a \u0648\u0627\u0644\u0628\u0631\u0627\u0645\u062c \u0648\u0627\u0644\u0643\u0644\u064a\u0627\u062a \u0627\u0644\u0623\u0643\u0627\u062f\u064a\u0645\u064a\u0629 .\u0628\u0641\u0636\u0644 \u062e\u0628\u0631\u062a\u0647\u0645 \u060c \u064a\u0635\u0628\u062d\u0648\u0646 \u062c\u0633\u0631\u0627\u064b \u0644\u0644\u062a\u0648\u0627\u0635\u0644 [&hellip;]<\/p>","protected":false},"author":2,"featured_media":0,"parent":0,"menu_order":0,"comment_status":"closed","ping_status":"closed","template":"","meta":{"_acf_changed":false,"footnotes":""},"class_list":["post-823","page","type-page","status-publish","hentry"],"acf":[],"_links":{"self":[{"href":"https:\/\/aua-edu.com\/nl\/wp-json\/wp\/v2\/pages\/823","targetHints":{"allow":["GET"]}}],"collection":[{"href":"https:\/\/aua-edu.com\/nl\/wp-json\/wp\/v2\/pages"}],"about":[{"href":"https:\/\/aua-edu.com\/nl\/wp-json\/wp\/v2\/types\/page"}],"author":[{"embeddable":true,"href":"https:\/\/aua-edu.com\/nl\/wp-json\/wp\/v2\/users\/2"}],"replies":[{"embeddable":true,"href":"https:\/\/aua-edu.com\/nl\/wp-json\/wp\/v2\/comments?post=823"}],"version-history":[{"count":107,"href":"https:\/\/aua-edu.com\/nl\/wp-json\/wp\/v2\/pages\/823\/revisions"}],"predecessor-version":[{"id":2292,"href":"https:\/\/aua-edu.com\/nl\/wp-json\/wp\/v2\/pages\/823\/revisions\/2292"}],"wp:attachment":[{"href":"https:\/\/aua-edu.com\/nl\/wp-json\/wp\/v2\/media?parent=823"}],"curies":[{"name":"wp","href":"https:\/\/api.w.org\/{rel}","templated":true}]}}